{"id":190,"date":"2024-02-22T12:51:44","date_gmt":"2024-02-22T11:51:44","guid":{"rendered":"https:\/\/clearwaterconsult.com\/?page_id=190"},"modified":"2025-06-27T15:54:45","modified_gmt":"2025-06-27T13:54:45","slug":"dlaczego-my","status":"publish","type":"page","link":"https:\/\/clearwaterconsult.com\/pl\/dlaczego-my\/","title":{"rendered":"Dlaczego my?"},"content":{"rendered":"<p>[et_pb_section fb_built=&#8221;1&#8243; custom_padding_last_edited=&#8221;on|phone&#8221; admin_label=&#8221;section&#8221; _builder_version=&#8221;4.24.3&#8243; _module_preset=&#8221;default&#8221; background_enable_image=&#8221;off&#8221; background_video_mp4=&#8221;https:\/\/clearwaterconsult.com\/wp-content\/uploads\/2024\/04\/clear22.mp4&#8243; z_index=&#8221;100&#8243; custom_margin=&#8221;0px||0px||false|false&#8221; custom_padding=&#8221;103px||103px||false|false&#8221; custom_padding_tablet=&#8221;115px||115px||false|false&#8221; custom_padding_phone=&#8221;90px||90px||false|false&#8221; custom_css_before=&#8221;content:%22%22;||    display: block;||    position: absolute;||    top: 0;||    left: 0;||    width: 100%;||    height: 100%;||   background-image: linear-gradient(rgb(4,4,6, 0.3), rgb(4,4,6, 0.9));||    z-index: 9;&#8221; global_module=&#8221;140&#8243; saved_tabs=&#8221;all&#8221; global_colors_info=&#8221;{}&#8221;][et_pb_row admin_label=&#8221;row&#8221; _builder_version=&#8221;4.24.2&#8243; background_size=&#8221;initial&#8221; background_position=&#8221;top_left&#8221; background_repeat=&#8221;repeat&#8221; z_index=&#8221;500&#8243; global_colors_info=&#8221;{}&#8221;][et_pb_column type=&#8221;4_4&#8243; _builder_version=&#8221;4.16&#8243; custom_padding=&#8221;|||&#8221; global_colors_info=&#8221;{}&#8221; custom_padding__hover=&#8221;|||&#8221;][et_pb_text _builder_version=&#8221;4.27.4&#8243; _dynamic_attributes=&#8221;content&#8221; _module_preset=&#8221;default&#8221; header_font=&#8221;||||||||&#8221; header_text_color=&#8221;#FFFFFF&#8221; header_font_size=&#8221;35px&#8221; header_line_height=&#8221;1.4em&#8221; header_2_font=&#8221;Big Shoulders Display|700|||||||&#8221; header_2_text_align=&#8221;left&#8221; header_2_text_color=&#8221;#323232&#8243; header_2_font_size=&#8221;44px&#8221; header_2_line_height=&#8221;1.2em&#8221; custom_margin=&#8221;0px||0px||false|false&#8221; custom_margin_tablet=&#8221;0px||40px||false|false&#8221; custom_margin_phone=&#8221;0px||3px||false|false&#8221; custom_margin_last_edited=&#8221;on|tablet&#8221; custom_padding=&#8221;0px||10px||false|false&#8221; header_2_text_align_tablet=&#8221;center&#8221; header_2_text_align_phone=&#8221;center&#8221; header_2_text_align_last_edited=&#8221;off|desktop&#8221; header_2_font_size_tablet=&#8221;44px&#8221; header_2_font_size_phone=&#8221;30px&#8221; header_2_font_size_last_edited=&#8221;on|desktop&#8221; custom_css_after=&#8221;    content: &#8221;;||    width: 100px;||    background-image: linear-gradient(to right,#C5A34D,#C5A34D);||    height: 3px;||    position: absolute;||    left: 0;||    bottom: 0px;&#8221; global_colors_info=&#8221;{}&#8221; custom_css_after_last_edited=&#8221;on|tablet&#8221; custom_css_after_tablet=&#8221;    content: &#8221;;||    width: 100px;||    background-image: linear-gradient(to right,#0051bb,#006efd);||    height: 3px;||    position: absolute;||    left: 50%;||    transform: translate(-50%, 0);||    bottom: 0px;&#8221; custom_css_after_phone=&#8221;    content: &#8221;;||    width: 100px;||    background-image: linear-gradient(to right,#0051bb,#006efd);||    height: 3px;||    position: absolute;||    left: 50%;||    transform: translate(-50%, 0);||    bottom: 0px;&#8221;]@ET-DC@eyJkeW5hbWljIjp0cnVlLCJjb250ZW50IjoicG9zdF90aXRsZSIsInNldHRpbmdzIjp7ImJlZm9yZSI6IjxoMT4iLCJhZnRlciI6IjwvaDE+In19@[\/et_pb_text][\/et_pb_column][\/et_pb_row][\/et_pb_section][et_pb_section fb_built=&#8221;1&#8243; custom_padding_last_edited=&#8221;on|tablet&#8221; _builder_version=&#8221;4.23.4&#8243; _module_preset=&#8221;default&#8221; custom_margin=&#8221;0px||0px||false|false&#8221; custom_padding=&#8221;100px||89px||false|false&#8221; custom_padding_tablet=&#8221;100px||100px||false|false&#8221; custom_padding_phone=&#8221;90px||90px||false|false&#8221; global_colors_info=&#8221;{}&#8221;][et_pb_row use_custom_gutter=&#8221;on&#8221; gutter_width=&#8221;1&#8243; _builder_version=&#8221;4.23.4&#8243; _module_preset=&#8221;default&#8221; width=&#8221;90%&#8221; custom_margin=&#8221;0px||40px||false|false&#8221; custom_margin_tablet=&#8221;0px||65px||false|false&#8221; custom_margin_phone=&#8221;0px||65px||false|false&#8221; custom_margin_last_edited=&#8221;on|tablet&#8221; custom_padding=&#8221;0px||0px||false|false&#8221; global_colors_info=&#8221;{}&#8221;][et_pb_column type=&#8221;4_4&#8243; _builder_version=&#8221;4.23.4&#8243; _module_preset=&#8221;default&#8221; global_colors_info=&#8221;{}&#8221;][et_pb_text _builder_version=&#8221;4.27.4&#8243; _module_preset=&#8221;default&#8221; header_4_font=&#8221;&#8211;et_global_heading_font|600||on|||||&#8221; header_4_text_align=&#8221;left&#8221; header_4_text_color=&#8221;#c5a34d&#8221; header_4_font_size=&#8221;14px&#8221; header_4_letter_spacing=&#8221;2px&#8221; header_4_line_height=&#8221;1.2em&#8221; custom_margin=&#8221;0px||0px||false|false&#8221; custom_padding=&#8221;0px||0px||false|false&#8221; header_4_text_align_tablet=&#8221;center&#8221; header_4_text_align_phone=&#8221;center&#8221; header_4_text_align_last_edited=&#8221;on|tablet&#8221; global_colors_info=&#8221;{}&#8221;]<\/p>\n<h4>Clearwater Consulting<\/h4>\n<p>[\/et_pb_text][et_pb_text _builder_version=&#8221;4.27.4&#8243; _module_preset=&#8221;default&#8221; header_2_font=&#8221;&#8211;et_global_heading_font|700||on|||||&#8221; header_2_text_align=&#8221;left&#8221; header_2_text_color=&#8221;#323232&#8243; header_2_font_size=&#8221;37px&#8221; header_2_line_height=&#8221;1.2em&#8221; custom_margin=&#8221;0px||0px||false|false&#8221; custom_margin_tablet=&#8221;0px||40px||false|false&#8221; custom_margin_phone=&#8221;0px||40px||false|false&#8221; custom_margin_last_edited=&#8221;on|tablet&#8221; custom_padding=&#8221;0px||10px||false|false&#8221; header_2_text_align_tablet=&#8221;center&#8221; header_2_text_align_phone=&#8221;center&#8221; header_2_text_align_last_edited=&#8221;on|tablet&#8221; header_2_font_size_tablet=&#8221;44px&#8221; header_2_font_size_phone=&#8221;24px&#8221; header_2_font_size_last_edited=&#8221;on|phone&#8221; custom_css_after=&#8221;    content: &#8221;;||    width: 100px;||    background-image: linear-gradient(to right,#C5A34D,#C5A34D);||    height: 3px;||    position: absolute;||    left: 0;||    bottom: 0px;&#8221; global_colors_info=&#8221;{}&#8221; custom_css_after_last_edited=&#8221;on|tablet&#8221; custom_css_after_tablet=&#8221;    content: &#8221;;||    width: 100px;||    background-image: linear-gradient(to right,#0051bb,#006efd);||    height: 3px;||    position: absolute;||    left: 50%;||    transform: translate(-50%, 0);||    bottom: 0px;&#8221; custom_css_after_phone=&#8221;    content: &#8221;;||    width: 100px;||    background-image: linear-gradient(to right,#0051bb,#006efd);||    height: 3px;||    position: absolute;||    left: 50%;||    transform: translate(-50%, 0);||    bottom: 0px;&#8221;]<\/p>\n<h2>Postaw na do\u015bwiadczony zesp\u00f3\u0142 specjalist\u00f3w<\/h2>\n<p>[\/et_pb_text][\/et_pb_column][\/et_pb_row][et_pb_row use_custom_gutter=&#8221;on&#8221; make_equal=&#8221;on&#8221; _builder_version=&#8221;4.24.2&#8243; _module_preset=&#8221;default&#8221; width=&#8221;90%&#8221; max_width_tablet=&#8221;370px&#8221; max_width_phone=&#8221;370px&#8221; max_width_last_edited=&#8221;on|tablet&#8221; custom_margin=&#8221;0px||30px||false|false&#8221; custom_padding=&#8221;0px||0px||false|false&#8221; global_colors_info=&#8221;{}&#8221;][et_pb_column type=&#8221;4_4&#8243; _builder_version=&#8221;4.24.0&#8243; _module_preset=&#8221;default&#8221; custom_padding=&#8221;40px|30px|40px|30px|false|false&#8221; border_width_all=&#8221;1px&#8221; border_color_all=&#8221;#eaeaea&#8221; global_colors_info=&#8221;{}&#8221;][et_pb_blurb use_icon=&#8221;on&#8221; font_icon=&#8221;&#xf00c;||fa||900&#8243; icon_placement=&#8221;left&#8221; image_icon_width=&#8221;14px&#8221; content_max_width=&#8221;100%&#8221; _builder_version=&#8221;4.27.4&#8243; _module_preset=&#8221;default&#8221; header_font=&#8221;Roboto||||||||&#8221; header_text_align=&#8221;left&#8221; header_text_color=&#8221;#666666&#8243; header_font_size=&#8221;16px&#8221; header_line_height=&#8221;1.6em&#8221; body_font=&#8221;&#8211;et_global_body_font||||||||&#8221; body_font_size=&#8221;16px&#8221; image_icon_custom_margin=&#8221;5px||0px||false|false&#8221; image_icon_custom_padding=&#8221;0px||0px||false|false&#8221; width_tablet=&#8221;50%&#8221; width_phone=&#8221;100%&#8221; width_last_edited=&#8221;off|desktop&#8221; max_width_tablet=&#8221;50%&#8221; max_width_phone=&#8221;100%&#8221; max_width_last_edited=&#8221;off|desktop&#8221; custom_margin=&#8221;0px||4px||false|false&#8221; custom_padding=&#8221;0px||17px||false|false&#8221; animation=&#8221;off&#8221; hover_enabled=&#8221;0&#8243; custom_css_main_element=&#8221;display:inline-block;&#8221; custom_css_blurb_title=&#8221;margin-left:-20px;&#8221; custom_css_blurb_content=&#8221;margin:0px;||font-weight: 400!important;&#8221; global_colors_info=&#8221;{}&#8221; sticky_enabled=&#8221;0&#8243;]<\/p>\n<p><strong>Do\u015bwiadczenie i specjalizacja<\/strong><\/p>\n<p>Jeste\u015bmy jedn\u0105 z pierwszych kancelarii w Polsce, kt\u00f3ra od pocz\u0105tku specjalizuje si\u0119 wy\u0142\u0105cznie w zak\u0142adaniu i kompleksowej obs\u0142udze fundacji rodzinnych. Nasz zesp\u00f3\u0142 tworz\u0105 prawnicy, doradcy podatkowi i ksi\u0119gowi, kt\u00f3rzy od lat wspieraj\u0105 przedsi\u0119biorc\u00f3w w skutecznym zabezpieczaniu maj\u0105tku.<\/p>\n<p>[\/et_pb_blurb][et_pb_blurb use_icon=&#8221;on&#8221; font_icon=&#8221;&#xf00c;||fa||900&#8243; icon_placement=&#8221;left&#8221; image_icon_width=&#8221;14px&#8221; content_max_width=&#8221;100%&#8221; _builder_version=&#8221;4.27.4&#8243; _module_preset=&#8221;default&#8221; header_font=&#8221;Manrope||||||||&#8221; header_text_align=&#8221;left&#8221; header_text_color=&#8221;#666666&#8243; header_font_size=&#8221;16px&#8221; header_line_height=&#8221;1.6em&#8221; body_font=&#8221;&#8211;et_global_body_font||||||||&#8221; body_font_size=&#8221;16px&#8221; image_icon_custom_margin=&#8221;5px||0px||false|false&#8221; image_icon_custom_padding=&#8221;0px||0px||false|false&#8221; width_tablet=&#8221;50%&#8221; width_phone=&#8221;100%&#8221; width_last_edited=&#8221;off|desktop&#8221; max_width_tablet=&#8221;50%&#8221; max_width_phone=&#8221;100%&#8221; max_width_last_edited=&#8221;off|desktop&#8221; custom_margin=&#8221;0px||4px||false|false&#8221; custom_padding=&#8221;0px||17px||false|false&#8221; animation=&#8221;off&#8221; hover_enabled=&#8221;0&#8243; custom_css_main_element=&#8221;display:inline-block;&#8221; custom_css_blurb_title=&#8221;margin-left:-20px;&#8221; custom_css_blurb_content=&#8221;margin:0px;||font-weight: 400!important;&#8221; global_colors_info=&#8221;{}&#8221; sticky_enabled=&#8221;0&#8243;]<\/p>\n<p><strong>Indywidualne podej\u015bcie i pe\u0142ne wsparcie<\/strong><\/p>\n<p>Nie dzia\u0142amy wed\u0142ug szablon\u00f3w \u2013 ka\u017cd\u0105 fundacj\u0119 projektujemy na miar\u0119 potrzeb klienta. Przeprowadzamy dog\u0142\u0119bn\u0105 analiz\u0119 sytuacji rodzinnej, maj\u0105tkowej i biznesowej, a nast\u0119pnie tworzymy strategi\u0119, kt\u00f3ra \u0142\u0105czy bezpiecze\u0144stwo prawne z korzy\u015bciami podatkowymi.<\/p>\n<p>[\/et_pb_blurb][et_pb_blurb use_icon=&#8221;on&#8221; font_icon=&#8221;&#xf00c;||fa||900&#8243; icon_placement=&#8221;left&#8221; image_icon_width=&#8221;14px&#8221; content_max_width=&#8221;100%&#8221; _builder_version=&#8221;4.27.4&#8243; _module_preset=&#8221;default&#8221; header_font=&#8221;Manrope||||||||&#8221; header_text_align=&#8221;left&#8221; header_text_color=&#8221;#666666&#8243; header_font_size=&#8221;16px&#8221; header_line_height=&#8221;1.6em&#8221; body_font=&#8221;&#8211;et_global_body_font||||||||&#8221; body_font_size=&#8221;16px&#8221; image_icon_custom_margin=&#8221;5px||0px||false|false&#8221; image_icon_custom_padding=&#8221;0px||0px||false|false&#8221; width_tablet=&#8221;50%&#8221; width_phone=&#8221;100%&#8221; width_last_edited=&#8221;off|desktop&#8221; max_width_tablet=&#8221;50%&#8221; max_width_phone=&#8221;100%&#8221; max_width_last_edited=&#8221;off|desktop&#8221; custom_margin=&#8221;0px||4px||false|false&#8221; custom_padding=&#8221;0px||17px||false|false&#8221; animation=&#8221;off&#8221; hover_enabled=&#8221;0&#8243; custom_css_main_element=&#8221;display:inline-block;&#8221; custom_css_blurb_title=&#8221;margin-left:-20px;&#8221; custom_css_blurb_content=&#8221;margin:0px;||font-weight: 400!important;&#8221; global_colors_info=&#8221;{}&#8221; sticky_enabled=&#8221;0&#8243;]<\/p>\n<p><strong>Pe\u0142na obs\u0142uga od A do Z<\/strong><\/p>\n<p>Od wst\u0119pnej koncepcji, poprzez przygotowanie um\u00f3w i statutu, a\u017c po notarialne za\u0142o\u017cenie fundacji i jej wpis do rejestru \u2013 bierzemy na siebie ca\u0142o\u015b\u0107 formalno\u015bci. Pomagamy r\u00f3wnie\u017c w za\u0142o\u017ceniu sp\u00f3\u0142ek, kt\u00f3re pozwol\u0105 optymalnie zarz\u0105dza\u0107 aktywami w ramach struktury fundacji.<\/p>\n<p>[\/et_pb_blurb][et_pb_blurb use_icon=&#8221;on&#8221; font_icon=&#8221;&#xf00c;||fa||900&#8243; icon_placement=&#8221;left&#8221; image_icon_width=&#8221;14px&#8221; content_max_width=&#8221;100%&#8221; _builder_version=&#8221;4.27.4&#8243; _module_preset=&#8221;default&#8221; header_font=&#8221;Manrope||||||||&#8221; header_text_align=&#8221;left&#8221; header_text_color=&#8221;#666666&#8243; header_font_size=&#8221;16px&#8221; header_line_height=&#8221;1.6em&#8221; body_font=&#8221;&#8211;et_global_body_font||||||||&#8221; body_font_size=&#8221;16px&#8221; image_icon_custom_margin=&#8221;5px||0px||false|false&#8221; image_icon_custom_padding=&#8221;0px||0px||false|false&#8221; width_tablet=&#8221;50%&#8221; width_phone=&#8221;100%&#8221; width_last_edited=&#8221;off|desktop&#8221; max_width_tablet=&#8221;50%&#8221; max_width_phone=&#8221;100%&#8221; max_width_last_edited=&#8221;off|desktop&#8221; custom_margin=&#8221;0px||4px||false|false&#8221; custom_padding=&#8221;0px||17px||false|false&#8221; animation=&#8221;off&#8221; hover_enabled=&#8221;0&#8243; custom_css_main_element=&#8221;display:inline-block;&#8221; custom_css_blurb_title=&#8221;margin-left:-20px;&#8221; custom_css_blurb_content=&#8221;margin:0px;||font-weight: 400!important;&#8221; global_colors_info=&#8221;{}&#8221; sticky_enabled=&#8221;0&#8243;]<\/p>\n<p><strong>Us\u0142ugi powiernicze i bie\u017c\u0105ca obs\u0142uga<\/strong><\/p>\n<p>Jako kancelaria oferujemy r\u00f3wnie\u017c us\u0142ugi zarz\u0105dzania udzia\u0142ami, prowadzenia ksi\u0119gowo\u015bci, obs\u0142ugi podatkowej i prawnej fundacji rodzinnej. Mo\u017cemy pe\u0142ni\u0107 funkcje cz\u0142onk\u00f3w zarz\u0105du, rady fundacji czy organ\u00f3w kontrolnych, aby w pe\u0142ni realizowa\u0107 wol\u0119 fundatora.<\/p>\n<p>[\/et_pb_blurb][\/et_pb_column][\/et_pb_row][\/et_pb_section]<\/p>\n","protected":false},"excerpt":{"rendered":"<p>Clearwater ConsultingPostaw na do\u015bwiadczony zesp\u00f3\u0142 specjalist\u00f3wDo\u015bwiadczenie i specjalizacja Jeste\u015bmy jedn\u0105 z pierwszych kancelarii w Polsce, kt\u00f3ra od pocz\u0105tku specjalizuje si\u0119 wy\u0142\u0105cznie w zak\u0142adaniu i kompleksowej obs\u0142udze fundacji rodzinnych. Nasz zesp\u00f3\u0142 tworz\u0105 prawnicy, doradcy podatkowi i ksi\u0119gowi, kt\u00f3rzy od lat wspieraj\u0105 przedsi\u0119biorc\u00f3w w skutecznym zabezpieczaniu maj\u0105tku.Indywidualne podej\u015bcie i pe\u0142ne wsparcie Nie dzia\u0142amy wed\u0142ug szablon\u00f3w \u2013 ka\u017cd\u0105 [&hellip;]<\/p>\n","protected":false},"author":1,"featured_media":0,"parent":0,"menu_order":0,"comment_status":"closed","ping_status":"closed","template":"","meta":{"_et_pb_use_builder":"on","_et_pb_old_content":"","_et_gb_content_width":"","footnotes":""},"class_list":["post-190","page","type-page","status-publish","hentry"],"_links":{"self":[{"href":"https:\/\/clearwaterconsult.com\/pl\/wp-json\/wp\/v2\/pages\/190","targetHints":{"allow":["GET"]}}],"collection":[{"href":"https:\/\/clearwaterconsult.com\/pl\/wp-json\/wp\/v2\/pages"}],"about":[{"href":"https:\/\/clearwaterconsult.com\/pl\/wp-json\/wp\/v2\/types\/page"}],"author":[{"embeddable":true,"href":"https:\/\/clearwaterconsult.com\/pl\/wp-json\/wp\/v2\/users\/1"}],"replies":[{"embeddable":true,"href":"https:\/\/clearwaterconsult.com\/pl\/wp-json\/wp\/v2\/comments?post=190"}],"version-history":[{"count":4,"href":"https:\/\/clearwaterconsult.com\/pl\/wp-json\/wp\/v2\/pages\/190\/revisions"}],"predecessor-version":[{"id":71675,"href":"https:\/\/clearwaterconsult.com\/pl\/wp-json\/wp\/v2\/pages\/190\/revisions\/71675"}],"wp:attachment":[{"href":"https:\/\/clearwaterconsult.com\/pl\/wp-json\/wp\/v2\/media?parent=190"}],"curies":[{"name":"wp","href":"https:\/\/api.w.org\/{rel}","templated":true}]}}