{"id":183,"date":"2024-02-22T12:46:37","date_gmt":"2024-02-22T11:46:37","guid":{"rendered":"https:\/\/clearwaterconsult.com\/?page_id=183"},"modified":"2025-06-23T17:39:50","modified_gmt":"2025-06-23T15:39:50","slug":"opodatkowanie-fundacji-rodzinnej","status":"publish","type":"page","link":"https:\/\/clearwaterconsult.com\/pl\/opodatkowanie-fundacji-rodzinnej\/","title":{"rendered":"Opodatkowanie Fundacji Rodzinnej"},"content":{"rendered":"<p>[et_pb_section fb_built=&#8221;1&#8243; custom_padding_last_edited=&#8221;on|phone&#8221; admin_label=&#8221;section&#8221; _builder_version=&#8221;4.24.3&#8243; _module_preset=&#8221;default&#8221; background_enable_image=&#8221;off&#8221; background_video_mp4=&#8221;https:\/\/clearwaterconsult.com\/wp-content\/uploads\/2024\/04\/clear22.mp4&#8243; z_index=&#8221;100&#8243; custom_margin=&#8221;0px||0px||false|false&#8221; custom_padding=&#8221;103px||103px||false|false&#8221; custom_padding_tablet=&#8221;115px||115px||false|false&#8221; custom_padding_phone=&#8221;90px||90px||false|false&#8221; custom_css_before=&#8221;content:%22%22;||    display: block;||    position: absolute;||    top: 0;||    left: 0;||    width: 100%;||    height: 100%;||   background-image: linear-gradient(rgb(4,4,6, 0.3), rgb(4,4,6, 0.9));||    z-index: 9;&#8221; global_module=&#8221;140&#8243; saved_tabs=&#8221;all&#8221; global_colors_info=&#8221;{}&#8221;][et_pb_row admin_label=&#8221;row&#8221; _builder_version=&#8221;4.24.2&#8243; background_size=&#8221;initial&#8221; background_position=&#8221;top_left&#8221; background_repeat=&#8221;repeat&#8221; z_index=&#8221;500&#8243; global_colors_info=&#8221;{}&#8221;][et_pb_column type=&#8221;4_4&#8243; _builder_version=&#8221;4.16&#8243; custom_padding=&#8221;|||&#8221; global_colors_info=&#8221;{}&#8221; custom_padding__hover=&#8221;|||&#8221;][et_pb_text _builder_version=&#8221;4.27.4&#8243; _dynamic_attributes=&#8221;content&#8221; _module_preset=&#8221;default&#8221; header_font=&#8221;||||||||&#8221; header_text_color=&#8221;#FFFFFF&#8221; header_font_size=&#8221;35px&#8221; header_line_height=&#8221;1.4em&#8221; header_2_font=&#8221;Big Shoulders Display|700|||||||&#8221; header_2_text_align=&#8221;left&#8221; header_2_text_color=&#8221;#323232&#8243; header_2_font_size=&#8221;44px&#8221; header_2_line_height=&#8221;1.2em&#8221; custom_margin=&#8221;0px||0px||false|false&#8221; custom_margin_tablet=&#8221;0px||40px||false|false&#8221; custom_margin_phone=&#8221;0px||3px||false|false&#8221; custom_margin_last_edited=&#8221;on|tablet&#8221; custom_padding=&#8221;0px||10px||false|false&#8221; header_2_text_align_tablet=&#8221;center&#8221; header_2_text_align_phone=&#8221;center&#8221; header_2_text_align_last_edited=&#8221;off|desktop&#8221; header_2_font_size_tablet=&#8221;44px&#8221; header_2_font_size_phone=&#8221;30px&#8221; header_2_font_size_last_edited=&#8221;on|desktop&#8221; custom_css_after=&#8221;    content: &#8221;;||    width: 100px;||    background-image: linear-gradient(to right,#C5A34D,#C5A34D);||    height: 3px;||    position: absolute;||    left: 0;||    bottom: 0px;&#8221; global_colors_info=&#8221;{}&#8221; custom_css_after_last_edited=&#8221;on|tablet&#8221; custom_css_after_tablet=&#8221;    content: &#8221;;||    width: 100px;||    background-image: linear-gradient(to right,#0051bb,#006efd);||    height: 3px;||    position: absolute;||    left: 50%;||    transform: translate(-50%, 0);||    bottom: 0px;&#8221; custom_css_after_phone=&#8221;    content: &#8221;;||    width: 100px;||    background-image: linear-gradient(to right,#0051bb,#006efd);||    height: 3px;||    position: absolute;||    left: 50%;||    transform: translate(-50%, 0);||    bottom: 0px;&#8221;]@ET-DC@eyJkeW5hbWljIjp0cnVlLCJjb250ZW50IjoicG9zdF90aXRsZSIsInNldHRpbmdzIjp7ImJlZm9yZSI6IjxoMT4iLCJhZnRlciI6IjwvaDE+In19@[\/et_pb_text][\/et_pb_column][\/et_pb_row][\/et_pb_section][et_pb_section fb_built=&#8221;1&#8243; custom_padding_last_edited=&#8221;off|tablet&#8221; _builder_version=&#8221;4.24.2&#8243; _module_preset=&#8221;default&#8221; custom_margin=&#8221;0px||0px||false|false&#8221; custom_padding=&#8221;50px||69px||false|false&#8221; custom_padding_tablet=&#8221;100px||100px||false|false&#8221; custom_padding_phone=&#8221;90px||90px||false|false&#8221; global_colors_info=&#8221;{}&#8221;][et_pb_row _builder_version=&#8221;4.24.2&#8243; _module_preset=&#8221;default&#8221; width=&#8221;90%&#8221; global_colors_info=&#8221;{}&#8221;][et_pb_column type=&#8221;4_4&#8243; _builder_version=&#8221;4.24.2&#8243; _module_preset=&#8221;default&#8221; global_colors_info=&#8221;{}&#8221;][et_pb_text _builder_version=&#8221;4.27.4&#8243; _module_preset=&#8221;default&#8221; text_font_size=&#8221;16px&#8221; custom_margin=&#8221;||29px|||&#8221; hover_enabled=&#8221;0&#8243; global_colors_info=&#8221;{}&#8221; custom_css_main_element=&#8221;font-weight: 400!important;&#8221; sticky_enabled=&#8221;0&#8243;]<\/p>\n<p>Fundacje rodzinne stanowi\u0105 istotny element strategii planowania finansowego dla wielu rodzin. Maj\u0105 one na celu zarz\u0105dzanie maj\u0105tkiem rodzinnym oraz realizacj\u0119 okre\u015blonych cel\u00f3w spo\u0142ecznych czy charytatywnych. Jednym z kluczowych aspekt\u00f3w funkcjonowania fundacji rodzinnej jest ich opodatkowanie, kt\u00f3re determinuje spos\u00f3b rozlicze\u0144 podatkowych dla fundacji oraz jej beneficjent\u00f3w.<\/p>\n<p>[\/et_pb_text][\/et_pb_column][\/et_pb_row][et_pb_row use_custom_gutter=&#8221;on&#8221; gutter_width=&#8221;1&#8243; _builder_version=&#8221;4.24.2&#8243; _module_preset=&#8221;default&#8221; width=&#8221;90%&#8221; custom_margin=&#8221;0px|auto|4px|auto|false|false&#8221; custom_margin_tablet=&#8221;0px||65px||false|false&#8221; custom_margin_phone=&#8221;0px||65px||false|false&#8221; custom_margin_last_edited=&#8221;off|phone&#8221; custom_padding=&#8221;0px||0px||false|false&#8221; global_colors_info=&#8221;{}&#8221;][et_pb_column type=&#8221;4_4&#8243; _builder_version=&#8221;4.23.4&#8243; _module_preset=&#8221;default&#8221; global_colors_info=&#8221;{}&#8221;][et_pb_text _builder_version=&#8221;4.27.4&#8243; _module_preset=&#8221;default&#8221; header_2_font=&#8221;Roboto|500|||||||&#8221; header_2_text_color=&#8221;#323232&#8243; header_2_font_size=&#8221;28px&#8221; header_2_line_height=&#8221;1.2em&#8221; custom_margin=&#8221;0px||0px||false|false&#8221; custom_margin_tablet=&#8221;0px||40px||false|false&#8221; custom_margin_phone=&#8221;0px||3px||false|false&#8221; custom_margin_last_edited=&#8221;off|desktop&#8221; custom_padding=&#8221;0px||10px||false|false&#8221; hover_enabled=&#8221;0&#8243; header_2_text_align_tablet=&#8221;center&#8221; header_2_text_align_phone=&#8221;center&#8221; header_2_text_align_last_edited=&#8221;off|tablet&#8221; header_2_font_size_tablet=&#8221;44px&#8221; header_2_font_size_phone=&#8221;30px&#8221; header_2_font_size_last_edited=&#8221;off|desktop&#8221; custom_css_after=&#8221;    content: &#8221;;||    width: 100px;||    background-image: linear-gradient(to right,#C5A34D,#C5A34D);||    height: 3px;||    position: absolute;||    left: 0;||    bottom: 0px;&#8221; global_colors_info=&#8221;{}&#8221; custom_css_after_last_edited=&#8221;off|phone&#8221; custom_css_after_tablet=&#8221;    content: &#8221;;||    width: 100px;||    background-image: linear-gradient(to right,#0051bb,#006efd);||    height: 3px;||    position: absolute;||    left: 50%;||    transform: translate(-50%, 0);||    bottom: 0px;&#8221; custom_css_after_phone=&#8221;    content: &#8221;;||    width: 100px;||    background-image: linear-gradient(to right,#0051bb,#006efd);||    height: 3px;||    position: absolute;||    left: 50%;||    transform: translate(-50%, 0);||    bottom: 0px;&#8221; sticky_enabled=&#8221;0&#8243;]<\/p>\n<h2>Wniesienie kapita\u0142u do Fundacji<\/h2>\n<p>[\/et_pb_text][\/et_pb_column][\/et_pb_row][et_pb_row _builder_version=&#8221;4.24.2&#8243; _module_preset=&#8221;default&#8221; width=&#8221;90%&#8221; custom_padding=&#8221;||39px|||&#8221; global_colors_info=&#8221;{}&#8221;][et_pb_column type=&#8221;4_4&#8243; _builder_version=&#8221;4.24.2&#8243; _module_preset=&#8221;default&#8221; global_colors_info=&#8221;{}&#8221;][et_pb_text _builder_version=&#8221;4.27.4&#8243; _module_preset=&#8221;default&#8221; hover_enabled=&#8221;0&#8243; global_colors_info=&#8221;{}&#8221; custom_css_main_element=&#8221;font-weight: 400!important;&#8221; sticky_enabled=&#8221;0&#8243;]<\/p>\n<p>Wniesienie kapita\u0142u do fundacji rodzinnej stanowi fundamentalny krok w procesie jej tworzenia. Kapita\u0142 ten mo\u017ce pochodzi\u0107 z r\u00f3\u017cnych \u017ar\u00f3de\u0142, w\u0142\u0105czaj\u0105c w to wk\u0142ady finansowe fundator\u00f3w, darowizny czy spadki. Istnieje r\u00f3wnie\u017c mo\u017cliwo\u015b\u0107 przekazania nieruchomo\u015bci, akcji czy innych aktyw\u00f3w do fundacji jako wk\u0142adu maj\u0105tkowego.<br \/>Warto podkre\u015bli\u0107, \u017ce fundacje rodzinne mog\u0105 korzysta\u0107 ze zwolnienia z podatku od zysk\u00f3w kapita\u0142owych, co stanowi istotn\u0105 korzy\u015b\u0107 dla fundator\u00f3w i beneficjent\u00f3w.<\/p>\n<p>[\/et_pb_text][\/et_pb_column][\/et_pb_row][et_pb_row use_custom_gutter=&#8221;on&#8221; gutter_width=&#8221;1&#8243; _builder_version=&#8221;4.24.2&#8243; _module_preset=&#8221;default&#8221; width=&#8221;90%&#8221; custom_margin=&#8221;0px|auto|4px|auto|false|false&#8221; custom_margin_tablet=&#8221;0px||65px||false|false&#8221; custom_margin_phone=&#8221;0px||65px||false|false&#8221; custom_margin_last_edited=&#8221;off|phone&#8221; custom_padding=&#8221;0px||0px||false|false&#8221; global_colors_info=&#8221;{}&#8221;][et_pb_column type=&#8221;4_4&#8243; _builder_version=&#8221;4.23.4&#8243; _module_preset=&#8221;default&#8221; global_colors_info=&#8221;{}&#8221;][et_pb_text _builder_version=&#8221;4.27.4&#8243; _module_preset=&#8221;default&#8221; header_2_font=&#8221;Roboto|500|||||||&#8221; header_2_text_align=&#8221;left&#8221; header_2_text_color=&#8221;#323232&#8243; header_2_font_size=&#8221;28px&#8221; header_2_line_height=&#8221;1.2em&#8221; custom_margin=&#8221;0px||0px||false|false&#8221; custom_margin_tablet=&#8221;0px||40px||false|false&#8221; custom_margin_phone=&#8221;0px||1px||false|false&#8221; custom_margin_last_edited=&#8221;on|tablet&#8221; custom_padding=&#8221;0px||10px||false|false&#8221; hover_enabled=&#8221;0&#8243; header_2_text_align_tablet=&#8221;center&#8221; header_2_text_align_phone=&#8221;center&#8221; header_2_text_align_last_edited=&#8221;off|phone&#8221; header_2_font_size_tablet=&#8221;44px&#8221; header_2_font_size_phone=&#8221;30px&#8221; header_2_font_size_last_edited=&#8221;off|desktop&#8221; custom_css_after=&#8221;    content: &#8221;;||    width: 100px;||    background-image: linear-gradient(to right,#C5A34D,#C5A34D);||    height: 3px;||    position: absolute;||    left: 0;||    bottom: 0px;&#8221; global_colors_info=&#8221;{}&#8221; custom_css_after_last_edited=&#8221;off|phone&#8221; custom_css_after_tablet=&#8221;    content: &#8221;;||    width: 100px;||    background-image: linear-gradient(to right,#0051bb,#006efd);||    height: 3px;||    position: absolute;||    left: 50%;||    transform: translate(-50%, 0);||    bottom: 0px;&#8221; custom_css_after_phone=&#8221;    content: &#8221;;||    width: 100px;||    background-image: linear-gradient(to right,#0051bb,#006efd);||    height: 3px;||    position: absolute;||    left: 50%;||    transform: translate(-50%, 0);||    bottom: 0px;&#8221; sticky_enabled=&#8221;0&#8243;]<\/p>\n<h2>Podatek CIT<\/h2>\n<p>[\/et_pb_text][\/et_pb_column][\/et_pb_row][et_pb_row _builder_version=&#8221;4.24.2&#8243; _module_preset=&#8221;default&#8221; width=&#8221;90%&#8221; custom_padding=&#8221;||39px|||&#8221; global_colors_info=&#8221;{}&#8221;][et_pb_column type=&#8221;4_4&#8243; _builder_version=&#8221;4.24.2&#8243; _module_preset=&#8221;default&#8221; global_colors_info=&#8221;{}&#8221;][et_pb_text _builder_version=&#8221;4.27.4&#8243; _module_preset=&#8221;default&#8221; hover_enabled=&#8221;0&#8243; global_colors_info=&#8221;{}&#8221; custom_css_main_element=&#8221;font-weight: 400!important;&#8221; sticky_enabled=&#8221;0&#8243;]<\/p>\n<p>Podatek CIT (Corporate Income Tax) dotyczy dochod\u00f3w osi\u0105ganych przez fundacj\u0119 rodzinn\u0105. Zgodnie z polskim prawem podatkowym, fundacja rodzinna jest zwolniona z podatku CIT od swoich dochod\u00f3w, jednak\u017ce podlega opodatkowaniu w momencie wyp\u0142aty \u015brodk\u00f3w beneficjentom.<br \/>Wariant optymistyczny zak\u0142ada stosowanie ni\u017cszej stawki podatku CIT, wynosz\u0105cej 9% dla ma\u0142ych podatnik\u00f3w, co jest korzystne dla fundacji o ograniczonym zakresie dzia\u0142alno\u015bci. Natomiast wariant pesymistyczny przewiduje wy\u017csz\u0105 stawk\u0119 podatku CIT, wynosz\u0105c\u0105 19% dla du\u017cych podatnik\u00f3w, co mo\u017ce wp\u0142yn\u0105\u0107 na efektywno\u015b\u0107 zarz\u0105dzania finansami fundacji.<\/p>\n<p>[\/et_pb_text][\/et_pb_column][\/et_pb_row][et_pb_row use_custom_gutter=&#8221;on&#8221; gutter_width=&#8221;1&#8243; _builder_version=&#8221;4.24.2&#8243; _module_preset=&#8221;default&#8221; width=&#8221;90%&#8221; custom_margin=&#8221;0px|auto|4px|auto|false|false&#8221; custom_margin_tablet=&#8221;0px||65px||false|false&#8221; custom_margin_phone=&#8221;0px||65px||false|false&#8221; custom_margin_last_edited=&#8221;off|phone&#8221; custom_padding=&#8221;0px||0px||false|false&#8221; global_colors_info=&#8221;{}&#8221;][et_pb_column type=&#8221;4_4&#8243; _builder_version=&#8221;4.23.4&#8243; _module_preset=&#8221;default&#8221; global_colors_info=&#8221;{}&#8221;][et_pb_text _builder_version=&#8221;4.27.4&#8243; _module_preset=&#8221;default&#8221; header_2_font=&#8221;Roboto|500|||||||&#8221; header_2_text_align=&#8221;left&#8221; header_2_text_color=&#8221;#323232&#8243; header_2_font_size=&#8221;28px&#8221; header_2_line_height=&#8221;1.2em&#8221; custom_margin=&#8221;0px||0px||false|false&#8221; custom_margin_tablet=&#8221;0px||40px||false|false&#8221; custom_margin_phone=&#8221;0px||1px||false|false&#8221; custom_margin_last_edited=&#8221;on|tablet&#8221; custom_padding=&#8221;0px||10px||false|false&#8221; hover_enabled=&#8221;0&#8243; header_2_text_align_tablet=&#8221;center&#8221; header_2_text_align_phone=&#8221;center&#8221; header_2_text_align_last_edited=&#8221;off|phone&#8221; header_2_font_size_tablet=&#8221;44px&#8221; header_2_font_size_phone=&#8221;30px&#8221; header_2_font_size_last_edited=&#8221;off|desktop&#8221; custom_css_after=&#8221;    content: &#8221;;||    width: 100px;||    background-image: linear-gradient(to right,#C5A34D,#C5A34D);||    height: 3px;||    position: absolute;||    left: 0;||    bottom: 0px;&#8221; global_colors_info=&#8221;{}&#8221; custom_css_after_last_edited=&#8221;off|phone&#8221; custom_css_after_tablet=&#8221;    content: &#8221;;||    width: 100px;||    background-image: linear-gradient(to right,#0051bb,#006efd);||    height: 3px;||    position: absolute;||    left: 50%;||    transform: translate(-50%, 0);||    bottom: 0px;&#8221; custom_css_after_phone=&#8221;    content: &#8221;;||    width: 100px;||    background-image: linear-gradient(to right,#0051bb,#006efd);||    height: 3px;||    position: absolute;||    left: 50%;||    transform: translate(-50%, 0);||    bottom: 0px;&#8221; sticky_enabled=&#8221;0&#8243;]<\/p>\n<h2>Podatek od spadk\u00f3w i darowizn<\/h2>\n<p>[\/et_pb_text][\/et_pb_column][\/et_pb_row][et_pb_row _builder_version=&#8221;4.24.2&#8243; _module_preset=&#8221;default&#8221; width=&#8221;90%&#8221; custom_padding=&#8221;||39px|||&#8221; global_colors_info=&#8221;{}&#8221;][et_pb_column type=&#8221;4_4&#8243; _builder_version=&#8221;4.24.2&#8243; _module_preset=&#8221;default&#8221; global_colors_info=&#8221;{}&#8221;][et_pb_text _builder_version=&#8221;4.27.4&#8243; _module_preset=&#8221;default&#8221; hover_enabled=&#8221;0&#8243; global_colors_info=&#8221;{}&#8221; custom_css_main_element=&#8221;font-weight: 400!important;&#8221; sticky_enabled=&#8221;0&#8243;]<\/p>\n<p>Podatek od spadk\u00f3w i darowizn dotyczy przekazanych \u015brodk\u00f3w przez fundacj\u0119 rodzinn\u0105 osobom trzecim, kt\u00f3re nie s\u0105 beneficjentami wskazanymi przez fundatora. Beneficjenci fundacji s\u0105 zwolnieni z tego podatku, jednak osoby trzecie musz\u0105 ui\u015bci\u0107 podatek od spadk\u00f3w i darowizn w przypadku otrzymania \u015brodk\u00f3w z fundacji.<\/p>\n<p>[\/et_pb_text][\/et_pb_column][\/et_pb_row][\/et_pb_section]<\/p>\n","protected":false},"excerpt":{"rendered":"<p>Fundacje rodzinne stanowi\u0105 istotny element strategii planowania finansowego dla wielu rodzin. Maj\u0105 one na celu zarz\u0105dzanie maj\u0105tkiem rodzinnym oraz realizacj\u0119 okre\u015blonych cel\u00f3w spo\u0142ecznych czy charytatywnych. Jednym z kluczowych aspekt\u00f3w funkcjonowania fundacji rodzinnej jest ich opodatkowanie, kt\u00f3re determinuje spos\u00f3b rozlicze\u0144 podatkowych dla fundacji oraz jej beneficjent\u00f3w.Wniesienie kapita\u0142u do FundacjiWniesienie kapita\u0142u do fundacji rodzinnej stanowi fundamentalny krok [&hellip;]<\/p>\n","protected":false},"author":1,"featured_media":0,"parent":0,"menu_order":0,"comment_status":"closed","ping_status":"closed","template":"","meta":{"_et_pb_use_builder":"on","_et_pb_old_content":"","_et_gb_content_width":"","footnotes":""},"class_list":["post-183","page","type-page","status-publish","hentry"],"_links":{"self":[{"href":"https:\/\/clearwaterconsult.com\/pl\/wp-json\/wp\/v2\/pages\/183","targetHints":{"allow":["GET"]}}],"collection":[{"href":"https:\/\/clearwaterconsult.com\/pl\/wp-json\/wp\/v2\/pages"}],"about":[{"href":"https:\/\/clearwaterconsult.com\/pl\/wp-json\/wp\/v2\/types\/page"}],"author":[{"embeddable":true,"href":"https:\/\/clearwaterconsult.com\/pl\/wp-json\/wp\/v2\/users\/1"}],"replies":[{"embeddable":true,"href":"https:\/\/clearwaterconsult.com\/pl\/wp-json\/wp\/v2\/comments?post=183"}],"version-history":[{"count":4,"href":"https:\/\/clearwaterconsult.com\/pl\/wp-json\/wp\/v2\/pages\/183\/revisions"}],"predecessor-version":[{"id":71576,"href":"https:\/\/clearwaterconsult.com\/pl\/wp-json\/wp\/v2\/pages\/183\/revisions\/71576"}],"wp:attachment":[{"href":"https:\/\/clearwaterconsult.com\/pl\/wp-json\/wp\/v2\/media?parent=183"}],"curies":[{"name":"wp","href":"https:\/\/api.w.org\/{rel}","templated":true}]}}