{"id":176,"date":"2024-02-22T12:39:13","date_gmt":"2024-02-22T11:39:13","guid":{"rendered":"https:\/\/clearwaterconsult.com\/?page_id=176"},"modified":"2025-06-23T17:36:29","modified_gmt":"2025-06-23T15:36:29","slug":"fundacja-rodzinna-jako-narzedzie-sukcesji","status":"publish","type":"page","link":"https:\/\/clearwaterconsult.com\/pl\/fundacja-rodzinna-jako-narzedzie-sukcesji\/","title":{"rendered":"Fundacja rodzinna jako narz\u0119dzie sukcesji"},"content":{"rendered":"<p>[et_pb_section fb_built=&#8221;1&#8243; custom_padding_last_edited=&#8221;on|phone&#8221; admin_label=&#8221;section&#8221; _builder_version=&#8221;4.24.3&#8243; _module_preset=&#8221;default&#8221; background_enable_image=&#8221;off&#8221; background_video_mp4=&#8221;https:\/\/clearwaterconsult.com\/wp-content\/uploads\/2024\/04\/clear22.mp4&#8243; z_index=&#8221;100&#8243; custom_margin=&#8221;0px||0px||false|false&#8221; custom_padding=&#8221;103px||103px||false|false&#8221; custom_padding_tablet=&#8221;115px||115px||false|false&#8221; custom_padding_phone=&#8221;90px||90px||false|false&#8221; custom_css_before=&#8221;content:%22%22;||    display: block;||    position: absolute;||    top: 0;||    left: 0;||    width: 100%;||    height: 100%;||   background-image: linear-gradient(rgb(4,4,6, 0.3), rgb(4,4,6, 0.9));||    z-index: 9;&#8221; global_module=&#8221;140&#8243; saved_tabs=&#8221;all&#8221; global_colors_info=&#8221;{}&#8221;][et_pb_row admin_label=&#8221;row&#8221; _builder_version=&#8221;4.24.2&#8243; background_size=&#8221;initial&#8221; background_position=&#8221;top_left&#8221; background_repeat=&#8221;repeat&#8221; z_index=&#8221;500&#8243; global_colors_info=&#8221;{}&#8221;][et_pb_column type=&#8221;4_4&#8243; _builder_version=&#8221;4.16&#8243; custom_padding=&#8221;|||&#8221; global_colors_info=&#8221;{}&#8221; custom_padding__hover=&#8221;|||&#8221;][et_pb_text _builder_version=&#8221;4.27.4&#8243; _dynamic_attributes=&#8221;content&#8221; _module_preset=&#8221;default&#8221; header_font=&#8221;||||||||&#8221; header_text_color=&#8221;#FFFFFF&#8221; header_font_size=&#8221;35px&#8221; header_line_height=&#8221;1.4em&#8221; header_2_font=&#8221;Big Shoulders Display|700|||||||&#8221; header_2_text_align=&#8221;left&#8221; header_2_text_color=&#8221;#323232&#8243; header_2_font_size=&#8221;44px&#8221; header_2_line_height=&#8221;1.2em&#8221; custom_margin=&#8221;0px||0px||false|false&#8221; custom_margin_tablet=&#8221;0px||40px||false|false&#8221; custom_margin_phone=&#8221;0px||3px||false|false&#8221; custom_margin_last_edited=&#8221;on|tablet&#8221; custom_padding=&#8221;0px||10px||false|false&#8221; header_2_text_align_tablet=&#8221;center&#8221; header_2_text_align_phone=&#8221;center&#8221; header_2_text_align_last_edited=&#8221;off|desktop&#8221; header_2_font_size_tablet=&#8221;44px&#8221; header_2_font_size_phone=&#8221;30px&#8221; header_2_font_size_last_edited=&#8221;on|desktop&#8221; custom_css_after=&#8221;    content: &#8221;;||    width: 100px;||    background-image: linear-gradient(to right,#C5A34D,#C5A34D);||    height: 3px;||    position: absolute;||    left: 0;||    bottom: 0px;&#8221; global_colors_info=&#8221;{}&#8221; custom_css_after_last_edited=&#8221;on|tablet&#8221; custom_css_after_tablet=&#8221;    content: &#8221;;||    width: 100px;||    background-image: linear-gradient(to right,#0051bb,#006efd);||    height: 3px;||    position: absolute;||    left: 50%;||    transform: translate(-50%, 0);||    bottom: 0px;&#8221; custom_css_after_phone=&#8221;    content: &#8221;;||    width: 100px;||    background-image: linear-gradient(to right,#0051bb,#006efd);||    height: 3px;||    position: absolute;||    left: 50%;||    transform: translate(-50%, 0);||    bottom: 0px;&#8221;]@ET-DC@eyJkeW5hbWljIjp0cnVlLCJjb250ZW50IjoicG9zdF90aXRsZSIsInNldHRpbmdzIjp7ImJlZm9yZSI6IjxoMT4iLCJhZnRlciI6IjwvaDE+In19@[\/et_pb_text][\/et_pb_column][\/et_pb_row][\/et_pb_section][et_pb_section fb_built=&#8221;1&#8243; custom_padding_last_edited=&#8221;off|tablet&#8221; _builder_version=&#8221;4.24.2&#8243; _module_preset=&#8221;default&#8221; custom_margin=&#8221;0px||0px||false|false&#8221; custom_padding=&#8221;50px||69px||false|false&#8221; custom_padding_tablet=&#8221;100px||100px||false|false&#8221; custom_padding_phone=&#8221;90px||90px||false|false&#8221; global_colors_info=&#8221;{}&#8221;][et_pb_row _builder_version=&#8221;4.24.2&#8243; _module_preset=&#8221;default&#8221; width=&#8221;90%&#8221; global_colors_info=&#8221;{}&#8221;][et_pb_column type=&#8221;4_4&#8243; _builder_version=&#8221;4.24.2&#8243; _module_preset=&#8221;default&#8221; global_colors_info=&#8221;{}&#8221;][et_pb_text _builder_version=&#8221;4.27.4&#8243; _module_preset=&#8221;default&#8221; text_font_size=&#8221;16px&#8221; custom_margin=&#8221;||29px|||&#8221; hover_enabled=&#8221;0&#8243; global_colors_info=&#8221;{}&#8221; custom_css_main_element=&#8221;font-weight: 400!important;&#8221; sticky_enabled=&#8221;0&#8243;]W dzisiejszych czasach przedsi\u0119biorstwa rodzinne stanowi\u0105 istotny filar gospodarki, przekazuj\u0105c nie tylko bogactwo materialne, ale tak\u017ce warto\u015bci i tradycje z pokolenia na pokolenie. Jednak proces sukcesji w takich firmach cz\u0119sto staje przed wieloma wyzwaniami, zw\u0142aszcza zwi\u0105zanymi z zarz\u0105dzaniem maj\u0105tkiem oraz ochron\u0105 interes\u00f3w rodzinnych. W odpowiedzi na te potrzeby, w dniu 6 lutego br., Prezydent RP podpisa\u0142 ustaw\u0119 wprowadzaj\u0105c\u0105 do polskiego systemu prawnego instytucj\u0119 fundacji rodzinnej.[\/et_pb_text][\/et_pb_column][\/et_pb_row][et_pb_row use_custom_gutter=&#8221;on&#8221; gutter_width=&#8221;1&#8243; _builder_version=&#8221;4.24.2&#8243; _module_preset=&#8221;default&#8221; width=&#8221;90%&#8221; custom_margin=&#8221;0px|auto|4px|auto|false|false&#8221; custom_margin_tablet=&#8221;0px||65px||false|false&#8221; custom_margin_phone=&#8221;0px||65px||false|false&#8221; custom_margin_last_edited=&#8221;off|phone&#8221; custom_padding=&#8221;0px||0px||false|false&#8221; global_colors_info=&#8221;{}&#8221;][et_pb_column type=&#8221;4_4&#8243; _builder_version=&#8221;4.23.4&#8243; _module_preset=&#8221;default&#8221; global_colors_info=&#8221;{}&#8221;][et_pb_text _builder_version=&#8221;4.27.4&#8243; _module_preset=&#8221;default&#8221; header_2_font=&#8221;Roboto|500|||||||&#8221; header_2_text_color=&#8221;#323232&#8243; header_2_font_size=&#8221;28px&#8221; header_2_line_height=&#8221;1.2em&#8221; custom_margin=&#8221;0px||0px||false|false&#8221; custom_margin_tablet=&#8221;0px||40px||false|false&#8221; custom_margin_phone=&#8221;0px||3px||false|false&#8221; custom_margin_last_edited=&#8221;off|desktop&#8221; custom_padding=&#8221;0px||10px||false|false&#8221; hover_enabled=&#8221;0&#8243; header_2_text_align_tablet=&#8221;center&#8221; header_2_text_align_phone=&#8221;center&#8221; header_2_text_align_last_edited=&#8221;off|tablet&#8221; header_2_font_size_tablet=&#8221;44px&#8221; header_2_font_size_phone=&#8221;30px&#8221; header_2_font_size_last_edited=&#8221;off|desktop&#8221; custom_css_after=&#8221;    content: &#8221;;||    width: 100px;||    background-image: linear-gradient(to right,#C5A34D,#C5A34D);||    height: 3px;||    position: absolute;||    left: 0;||    bottom: 0px;&#8221; global_colors_info=&#8221;{}&#8221; custom_css_after_last_edited=&#8221;off|phone&#8221; custom_css_after_tablet=&#8221;    content: &#8221;;||    width: 100px;||    background-image: linear-gradient(to right,#0051bb,#006efd);||    height: 3px;||    position: absolute;||    left: 50%;||    transform: translate(-50%, 0);||    bottom: 0px;&#8221; custom_css_after_phone=&#8221;    content: &#8221;;||    width: 100px;||    background-image: linear-gradient(to right,#0051bb,#006efd);||    height: 3px;||    position: absolute;||    left: 50%;||    transform: translate(-50%, 0);||    bottom: 0px;&#8221; sticky_enabled=&#8221;0&#8243;]<\/p>\n<h2>Zapisy ustawowe<\/h2>\n<p>[\/et_pb_text][\/et_pb_column][\/et_pb_row][et_pb_row _builder_version=&#8221;4.24.2&#8243; _module_preset=&#8221;default&#8221; width=&#8221;90%&#8221; custom_padding=&#8221;||39px|||&#8221; global_colors_info=&#8221;{}&#8221;][et_pb_column type=&#8221;4_4&#8243; _builder_version=&#8221;4.24.2&#8243; _module_preset=&#8221;default&#8221; global_colors_info=&#8221;{}&#8221;][et_pb_text _builder_version=&#8221;4.27.4&#8243; _module_preset=&#8221;default&#8221; hover_enabled=&#8221;0&#8243; global_colors_info=&#8221;{}&#8221; custom_css_main_element=&#8221;font-weight: 400!important;&#8221; sticky_enabled=&#8221;0&#8243;]Fundacja rodzinna ma na celu u\u0142atwienie procesu sukcesji przedsi\u0119biorstw rodzinnych poprzez efektywne zarz\u0105dzanie ich maj\u0105tkiem oraz zabezpieczenie interes\u00f3w rodziny. Jest to innowacyjne narz\u0119dzie, kt\u00f3re umo\u017cliwia skuteczne przeprowadzenie sukcesji, zachowuj\u0105c jednocze\u015bnie ci\u0105g\u0142o\u015b\u0107 dzia\u0142alno\u015bci biznesowej i chroni\u0105c warto\u015bci rodzinne.<\/p>\n<p>Zgodnie z przepisami ustawy, fundacja rodzinna mo\u017ce by\u0107 zak\u0142adana przez osoby fizyczne posiadaj\u0105ce pe\u0142n\u0105 zdolno\u015b\u0107 do czynno\u015bci prawnych lub kilka takich os\u00f3b wsp\u00f3lnie. Proces za\u0142o\u017cenia fundacji wymaga sporz\u0105dzenia przez notariusza aktu za\u0142o\u017cycielskiego lub testamentu, kt\u00f3ry zawiera o\u015bwiadczenie o utworzeniu fundacji rodzinnej. Istotne jest r\u00f3wnie\u017c okre\u015blenie kr\u0119gu beneficjent\u00f3w oraz zakresu ich uprawnie\u0144, co stanowi prerogatyw\u0119 fundatora.<\/p>\n<p>Jednym z kluczowych aspekt\u00f3w funkcjonowania fundacji rodzinnej jest zarz\u0105dzanie maj\u0105tkiem firmy rodzinnej. Ustawa ogranicza mo\u017cliwo\u015b\u0107 prowadzenia dzia\u0142alno\u015bci gospodarczej przez fundacj\u0119, co ma na celu minimalizacj\u0119 ryzyka zwi\u0105zanego z zarz\u0105dzaniem maj\u0105tkiem oraz ochron\u0119 jego integralno\u015bci. Niemniej jednak fundacja mo\u017ce podejmowa\u0107 okre\u015blone czynno\u015bci gospodarcze, takie jak zbywanie mienia, udzielanie po\u017cyczek czy uczestnictwo w sp\u00f3\u0142kach handlowych.[\/et_pb_text][\/et_pb_column][\/et_pb_row][et_pb_row use_custom_gutter=&#8221;on&#8221; gutter_width=&#8221;1&#8243; _builder_version=&#8221;4.24.2&#8243; _module_preset=&#8221;default&#8221; width=&#8221;90%&#8221; custom_margin=&#8221;0px|auto|4px|auto|false|false&#8221; custom_margin_tablet=&#8221;0px||65px||false|false&#8221; custom_margin_phone=&#8221;0px||65px||false|false&#8221; custom_margin_last_edited=&#8221;off|phone&#8221; custom_padding=&#8221;0px||0px||false|false&#8221; global_colors_info=&#8221;{}&#8221;][et_pb_column type=&#8221;4_4&#8243; _builder_version=&#8221;4.23.4&#8243; _module_preset=&#8221;default&#8221; global_colors_info=&#8221;{}&#8221;][et_pb_text _builder_version=&#8221;4.27.4&#8243; _module_preset=&#8221;default&#8221; header_2_font=&#8221;Roboto|500|||||||&#8221; header_2_text_align=&#8221;left&#8221; header_2_text_color=&#8221;#323232&#8243; header_2_font_size=&#8221;28px&#8221; header_2_line_height=&#8221;1.2em&#8221; custom_margin=&#8221;0px||0px||false|false&#8221; custom_margin_tablet=&#8221;0px||40px||false|false&#8221; custom_margin_phone=&#8221;0px||1px||false|false&#8221; custom_margin_last_edited=&#8221;on|tablet&#8221; custom_padding=&#8221;0px||10px||false|false&#8221; hover_enabled=&#8221;0&#8243; header_2_text_align_tablet=&#8221;center&#8221; header_2_text_align_phone=&#8221;center&#8221; header_2_text_align_last_edited=&#8221;off|phone&#8221; header_2_font_size_tablet=&#8221;44px&#8221; header_2_font_size_phone=&#8221;30px&#8221; header_2_font_size_last_edited=&#8221;off|desktop&#8221; custom_css_after=&#8221;    content: &#8221;;||    width: 100px;||    background-image: linear-gradient(to right,#C5A34D,#C5A34D);||    height: 3px;||    position: absolute;||    left: 0;||    bottom: 0px;&#8221; global_colors_info=&#8221;{}&#8221; custom_css_after_last_edited=&#8221;off|phone&#8221; custom_css_after_tablet=&#8221;    content: &#8221;;||    width: 100px;||    background-image: linear-gradient(to right,#0051bb,#006efd);||    height: 3px;||    position: absolute;||    left: 50%;||    transform: translate(-50%, 0);||    bottom: 0px;&#8221; custom_css_after_phone=&#8221;    content: &#8221;;||    width: 100px;||    background-image: linear-gradient(to right,#0051bb,#006efd);||    height: 3px;||    position: absolute;||    left: 50%;||    transform: translate(-50%, 0);||    bottom: 0px;&#8221; sticky_enabled=&#8221;0&#8243;]<\/p>\n<h2>Opodatkowanie<\/h2>\n<p>[\/et_pb_text][\/et_pb_column][\/et_pb_row][et_pb_row _builder_version=&#8221;4.24.2&#8243; _module_preset=&#8221;default&#8221; width=&#8221;90%&#8221; custom_padding=&#8221;||39px|||&#8221; global_colors_info=&#8221;{}&#8221;][et_pb_column type=&#8221;4_4&#8243; _builder_version=&#8221;4.24.2&#8243; _module_preset=&#8221;default&#8221; global_colors_info=&#8221;{}&#8221;][et_pb_text _builder_version=&#8221;4.27.4&#8243; _module_preset=&#8221;default&#8221; hover_enabled=&#8221;0&#8243; global_colors_info=&#8221;{}&#8221; custom_css_main_element=&#8221;font-weight: 400!important;&#8221; sticky_enabled=&#8221;0&#8243;]Kluczowym zagadnieniem jest r\u00f3wnie\u017c kwestia opodatkowania fundacji rodzinnej. Dochody fundatora oraz beneficjent\u00f3w otrzymane z fundacji nie podlegaj\u0105 opodatkowaniu podatkiem od spadk\u00f3w i darowizn. Niemniej jednak nabywanie \u015bwiadcze\u0144 oraz mienia w zwi\u0105zku z rozwi\u0105zaniem fundacji podlega opodatkowaniu podatkiem dochodowym od os\u00f3b fizycznych. Warto zauwa\u017cy\u0107, \u017ce fundacje rodzinne s\u0105 obj\u0119te podmiotowym zwolnieniem od podatku dochodowego od os\u00f3b prawnych.<\/p>\n<p>Ustawa o fundacji rodzinnej wprowadza r\u00f3wnie\u017c istotne zmiany w prawie spadkowym, dotycz\u0105ce m.in. zachowku oraz odpowiedzialno\u015bci fundacji za zobowi\u0105zania alimentacyjne fundatora. Fundacja rodzinna mo\u017ce stanowi\u0107 wa\u017cne zabezpieczenie finansowe dla os\u00f3b, wobec kt\u00f3rych fundator ma obowi\u0105zki alimentacyjne, chroni\u0105c ich interesy w przypadku egzekucji z maj\u0105tku fundatora.[\/et_pb_text][\/et_pb_column][\/et_pb_row][\/et_pb_section]<\/p>\n","protected":false},"excerpt":{"rendered":"<p>W dzisiejszych czasach przedsi\u0119biorstwa rodzinne stanowi\u0105 istotny filar gospodarki, przekazuj\u0105c nie tylko bogactwo materialne, ale tak\u017ce warto\u015bci i tradycje z pokolenia na pokolenie. Jednak proces sukcesji w takich firmach cz\u0119sto staje przed wieloma wyzwaniami, zw\u0142aszcza zwi\u0105zanymi z zarz\u0105dzaniem maj\u0105tkiem oraz ochron\u0105 interes\u00f3w rodzinnych. W odpowiedzi na te potrzeby, w dniu 6 lutego br., Prezydent RP [&hellip;]<\/p>\n","protected":false},"author":1,"featured_media":0,"parent":0,"menu_order":0,"comment_status":"closed","ping_status":"closed","template":"","meta":{"_et_pb_use_builder":"on","_et_pb_old_content":"","_et_gb_content_width":"","footnotes":""},"class_list":["post-176","page","type-page","status-publish","hentry"],"_links":{"self":[{"href":"https:\/\/clearwaterconsult.com\/pl\/wp-json\/wp\/v2\/pages\/176","targetHints":{"allow":["GET"]}}],"collection":[{"href":"https:\/\/clearwaterconsult.com\/pl\/wp-json\/wp\/v2\/pages"}],"about":[{"href":"https:\/\/clearwaterconsult.com\/pl\/wp-json\/wp\/v2\/types\/page"}],"author":[{"embeddable":true,"href":"https:\/\/clearwaterconsult.com\/pl\/wp-json\/wp\/v2\/users\/1"}],"replies":[{"embeddable":true,"href":"https:\/\/clearwaterconsult.com\/pl\/wp-json\/wp\/v2\/comments?post=176"}],"version-history":[{"count":3,"href":"https:\/\/clearwaterconsult.com\/pl\/wp-json\/wp\/v2\/pages\/176\/revisions"}],"predecessor-version":[{"id":71573,"href":"https:\/\/clearwaterconsult.com\/pl\/wp-json\/wp\/v2\/pages\/176\/revisions\/71573"}],"wp:attachment":[{"href":"https:\/\/clearwaterconsult.com\/pl\/wp-json\/wp\/v2\/media?parent=176"}],"curies":[{"name":"wp","href":"https:\/\/api.w.org\/{rel}","templated":true}]}}