{"id":135,"date":"2024-02-22T11:12:00","date_gmt":"2024-02-22T10:12:00","guid":{"rendered":"https:\/\/clearwaterconsult.com\/?page_id=135"},"modified":"2025-06-23T17:22:39","modified_gmt":"2025-06-23T15:22:39","slug":"dlaczego-warto-zalozyc-fundacje-rodzinna","status":"publish","type":"page","link":"https:\/\/clearwaterconsult.com\/pl\/dlaczego-warto-zalozyc-fundacje-rodzinna\/","title":{"rendered":"Dlaczego warto za\u0142o\u017cy\u0107 Fundacj\u0119 Rodzinn\u0105?"},"content":{"rendered":"<p>[et_pb_section fb_built=&#8221;1&#8243; custom_padding_last_edited=&#8221;on|phone&#8221; admin_label=&#8221;section&#8221; _builder_version=&#8221;4.24.3&#8243; _module_preset=&#8221;default&#8221; background_enable_image=&#8221;off&#8221; background_video_mp4=&#8221;https:\/\/clearwaterconsult.com\/wp-content\/uploads\/2024\/04\/clear22.mp4&#8243; z_index=&#8221;100&#8243; custom_margin=&#8221;0px||0px||false|false&#8221; custom_padding=&#8221;103px||103px||false|false&#8221; custom_padding_tablet=&#8221;115px||115px||false|false&#8221; custom_padding_phone=&#8221;90px||90px||false|false&#8221; custom_css_before=&#8221;content:%22%22;||    display: block;||    position: absolute;||    top: 0;||    left: 0;||    width: 100%;||    height: 100%;||   background-image: linear-gradient(rgb(4,4,6, 0.3), rgb(4,4,6, 0.9));||    z-index: 9;&#8221; global_module=&#8221;140&#8243; saved_tabs=&#8221;all&#8221; global_colors_info=&#8221;{}&#8221;][et_pb_row admin_label=&#8221;row&#8221; _builder_version=&#8221;4.24.2&#8243; background_size=&#8221;initial&#8221; background_position=&#8221;top_left&#8221; background_repeat=&#8221;repeat&#8221; z_index=&#8221;500&#8243; global_colors_info=&#8221;{}&#8221;][et_pb_column type=&#8221;4_4&#8243; _builder_version=&#8221;4.16&#8243; custom_padding=&#8221;|||&#8221; global_colors_info=&#8221;{}&#8221; custom_padding__hover=&#8221;|||&#8221;][et_pb_text _builder_version=&#8221;4.27.4&#8243; _dynamic_attributes=&#8221;content&#8221; _module_preset=&#8221;default&#8221; header_font=&#8221;||||||||&#8221; header_text_color=&#8221;#FFFFFF&#8221; header_font_size=&#8221;35px&#8221; header_line_height=&#8221;1.4em&#8221; header_2_font=&#8221;Big Shoulders Display|700|||||||&#8221; header_2_text_align=&#8221;left&#8221; header_2_text_color=&#8221;#323232&#8243; header_2_font_size=&#8221;44px&#8221; header_2_line_height=&#8221;1.2em&#8221; custom_margin=&#8221;0px||0px||false|false&#8221; custom_margin_tablet=&#8221;0px||40px||false|false&#8221; custom_margin_phone=&#8221;0px||3px||false|false&#8221; custom_margin_last_edited=&#8221;on|tablet&#8221; custom_padding=&#8221;0px||10px||false|false&#8221; hover_enabled=&#8221;0&#8243; header_2_text_align_tablet=&#8221;center&#8221; header_2_text_align_phone=&#8221;center&#8221; header_2_text_align_last_edited=&#8221;off|desktop&#8221; header_2_font_size_tablet=&#8221;44px&#8221; header_2_font_size_phone=&#8221;30px&#8221; header_2_font_size_last_edited=&#8221;on|desktop&#8221; custom_css_after=&#8221;    content: &#8221;;||    width: 100px;||    background-image: linear-gradient(to right,#C5A34D,#C5A34D);||    height: 3px;||    position: absolute;||    left: 0;||    bottom: 0px;&#8221; global_colors_info=&#8221;{}&#8221; custom_css_after_last_edited=&#8221;on|tablet&#8221; custom_css_after_tablet=&#8221;    content: &#8221;;||    width: 100px;||    background-image: linear-gradient(to right,#0051bb,#006efd);||    height: 3px;||    position: absolute;||    left: 50%;||    transform: translate(-50%, 0);||    bottom: 0px;&#8221; custom_css_after_phone=&#8221;    content: &#8221;;||    width: 100px;||    background-image: linear-gradient(to right,#0051bb,#006efd);||    height: 3px;||    position: absolute;||    left: 50%;||    transform: translate(-50%, 0);||    bottom: 0px;&#8221; sticky_enabled=&#8221;0&#8243;]@ET-DC@eyJkeW5hbWljIjp0cnVlLCJjb250ZW50IjoicG9zdF90aXRsZSIsInNldHRpbmdzIjp7ImJlZm9yZSI6IjxoMT4iLCJhZnRlciI6IjwvaDE+In19@[\/et_pb_text][\/et_pb_column][\/et_pb_row][\/et_pb_section][et_pb_section fb_built=&#8221;1&#8243; custom_padding_last_edited=&#8221;off|tablet&#8221; _builder_version=&#8221;4.24.2&#8243; _module_preset=&#8221;default&#8221; custom_margin=&#8221;0px||0px||false|false&#8221; custom_padding=&#8221;50px||69px||false|false&#8221; custom_padding_tablet=&#8221;100px||100px||false|false&#8221; custom_padding_phone=&#8221;90px||90px||false|false&#8221; global_colors_info=&#8221;{}&#8221;][et_pb_row _builder_version=&#8221;4.24.2&#8243; _module_preset=&#8221;default&#8221; width=&#8221;90%&#8221; global_colors_info=&#8221;{}&#8221;][et_pb_column type=&#8221;4_4&#8243; _builder_version=&#8221;4.24.2&#8243; _module_preset=&#8221;default&#8221; global_colors_info=&#8221;{}&#8221;][et_pb_text _builder_version=&#8221;4.27.4&#8243; _module_preset=&#8221;default&#8221; text_font_size=&#8221;16px&#8221; custom_margin=&#8221;||29px|||&#8221; hover_enabled=&#8221;0&#8243; global_colors_info=&#8221;{}&#8221; custom_css_main_element=&#8221;font-weight: 400!important;&#8221; sticky_enabled=&#8221;0&#8243;]<\/p>\n<p>Fundacja rodzinna to instytucja, kt\u00f3ra staje si\u0119 coraz bardziej atrakcyjna dla przedsi\u0119biorc\u00f3w, zw\u0142aszcza w kontek\u015bcie transakcji biznesowych, takich jak sprzeda\u017c udzia\u0142\u00f3w w sp\u00f3\u0142ce z ograniczon\u0105 odpowiedzialno\u015bci\u0105 (sp. z o.o.). Nasze do\u015bwiadczenie pokazuje, \u017ce coraz wi\u0119cej os\u00f3b zainteresowanych jest wykorzystaniem fundacji rodzinnej jako narz\u0119dzia do zabezpieczenia swoich interes\u00f3w w procesie transakcyjnym.<\/p>\n<p>Jednym z kluczowych czynnik\u00f3w przemawiaj\u0105cych za za\u0142o\u017ceniem fundacji rodzinnej w Polsce jest fakt, \u017ce umo\u017cliwia ona przedsi\u0119biorcom sprzedanie udzia\u0142\u00f3w w sp\u00f3\u0142ce bez konieczno\u015bci ponoszenia wysokich koszt\u00f3w zabezpiecze\u0144 czy ryzyka zwi\u0105zanego z ewentualnymi problemami prawno-finansowymi sp\u00f3\u0142ki. Wprowadzenie fundacji rodzinnej do procesu transakcyjnego zmienia dynamik\u0119 tego procesu, zapewniaj\u0105c korzy\u015bci zar\u00f3wno dla sprzedaj\u0105cego, jak i dla nabywcy.<\/p>\n<p>[\/et_pb_text][\/et_pb_column][\/et_pb_row][et_pb_row use_custom_gutter=&#8221;on&#8221; gutter_width=&#8221;1&#8243; _builder_version=&#8221;4.24.2&#8243; _module_preset=&#8221;default&#8221; width=&#8221;90%&#8221; custom_margin=&#8221;0px|auto|4px|auto|false|false&#8221; custom_margin_tablet=&#8221;0px||65px||false|false&#8221; custom_margin_phone=&#8221;0px||65px||false|false&#8221; custom_margin_last_edited=&#8221;off|phone&#8221; custom_padding=&#8221;0px||0px||false|false&#8221; global_colors_info=&#8221;{}&#8221;][et_pb_column type=&#8221;4_4&#8243; _builder_version=&#8221;4.23.4&#8243; _module_preset=&#8221;default&#8221; global_colors_info=&#8221;{}&#8221;][et_pb_text _builder_version=&#8221;4.27.4&#8243; _module_preset=&#8221;default&#8221; header_2_font=&#8221;Roboto|500|||||||&#8221; header_2_text_color=&#8221;#323232&#8243; header_2_font_size=&#8221;28px&#8221; header_2_line_height=&#8221;1.2em&#8221; custom_margin=&#8221;0px||0px||false|false&#8221; custom_margin_tablet=&#8221;0px||40px||false|false&#8221; custom_margin_phone=&#8221;0px||3px||false|false&#8221; custom_margin_last_edited=&#8221;off|desktop&#8221; custom_padding=&#8221;0px||10px||false|false&#8221; hover_enabled=&#8221;0&#8243; header_2_text_align_tablet=&#8221;center&#8221; header_2_text_align_phone=&#8221;center&#8221; header_2_text_align_last_edited=&#8221;off|tablet&#8221; header_2_font_size_tablet=&#8221;44px&#8221; header_2_font_size_phone=&#8221;30px&#8221; header_2_font_size_last_edited=&#8221;off|desktop&#8221; custom_css_after=&#8221;    content: &#8221;;||    width: 100px;||    background-image: linear-gradient(to right,#C5A34D,#C5A34D);||    height: 3px;||    position: absolute;||    left: 0;||    bottom: 0px;&#8221; global_colors_info=&#8221;{}&#8221; custom_css_after_last_edited=&#8221;off|phone&#8221; custom_css_after_tablet=&#8221;    content: &#8221;;||    width: 100px;||    background-image: linear-gradient(to right,#0051bb,#006efd);||    height: 3px;||    position: absolute;||    left: 50%;||    transform: translate(-50%, 0);||    bottom: 0px;&#8221; custom_css_after_phone=&#8221;    content: &#8221;;||    width: 100px;||    background-image: linear-gradient(to right,#0051bb,#006efd);||    height: 3px;||    position: absolute;||    left: 50%;||    transform: translate(-50%, 0);||    bottom: 0px;&#8221; sticky_enabled=&#8221;0&#8243;]<\/p>\n<h2>Sprzeda\u017c udzia\u0142\u00f3w w Sp\u00f3\u0142ce<\/h2>\n<p>[\/et_pb_text][\/et_pb_column][\/et_pb_row][et_pb_row _builder_version=&#8221;4.24.2&#8243; _module_preset=&#8221;default&#8221; width=&#8221;90%&#8221; custom_padding=&#8221;||39px|||&#8221; global_colors_info=&#8221;{}&#8221;][et_pb_column type=&#8221;4_4&#8243; _builder_version=&#8221;4.24.2&#8243; _module_preset=&#8221;default&#8221; global_colors_info=&#8221;{}&#8221;][et_pb_text _builder_version=&#8221;4.27.4&#8243; _module_preset=&#8221;default&#8221; hover_enabled=&#8221;0&#8243; global_colors_info=&#8221;{}&#8221; custom_css_main_element=&#8221;font-weight: 400!important;&#8221; sticky_enabled=&#8221;0&#8243;]<\/p>\n<p>Dla sprzedaj\u0105cego udzia\u0142y w sp\u00f3\u0142ce, przekazanie ich do fundacji rodzinnej oznacza oszcz\u0119dno\u015b\u0107 podatkow\u0105, poniewa\u017c nie musi on p\u0142aci\u0107 podatku od zysk\u00f3w kapita\u0142owych w momencie sprzeda\u017cy udzia\u0142\u00f3w. Podatek ten jest p\u0142acony dopiero w momencie wyp\u0142aty \u015brodk\u00f3w z fundacji beneficjentowi. Dodatkowo, dzi\u0119ki fundacji rodzinnej, sprzedaj\u0105cy mo\u017ce by\u0107 pewien, \u017ce jego zaanga\u017cowanie w procesie transakcyjnym b\u0119dzie trwa\u0142e i \u017ce nie zniknie on &#8222;po transakcji&#8221;. Jest to istotne zabezpieczenie dla nabywcy, kt\u00f3ry unika ryzyka zwi\u0105zanego z ewentualnymi problemami dotycz\u0105cymi poprzedniego w\u0142a\u015bciciela udzia\u0142\u00f3w.<\/p>\n<p>Z perspektywy nabywcy udzia\u0142\u00f3w, fundacja rodzinna stanowi solidnego i stabilnego partnera transakcyjnego. Jako osoba prawna, fundacja jest trwalsza i \u0142atwiejsza do zabezpieczenia ni\u017c osoba fizyczna. Ponadto, nabywca nie musi obawia\u0107 si\u0119, \u017ce fundacja zniknie lub zostanie zlikwidowana, co dodatkowo zwi\u0119ksza bezpiecze\u0144stwo transakcji.<\/p>\n<p>[\/et_pb_text][\/et_pb_column][\/et_pb_row][et_pb_row use_custom_gutter=&#8221;on&#8221; gutter_width=&#8221;1&#8243; _builder_version=&#8221;4.24.2&#8243; _module_preset=&#8221;default&#8221; width=&#8221;90%&#8221; custom_margin=&#8221;0px|auto|4px|auto|false|false&#8221; custom_margin_tablet=&#8221;0px||65px||false|false&#8221; custom_margin_phone=&#8221;0px||65px||false|false&#8221; custom_margin_last_edited=&#8221;off|phone&#8221; custom_padding=&#8221;0px||0px||false|false&#8221; global_colors_info=&#8221;{}&#8221;][et_pb_column type=&#8221;4_4&#8243; _builder_version=&#8221;4.23.4&#8243; _module_preset=&#8221;default&#8221; global_colors_info=&#8221;{}&#8221;][et_pb_text _builder_version=&#8221;4.27.4&#8243; _module_preset=&#8221;default&#8221; header_2_font=&#8221;Roboto|500|||||||&#8221; header_2_text_align=&#8221;left&#8221; header_2_text_color=&#8221;#323232&#8243; header_2_font_size=&#8221;28px&#8221; header_2_line_height=&#8221;1.2em&#8221; custom_margin=&#8221;0px||0px||false|false&#8221; custom_margin_tablet=&#8221;0px||40px||false|false&#8221; custom_margin_phone=&#8221;0px||1px||false|false&#8221; custom_margin_last_edited=&#8221;on|tablet&#8221; custom_padding=&#8221;0px||10px||false|false&#8221; hover_enabled=&#8221;0&#8243; header_2_text_align_tablet=&#8221;center&#8221; header_2_text_align_phone=&#8221;center&#8221; header_2_text_align_last_edited=&#8221;off|phone&#8221; header_2_font_size_tablet=&#8221;44px&#8221; header_2_font_size_phone=&#8221;30px&#8221; header_2_font_size_last_edited=&#8221;off|desktop&#8221; custom_css_after=&#8221;    content: &#8221;;||    width: 100px;||    background-image: linear-gradient(to right,#C5A34D,#C5A34D);||    height: 3px;||    position: absolute;||    left: 0;||    bottom: 0px;&#8221; global_colors_info=&#8221;{}&#8221; custom_css_after_last_edited=&#8221;off|phone&#8221; custom_css_after_tablet=&#8221;    content: &#8221;;||    width: 100px;||    background-image: linear-gradient(to right,#0051bb,#006efd);||    height: 3px;||    position: absolute;||    left: 50%;||    transform: translate(-50%, 0);||    bottom: 0px;&#8221; custom_css_after_phone=&#8221;    content: &#8221;;||    width: 100px;||    background-image: linear-gradient(to right,#0051bb,#006efd);||    height: 3px;||    position: absolute;||    left: 50%;||    transform: translate(-50%, 0);||    bottom: 0px;&#8221; sticky_enabled=&#8221;0&#8243;]<\/p>\n<h2>Rola Funduszy Inwestycyjnych<\/h2>\n<p>[\/et_pb_text][\/et_pb_column][\/et_pb_row][et_pb_row _builder_version=&#8221;4.24.2&#8243; _module_preset=&#8221;default&#8221; width=&#8221;90%&#8221; custom_padding=&#8221;||39px|||&#8221; global_colors_info=&#8221;{}&#8221;][et_pb_column type=&#8221;4_4&#8243; _builder_version=&#8221;4.24.2&#8243; _module_preset=&#8221;default&#8221; global_colors_info=&#8221;{}&#8221;][et_pb_text _builder_version=&#8221;4.27.4&#8243; _module_preset=&#8221;default&#8221; hover_enabled=&#8221;0&#8243; global_colors_info=&#8221;{}&#8221; custom_css_main_element=&#8221;font-weight: 400!important;&#8221; sticky_enabled=&#8221;0&#8243;]<\/p>\n<p>Nie tylko przedsi\u0119biorcy korzystaj\u0105 z fundacji rodzinnych. Coraz wi\u0119cej funduszy inwestycyjnych dostrzega potencja\u0142 tych instytucji jako partner\u00f3w biznesowych. Dzi\u0119ki korzy\u015bciom podatkowym, fundacje rodzinne mog\u0105 szybko rosn\u0105\u0107, co czyni je atrakcyjnymi dla funduszy poszukuj\u0105cych nowych inwestycji. Prognozujemy, \u017ce w niedalekiej przysz\u0142o\u015bci mo\u017cemy spodziewa\u0107 si\u0119 coraz wi\u0119kszej wsp\u00f3\u0142pracy mi\u0119dzy fundacjami rodzinymi a funduszami private equity i venture capital.<\/p>\n<p>Warto r\u00f3wnie\u017c zauwa\u017cy\u0107, \u017ce fundacje rodzinne nie s\u0142u\u017c\u0105 tylko zabezpieczeniu transakcji biznesowych. Mog\u0105 by\u0107 one r\u00f3wnie\u017c skutecznym narz\u0119dziem planowania sukcesji, ochrony maj\u0105tku rodzinnego oraz realizacji cel\u00f3w charytatywnych. Dzi\u0119ki swojej elastyczno\u015bci i mo\u017cliwo\u015bciom adaptacji do indywidualnych potrzeb, fundacje rodzinne stanowi\u0105 wszechstronne rozwi\u0105zanie dla przedsi\u0119biorc\u00f3w i rodzin poszukuj\u0105cych stabilno\u015bci, bezpiecze\u0144stwa i efektywnego zarz\u0105dzania maj\u0105tkiem.<\/p>\n<p>W Polsce, gdzie rynek biznesowy dynamicznie si\u0119 rozwija, za\u0142o\u017cenie fundacji rodzinnej staje si\u0119 coraz bardziej atrakcyjn\u0105 opcj\u0105 dla przedsi\u0119biorc\u00f3w poszukuj\u0105cych skutecznych narz\u0119dzi zarz\u0105dzania swoim maj\u0105tkiem oraz zabezpieczenia swoich interes\u00f3w w procesach transakcyjnych. Dzi\u0119ki swoim unikalnym cechom i korzy\u015bciom podatkowym, fundacje rodzinne stanowi\u0105 nie tylko solidne zabezpieczenie, ale r\u00f3wnie\u017c strategi\u0119 d\u0142ugofalowego zarz\u0105dzania maj\u0105tkiem i realizacji cel\u00f3w biznesowych i spo\u0142ecznych.<\/p>\n<p>[\/et_pb_text][\/et_pb_column][\/et_pb_row][\/et_pb_section]<\/p>\n","protected":false},"excerpt":{"rendered":"<p>Fundacja rodzinna to instytucja, kt\u00f3ra staje si\u0119 coraz bardziej atrakcyjna dla przedsi\u0119biorc\u00f3w, zw\u0142aszcza w kontek\u015bcie transakcji biznesowych, takich jak sprzeda\u017c udzia\u0142\u00f3w w sp\u00f3\u0142ce z ograniczon\u0105 odpowiedzialno\u015bci\u0105 (sp. z o.o.). Nasze do\u015bwiadczenie pokazuje, \u017ce coraz wi\u0119cej os\u00f3b zainteresowanych jest wykorzystaniem fundacji rodzinnej jako narz\u0119dzia do zabezpieczenia swoich interes\u00f3w w procesie transakcyjnym. Jednym z kluczowych czynnik\u00f3w przemawiaj\u0105cych [&hellip;]<\/p>\n","protected":false},"author":1,"featured_media":0,"parent":0,"menu_order":0,"comment_status":"closed","ping_status":"closed","template":"","meta":{"_et_pb_use_builder":"on","_et_pb_old_content":"","_et_gb_content_width":"","footnotes":""},"class_list":["post-135","page","type-page","status-publish","hentry"],"_links":{"self":[{"href":"https:\/\/clearwaterconsult.com\/pl\/wp-json\/wp\/v2\/pages\/135","targetHints":{"allow":["GET"]}}],"collection":[{"href":"https:\/\/clearwaterconsult.com\/pl\/wp-json\/wp\/v2\/pages"}],"about":[{"href":"https:\/\/clearwaterconsult.com\/pl\/wp-json\/wp\/v2\/types\/page"}],"author":[{"embeddable":true,"href":"https:\/\/clearwaterconsult.com\/pl\/wp-json\/wp\/v2\/users\/1"}],"replies":[{"embeddable":true,"href":"https:\/\/clearwaterconsult.com\/pl\/wp-json\/wp\/v2\/comments?post=135"}],"version-history":[{"count":9,"href":"https:\/\/clearwaterconsult.com\/pl\/wp-json\/wp\/v2\/pages\/135\/revisions"}],"predecessor-version":[{"id":71569,"href":"https:\/\/clearwaterconsult.com\/pl\/wp-json\/wp\/v2\/pages\/135\/revisions\/71569"}],"wp:attachment":[{"href":"https:\/\/clearwaterconsult.com\/pl\/wp-json\/wp\/v2\/media?parent=135"}],"curies":[{"name":"wp","href":"https:\/\/api.w.org\/{rel}","templated":true}]}}