{"id":71629,"date":"2025-06-25T18:45:06","date_gmt":"2025-06-25T16:45:06","guid":{"rendered":"https:\/\/clearwaterconsult.com\/datenschutzrichtlinie\/"},"modified":"2025-06-26T15:36:18","modified_gmt":"2025-06-26T13:36:18","slug":"datenschutzrichtlinie","status":"publish","type":"page","link":"https:\/\/clearwaterconsult.com\/de\/datenschutzrichtlinie\/","title":{"rendered":"Datenschutzrichtlinie"},"content":{"rendered":"<p>[et_pb_section fb_built=&#8220;1&#8243; custom_padding_last_edited=&#8220;on|phone&#8220; admin_label=&#8220;section&#8220; _builder_version=&#8220;4.24.3&#8243; _module_preset=&#8220;default&#8220; background_enable_image=&#8220;off&#8220; background_video_mp4=&#8220;https:\/\/clearwaterconsult.com\/wp-content\/uploads\/2024\/04\/clear22.mp4&#8243; z_index=&#8220;100&#8243; custom_margin=&#8220;0px||0px||false|false&#8220; custom_padding=&#8220;103px||103px||false|false&#8220; custom_padding_tablet=&#8220;115px||115px||false|false&#8220; custom_padding_phone=&#8220;90px||90px||false|false&#8220; custom_css_before=&#8220;content:%22%22;||    display: block;||    position: absolute;||    top: 0;||    left: 0;||    width: 100%;||    height: 100%;||   background-image: linear-gradient(rgb(4,4,6, 0.3), rgb(4,4,6, 0.9));||    z-index: 9;&#8220; global_module=&#8220;140&#8243; saved_tabs=&#8220;all&#8220; global_colors_info=&#8220;{}&#8220;][et_pb_row admin_label=&#8220;Graben&#8220; _builder_version=&#8220;4.24.2&#8243; background_size=&#8220;initial&#8220; background_position=&#8220;top_left&#8220; background_repeat=&#8220;repeat&#8220; z_index=&#8220;500&#8243; global_colors_info=&#8220;{}&#8220;][et_pb_column type=&#8220;4_4&#8243; _builder_version=&#8220;4.16&#8243; custom_padding=&#8220;|||&#8220; global_colors_info=&#8220;{}&#8220; custom_padding__hover=&#8220;|||&#8220;][et_pb_text _builder_version=&#8220;4.27.4&#8243; _dynamic_attributes=&#8220;content&#8220; _module_preset=&#8220;default&#8220; header_font=&#8220;||||||||&#8220; header_text_color=&#8220;#FFFFFF&#8220; header_font_size=&#8220;35px&#8220; header_line_height=&#8220;1.4em&#8220; header_2_font=&#8220;Big Shoulders Display|700|||||||&#8220; header_2_text_align=&#8220;left&#8220; header_2_text_color=&#8220;#323232&#8243; header_2_font_size=&#8220;44px&#8220; header_2_line_height=&#8220;1.2em&#8220; custom_margin=&#8220;0px||0px||false|false&#8220; custom_margin_tablet=&#8220;0px||40px||false|false&#8220; custom_margin_phone=&#8220;0px||3px||false|false&#8220; custom_margin_last_edited=&#8220;on|tablet&#8220; custom_padding=&#8220;0px||10px||false|false&#8220; header_2_text_align_tablet=&#8220;center&#8220; header_2_text_align_phone=&#8220;center&#8220; header_2_text_align_last_edited=&#8220;off|desktop&#8220; header_2_font_size_tablet=&#8220;44px&#8220; header_2_font_size_phone=&#8220;30px&#8220; header_2_font_size_last_edited=&#8220;on|desktop&#8220; custom_css_after=&#8220;    content: &#8220;;||    width: 100px;||    background-image: linear-gradient(to right,#C5A34D,#C5A34D);||    height: 3px;||    position: absolute;||    left: 0;||    bottom: 0px;&#8220; global_colors_info=&#8220;{}&#8220; custom_css_after_last_edited=&#8220;on|tablet&#8220; custom_css_after_tablet=&#8220;    content: &#8220;;||    width: 100px;||    background-image: linear-gradient(to right,#0051bb,#006efd);||    height: 3px;||    position: absolute;||    left: 50%;||    transform: translate(-50%, 0);||    bottom: 0px;&#8220; custom_css_after_phone=&#8220;    content: &#8220;;||    width: 100px;||    background-image: linear-gradient(to right,#0051bb,#006efd);||    height: 3px;||    position: absolute;||    left: 50%;||    transform: translate(-50%, 0);||    bottom: 0px;&#8220;]@ET-DC@eyJkeW5hbWljIjp0cnVlLCJjb250ZW50IjoicG9zdF90aXRsZSIsInNldHRpbmdzIjp7ImJlZm9yZSI6IjxoMT4iLCJhZnRlciI6IjwvaDE+IiwiZW5hYmxlX2h0bWwiOiJvZmYifX0=@[\/et_pb_text][\/et_pb_column][\/et_pb_row][\/et_pb_section][et_pb_section fb_built=&#8220;1&#8243; custom_padding_last_edited=&#8220;off|tablet&#8220; _builder_version=&#8220;4.24.2&#8243; _module_preset=&#8220;default&#8220; custom_margin=&#8220;0px||0px||false|false&#8220; custom_padding=&#8220;50px||69px||false|false&#8220; custom_padding_tablet=&#8220;100px||100px||false|false&#8220; custom_padding_phone=&#8220;90px||90px||false|false&#8220; global_colors_info=&#8220;{}&#8220;][et_pb_row _builder_version=&#8220;4.24.2&#8243; _module_preset=&#8220;default&#8220; width=&#8220;90%&#8220; global_colors_info=&#8220;{}&#8220;][et_pb_column type=&#8220;4_4&#8243; _builder_version=&#8220;4.24.2&#8243; _module_preset=&#8220;default&#8220; global_colors_info=&#8220;{}&#8220;][et_pb_text _builder_version=&#8220;4.27.4&#8243; _module_preset=&#8220;default&#8220; text_font_size=&#8220;16px&#8220; custom_margin=&#8220;||29px|||&#8220; hover_enabled=&#8220;0&#8243; custom_css_main_element=&#8220;font-weight: 400!important;&#8220; global_colors_info=&#8220;{}&#8220; sticky_enabled=&#8220;0&#8243;]<\/p>\n<h5>I. ALLGEMEINE INFORMATIONEN<\/h5>\n<p>Wir respektieren Ihre Privatsph\u00e4re als Nutzer unserer Website. Wir m\u00f6chten, dass jeder, der unsere Website besucht, genau wei\u00df, wie er seine Privatsph\u00e4re sch\u00fctzen kann. Daher empfehlen wir, sich mit der Datenschutzerkl\u00e4rung der Website https:\/\/clearwaterconsult.com\/ vertraut zu machen.  <\/p>\n<p>Diese Datenschutzerkl\u00e4rung erf\u00fcllt die Informationspflicht gem\u00e4\u00df der Verordnung (EU) 2016\/679 des Europ\u00e4ischen Parlaments und des Rates vom 27. April 2016 zum Schutz nat\u00fcrlicher Personen bei der Verarbeitung personenbezogener Daten sowie zum freien Datenverkehr und zur Aufhebung der Richtlinie 95\/46\/EG (Datenschutz-Grundverordnung, \u201eDSGVO\u201c) sowie gem\u00e4\u00df dem Gesetz vom 10. Mai 2018 \u00fcber den Schutz personenbezogener Daten (poln. GBl. 2018, Pos. 1000), im Folgenden als \u201eDSGVO\u201c bezeichnet.  <\/p>\n<p><b>1. Betreiber und Eigent\u00fcmer der Website ist:<\/b><\/p>\n<p>Clearwater Consulting Group Sp. z o.o., Cybulskiego 22\/5, 50-205 Wroc\u0142aw, USt-IdNr.: 8982297660, Handelsregisternr.: 0001057013. <\/p>\n<p>Gem\u00e4\u00df DSGVO ist der Website-Eigent\u00fcmer gleichzeitig der Verantwortliche f\u00fcr die Verarbeitung personenbezogener Daten.<\/p>\n<p><b>2. Wie k\u00f6nnen Sie uns bez\u00fcglich Datenschutz kontaktieren?<\/b><\/p>\n<p>Per E-Mail: office@clearwaterconsult.com<br \/>oder per Post: Clearwater Consulting Group Sp. z o.o., Cybulskiego 22\/5, 50-205 Wroc\u0142aw. <\/p>\n<p><b>3. Personenbezogene Daten erfassen wir ausschlie\u00dflich mit Einwilligung der Nutzer \u00fcber Formulare auf der Website oder per E-Mail.<\/b><\/p>\n<p><b>4. RWir achten die Rechte unserer Nutzer im Zusammenhang mit ihren personenbezogenen Daten gem\u00e4\u00df DSGVO, insbesondere:<\/b><\/p>\n<ul>\n<li>Recht auf Auskunft (Art. 15 DSGVO),<\/li>\n<li>Recht auf Berichtigung (Art. 16 DSGVO),<\/li>\n<li>Recht auf L\u00f6schung (\u201eRecht auf Vergessenwerden\u201c, Art. 17 DSGVO),<\/li>\n<li>Recht auf Einschr\u00e4nkung der Verarbeitung (Art. 18 DSGVO),<\/li>\n<li>Recht auf Daten\u00fcbertragbarkeit (Art. 20 DSGVO),<\/li>\n<li>Widerspruchsrecht (Art. 21 DSGVO).<\/li>\n<\/ul>\n<h5>II. SERVER-LOGSPEICHERUNG <\/h5>\n<p><b>1. Wie bei den meisten Websites \u00fcblich, speichern wir HTTPS-Anfragen an unseren Server. Die aufgerufenen Ressourcen werden durch URLs identifiziert. Die in den Server-Logdateien gespeicherten Informationen umfassen:  <\/b><\/p>\n<ul>\n<li>\u00d6ffentliche IP-Adresse des anfragenden Computers,<\/li>\n<li>Client-Hostname (ermittelt durch das HTTPS-Protokoll),<\/li>\n<li>Benutzername aus dem Anmeldeprozess,<\/li>\n<li>Zeitpunkt der Anfrage,<\/li>\n<li>Erste Zeile der HTTPS-Anfrage,<\/li>\n<li>HTTPS-Antwortcode,<\/li>\n<li>Anzahl der vom Server gesendeten Bytes,<\/li>\n<li>Referer-Link (URL der vorher besuchten Seite),<\/li>\n<li>Browserinformationen,<\/li>\n<li>Fehlerdetails im Zusammenhang mit der HTTPS-Transaktion.<\/li>\n<\/ul>\n<p>Diese Daten werden nicht mit bestimmten Personen in Verbindung gebracht und gelten im Sinne der DSGVO nicht als personenbezogene Daten.<\/p>\n<p><b>2. Zweck der Datennutzung:<\/b> Die gesammelten Logdateien werden auf unbestimmte Zeit als Hilfsmittel zur Websiteverwaltung gespeichert. Nur berechtigte Personen erhalten Zugriff. Anhand der Logs k\u00f6nnen Statistiken erstellt werden, die keine personenbezogenen Daten enthalten.   <\/p>\n<h5>III. COOKIES <\/h5>\n<p><b>1. Cookies sind IT-Daten, die auf den Endger\u00e4ten der Nutzer gespeichert werden und zur Nutzung von Websites bestimmt sind. Es handelt sich insbesondere um Textdateien, die den Namen der besuchten Website, die Speicherdauer auf dem Endger\u00e4t und eine eindeutige Nummer enthalten. <\/b><\/p>\n<p><b>2. Die Website sammelt keine Informationen automatisch, mit Ausnahme der Inhalte in Cookies und Serverlogs.<\/b><\/p>\n<p><b>3. Cookies werden verwendet, um: <\/b>:<\/p>\n<ul>\n<li>die Anmeldung und Aufrechterhaltung der Benutzersitzung zu erm\u00f6glichen,<\/li>\n<li>die Darstellung der Website an die individuellen Vorlieben der Nutzer anzupassen,<\/li>\n<li>anonyme Statistiken zu erstellen (ohne R\u00fcckschluss auf den Nutzer).<\/li>\n<\/ul>\n<p><b>4. Cookies, die von Partnern der Website verwendet werden (z.\u202fB. Facebook oder Google), unterliegen deren eigener Datenschutzpolitik. Bitte informieren Sie sich \u00fcber die Datenschutzerkl\u00e4rungen unserer Partner. <\/b><\/p>\n<p><b>5. Zu den Partnern z\u00e4hlen unter anderem:<\/b><\/p>\n<ul>\n<li>Facebook (www.facebook.com)<\/li>\n<li>Google (www.google.com)<\/li>\n<\/ul>\n<p><b>6. Zum Schutz der uns anvertrauten Daten haben wir interne Richtlinien und Sicherheitsma\u00dfnahmen eingef\u00fchrt. Wir kontrollieren laufend ihre Umsetzung und stellen die Einhaltung gesetzlicher Bestimmungen sicher \u2013 einschlie\u00dflich DSGVO, polnischem Telekommunikationsgesetz und EU-Recht. <\/b><\/p>\n<p><b>7. Standardm\u00e4\u00dfig erlauben Webbrowser das Speichern von Cookies auf dem Endger\u00e4t des Nutzers. Diese Einstellungen k\u00f6nnen so ge\u00e4ndert werden, dass Cookies blockiert oder jedes Mal gemeldet werden.  <\/b><\/p>\n<p><b>8. Nutzer k\u00f6nnen jederzeit ihre Cookie-Einstellungen \u00e4ndern. Weitere Informationen dazu finden sich in den Browser-Einstellungen. <\/b><\/p>\n<p><b>9. Der Betreiber weist darauf hin, dass \u00c4nderungen der Browsereinstellungen die Funktionalit\u00e4t der Website beeintr\u00e4chtigen k\u00f6nnen.<\/b><\/p>\n<p>[\/et_pb_text][\/et_pb_column][\/et_pb_row][\/et_pb_section]<\/p>\n","protected":false},"excerpt":{"rendered":"<p>I. ALLGEMEINE INFORMATIONEN Wir respektieren Ihre Privatsph\u00e4re als Nutzer unserer Website. Wir m\u00f6chten, dass jeder, der unsere Website besucht, genau wei\u00df, wie er seine Privatsph\u00e4re sch\u00fctzen kann. Daher empfehlen wir, sich mit der Datenschutzerkl\u00e4rung der Website https:\/\/clearwaterconsult.com\/ vertraut zu machen. Diese Datenschutzerkl\u00e4rung erf\u00fcllt die Informationspflicht gem\u00e4\u00df der Verordnung (EU) 2016\/679 des Europ\u00e4ischen Parlaments und des [&hellip;]<\/p>\n","protected":false},"author":1,"featured_media":0,"parent":0,"menu_order":0,"comment_status":"closed","ping_status":"closed","template":"","meta":{"_et_pb_use_builder":"on","_et_pb_old_content":"","_et_gb_content_width":"","footnotes":""},"class_list":["post-71629","page","type-page","status-publish","hentry"],"_links":{"self":[{"href":"https:\/\/clearwaterconsult.com\/de\/wp-json\/wp\/v2\/pages\/71629","targetHints":{"allow":["GET"]}}],"collection":[{"href":"https:\/\/clearwaterconsult.com\/de\/wp-json\/wp\/v2\/pages"}],"about":[{"href":"https:\/\/clearwaterconsult.com\/de\/wp-json\/wp\/v2\/types\/page"}],"author":[{"embeddable":true,"href":"https:\/\/clearwaterconsult.com\/de\/wp-json\/wp\/v2\/users\/1"}],"replies":[{"embeddable":true,"href":"https:\/\/clearwaterconsult.com\/de\/wp-json\/wp\/v2\/comments?post=71629"}],"version-history":[{"count":2,"href":"https:\/\/clearwaterconsult.com\/de\/wp-json\/wp\/v2\/pages\/71629\/revisions"}],"predecessor-version":[{"id":71631,"href":"https:\/\/clearwaterconsult.com\/de\/wp-json\/wp\/v2\/pages\/71629\/revisions\/71631"}],"wp:attachment":[{"href":"https:\/\/clearwaterconsult.com\/de\/wp-json\/wp\/v2\/media?parent=71629"}],"curies":[{"name":"wp","href":"https:\/\/api.w.org\/{rel}","templated":true}]}}