{"id":71448,"date":"2024-02-22T12:39:13","date_gmt":"2024-02-22T11:39:13","guid":{"rendered":"https:\/\/clearwaterconsult.com\/die-familienstiftung-als-instrument-der-nachfolge\/"},"modified":"2025-06-23T17:36:33","modified_gmt":"2025-06-23T15:36:33","slug":"die-familienstiftung-als-instrument-der-nachfolge","status":"publish","type":"page","link":"https:\/\/clearwaterconsult.com\/de\/die-familienstiftung-als-instrument-der-nachfolge\/","title":{"rendered":"Die Familienstiftung als Instrument der Nachfolge"},"content":{"rendered":"<p>[et_pb_section fb_built=&#8220;1&#8243; custom_padding_last_edited=&#8220;on|phone&#8220; admin_label=&#8220;section&#8220; _builder_version=&#8220;4.24.3&#8243; _module_preset=&#8220;default&#8220; background_enable_image=&#8220;off&#8220; background_video_mp4=&#8220;https:\/\/clearwaterconsult.com\/wp-content\/uploads\/2024\/04\/clear22.mp4&#8243; z_index=&#8220;100&#8243; custom_margin=&#8220;0px||0px||false|false&#8220; custom_padding=&#8220;103px||103px||false|false&#8220; custom_padding_tablet=&#8220;115px||115px||false|false&#8220; custom_padding_phone=&#8220;90px||90px||false|false&#8220; custom_css_before=&#8220;content:%22%22;||    display: block;||    position: absolute;||    top: 0;||    left: 0;||    width: 100%;||    height: 100%;||   background-image: linear-gradient(rgb(4,4,6, 0.3), rgb(4,4,6, 0.9));||    z-index: 9;&#8220; global_module=&#8220;140&#8243; saved_tabs=&#8220;all&#8220; global_colors_info=&#8220;{}&#8220;][et_pb_row admin_label=&#8220;Graben&#8220; _builder_version=&#8220;4.24.2&#8243; background_size=&#8220;initial&#8220; background_position=&#8220;top_left&#8220; background_repeat=&#8220;repeat&#8220; z_index=&#8220;500&#8243; global_colors_info=&#8220;{}&#8220;][et_pb_column type=&#8220;4_4&#8243; _builder_version=&#8220;4.16&#8243; custom_padding=&#8220;|||&#8220; global_colors_info=&#8220;{}&#8220; custom_padding__hover=&#8220;|||&#8220;][et_pb_text _builder_version=&#8220;4.27.4&#8243; _dynamic_attributes=&#8220;content&#8220; _module_preset=&#8220;default&#8220; header_font=&#8220;||||||||&#8220; header_text_color=&#8220;#FFFFFF&#8220; header_font_size=&#8220;35px&#8220; header_line_height=&#8220;1.4em&#8220; header_2_font=&#8220;Big Shoulders Display|700|||||||&#8220; header_2_text_align=&#8220;left&#8220; header_2_text_color=&#8220;#323232&#8243; header_2_font_size=&#8220;44px&#8220; header_2_line_height=&#8220;1.2em&#8220; custom_margin=&#8220;0px||0px||false|false&#8220; custom_margin_tablet=&#8220;0px||40px||false|false&#8220; custom_margin_phone=&#8220;0px||3px||false|false&#8220; custom_margin_last_edited=&#8220;on|tablet&#8220; custom_padding=&#8220;0px||10px||false|false&#8220; header_2_text_align_tablet=&#8220;center&#8220; header_2_text_align_phone=&#8220;center&#8220; header_2_text_align_last_edited=&#8220;off|desktop&#8220; header_2_font_size_tablet=&#8220;44px&#8220; header_2_font_size_phone=&#8220;30px&#8220; header_2_font_size_last_edited=&#8220;on|desktop&#8220; custom_css_after=&#8220;    content: &#8220;;||    width: 100px;||    background-image: linear-gradient(to right,#C5A34D,#C5A34D);||    height: 3px;||    position: absolute;||    left: 0;||    bottom: 0px;&#8220; global_colors_info=&#8220;{}&#8220; custom_css_after_last_edited=&#8220;on|tablet&#8220; custom_css_after_tablet=&#8220;    content: &#8220;;||    width: 100px;||    background-image: linear-gradient(to right,#0051bb,#006efd);||    height: 3px;||    position: absolute;||    left: 50%;||    transform: translate(-50%, 0);||    bottom: 0px;&#8220; custom_css_after_phone=&#8220;    content: &#8220;;||    width: 100px;||    background-image: linear-gradient(to right,#0051bb,#006efd);||    height: 3px;||    position: absolute;||    left: 50%;||    transform: translate(-50%, 0);||    bottom: 0px;&#8220;]@ET-DC@eyJkeW5hbWljIjp0cnVlLCJjb250ZW50IjoicG9zdF90aXRsZSIsInNldHRpbmdzIjp7ImJlZm9yZSI6IjxoMT4iLCJhZnRlciI6IjwvaDE+IiwiZW5hYmxlX2h0bWwiOiJvZmYifX0=@[\/et_pb_text][\/et_pb_column][\/et_pb_row][\/et_pb_section][et_pb_section fb_built=&#8220;1&#8243; custom_padding_last_edited=&#8220;off|tablet&#8220; _builder_version=&#8220;4.24.2&#8243; _module_preset=&#8220;default&#8220; custom_margin=&#8220;0px||0px||false|false&#8220; custom_padding=&#8220;50px||69px||false|false&#8220; custom_padding_tablet=&#8220;100px||100px||false|false&#8220; custom_padding_phone=&#8220;90px||90px||false|false&#8220; global_colors_info=&#8220;{}&#8220;][et_pb_row _builder_version=&#8220;4.24.2&#8243; _module_preset=&#8220;default&#8220; width=&#8220;90%&#8220; global_colors_info=&#8220;{}&#8220;][et_pb_column type=&#8220;4_4&#8243; _builder_version=&#8220;4.24.2&#8243; _module_preset=&#8220;default&#8220; global_colors_info=&#8220;{}&#8220;][et_pb_text _builder_version=&#8220;4.27.4&#8243; _module_preset=&#8220;default&#8220; text_font_size=&#8220;16px&#8220; custom_margin=&#8220;||29px|||&#8220; hover_enabled=&#8220;0&#8243; global_colors_info=&#8220;{}&#8220; custom_css_main_element=&#8220;font-weight: 400!important;&#8220; sticky_enabled=&#8220;0&#8243;]Familienunternehmen sind heute eine wichtige St\u00fctze der Wirtschaft, da sie nicht nur materiellen Reichtum, sondern auch Werte und Traditionen von einer Generation an die n\u00e4chste weitergeben. Der Prozess der Nachfolge in solchen Unternehmen steht jedoch oft vor vielen Herausforderungen, insbesondere im Zusammenhang mit der Verwaltung des Verm\u00f6gens und dem Schutz der Familieninteressen. Um diesen Anforderungen gerecht zu werden, hat der Pr\u00e4sident der Republik Polen am 6. Februar dieses Jahres ein Gesetz unterzeichnet, mit dem die Institution der Familienstiftung in das polnische Rechtssystem eingef\u00fchrt wird.[\/et_pb_text][\/et_pb_column][\/et_pb_row][et_pb_row use_custom_gutter=&#8220;on&#8220; gutter_width=&#8220;1&#8243; _builder_version=&#8220;4.24.2&#8243; _module_preset=&#8220;default&#8220; width=&#8220;90%&#8220; custom_margin=&#8220;0px|auto|4px|auto|false|false&#8220; custom_margin_tablet=&#8220;0px||65px||false|false&#8220; custom_margin_phone=&#8220;0px||65px||false|false&#8220; custom_margin_last_edited=&#8220;off|phone&#8220; custom_padding=&#8220;0px||0px||false|false&#8220; global_colors_info=&#8220;{}&#8220;][et_pb_column type=&#8220;4_4&#8243; _builder_version=&#8220;4.23.4&#8243; _module_preset=&#8220;default&#8220; global_colors_info=&#8220;{}&#8220;][et_pb_text _builder_version=&#8220;4.27.4&#8243; _module_preset=&#8220;default&#8220; header_2_font=&#8220;Roboto|500|||||||&#8220; header_2_text_color=&#8220;#323232&#8243; header_2_font_size=&#8220;28px&#8220; header_2_line_height=&#8220;1.2em&#8220; custom_margin=&#8220;0px||0px||false|false&#8220; custom_margin_tablet=&#8220;0px||40px||false|false&#8220; custom_margin_phone=&#8220;0px||3px||false|false&#8220; custom_margin_last_edited=&#8220;off|desktop&#8220; custom_padding=&#8220;0px||10px||false|false&#8220; hover_enabled=&#8220;0&#8243; header_2_text_align_tablet=&#8220;center&#8220; header_2_text_align_phone=&#8220;center&#8220; header_2_text_align_last_edited=&#8220;off|tablet&#8220; header_2_font_size_tablet=&#8220;44px&#8220; header_2_font_size_phone=&#8220;30px&#8220; header_2_font_size_last_edited=&#8220;off|desktop&#8220; custom_css_after=&#8220;    content: &#8220;;||    width: 100px;||    background-image: linear-gradient(to right,#C5A34D,#C5A34D);||    height: 3px;||    position: absolute;||    left: 0;||    bottom: 0px;&#8220; global_colors_info=&#8220;{}&#8220; custom_css_after_last_edited=&#8220;off|phone&#8220; custom_css_after_tablet=&#8220;    content: &#8220;;||    width: 100px;||    background-image: linear-gradient(to right,#0051bb,#006efd);||    height: 3px;||    position: absolute;||    left: 50%;||    transform: translate(-50%, 0);||    bottom: 0px;&#8220; custom_css_after_phone=&#8220;    content: &#8220;;||    width: 100px;||    background-image: linear-gradient(to right,#0051bb,#006efd);||    height: 3px;||    position: absolute;||    left: 50%;||    transform: translate(-50%, 0);||    bottom: 0px;&#8220; sticky_enabled=&#8220;0&#8243;]<\/p>\n<h2>Gesetzliche Bestimmungen<\/h2>\n<p>[\/et_pb_text][\/et_pb_column][\/et_pb_row][et_pb_row _builder_version=&#8220;4.24.2&#8243; _module_preset=&#8220;default&#8220; width=&#8220;90%&#8220; custom_padding=&#8220;||39px|||&#8220; global_colors_info=&#8220;{}&#8220;][et_pb_column type=&#8220;4_4&#8243; _builder_version=&#8220;4.24.2&#8243; _module_preset=&#8220;default&#8220; global_colors_info=&#8220;{}&#8220;][et_pb_text _builder_version=&#8220;4.27.4&#8243; _module_preset=&#8220;default&#8220; hover_enabled=&#8220;0&#8243; global_colors_info=&#8220;{}&#8220; custom_css_main_element=&#8220;font-weight: 400!important;&#8220; sticky_enabled=&#8220;0&#8243;]Ziel der Familienstiftung ist es, die Nachfolge von Familienunternehmen zu erleichtern, indem sie deren Verm\u00f6gen effizient verwaltet und die Interessen der Familie wahrt. Es ist ein innovatives Instrument, das eine erfolgreiche Nachfolge erm\u00f6glicht und gleichzeitig die Kontinuit\u00e4t des Unternehmens und die Werte der Familie sch\u00fctzt.<\/p>\n<p>Nach den gesetzlichen Bestimmungen kann eine Familienstiftung von voll gesch\u00e4ftsf\u00e4higen Personen oder von mehreren voll gesch\u00e4ftsf\u00e4higen Personen gemeinsam gegr\u00fcndet werden. F\u00fcr die Errichtung einer Stiftung muss ein Notar eine Stiftungsurkunde oder ein Testament aufsetzen, die eine Erkl\u00e4rung enthalten, dass eine Familienstiftung errichtet wurde. Es ist auch wichtig, den Kreis der Beg\u00fcnstigten und den Umfang ihrer Befugnisse zu definieren, was in die Zust\u00e4ndigkeit des Geldgebers f\u00e4llt.<\/p>\n<p>Einer der wichtigsten Aspekte einer Familienstiftung ist die Verwaltung des Verm\u00f6gens des Familienunternehmens. Das Gesetz schr\u00e4nkt die M\u00f6glichkeiten der Stiftung zur Aus\u00fcbung von Gesch\u00e4ftst\u00e4tigkeiten ein, um die mit der Verwaltung des Verm\u00f6gens verbundenen Risiken zu minimieren und die Integrit\u00e4t des Verm\u00f6gens zu sch\u00fctzen. Dennoch kann eine Stiftung bestimmte wirtschaftliche T\u00e4tigkeiten aus\u00fcben, wie z. B. die Ver\u00e4u\u00dferung von Immobilien, die Gew\u00e4hrung von Darlehen oder die Beteiligung an Handelsgesellschaften.[\/et_pb_text][\/et_pb_column][\/et_pb_row][et_pb_row use_custom_gutter=&#8220;on&#8220; gutter_width=&#8220;1&#8243; _builder_version=&#8220;4.24.2&#8243; _module_preset=&#8220;default&#8220; width=&#8220;90%&#8220; custom_margin=&#8220;0px|auto|4px|auto|false|false&#8220; custom_margin_tablet=&#8220;0px||65px||false|false&#8220; custom_margin_phone=&#8220;0px||65px||false|false&#8220; custom_margin_last_edited=&#8220;off|phone&#8220; custom_padding=&#8220;0px||0px||false|false&#8220; global_colors_info=&#8220;{}&#8220;][et_pb_column type=&#8220;4_4&#8243; _builder_version=&#8220;4.23.4&#8243; _module_preset=&#8220;default&#8220; global_colors_info=&#8220;{}&#8220;][et_pb_text _builder_version=&#8220;4.27.4&#8243; _module_preset=&#8220;default&#8220; header_2_font=&#8220;Roboto|500|||||||&#8220; header_2_text_align=&#8220;left&#8220; header_2_text_color=&#8220;#323232&#8243; header_2_font_size=&#8220;28px&#8220; header_2_line_height=&#8220;1.2em&#8220; custom_margin=&#8220;0px||0px||false|false&#8220; custom_margin_tablet=&#8220;0px||40px||false|false&#8220; custom_margin_phone=&#8220;0px||1px||false|false&#8220; custom_margin_last_edited=&#8220;on|tablet&#8220; custom_padding=&#8220;0px||10px||false|false&#8220; hover_enabled=&#8220;0&#8243; header_2_text_align_tablet=&#8220;center&#8220; header_2_text_align_phone=&#8220;center&#8220; header_2_text_align_last_edited=&#8220;off|phone&#8220; header_2_font_size_tablet=&#8220;44px&#8220; header_2_font_size_phone=&#8220;30px&#8220; header_2_font_size_last_edited=&#8220;off|desktop&#8220; custom_css_after=&#8220;    content: &#8220;;||    width: 100px;||    background-image: linear-gradient(to right,#C5A34D,#C5A34D);||    height: 3px;||    position: absolute;||    left: 0;||    bottom: 0px;&#8220; global_colors_info=&#8220;{}&#8220; custom_css_after_last_edited=&#8220;off|phone&#8220; custom_css_after_tablet=&#8220;    content: &#8220;;||    width: 100px;||    background-image: linear-gradient(to right,#0051bb,#006efd);||    height: 3px;||    position: absolute;||    left: 50%;||    transform: translate(-50%, 0);||    bottom: 0px;&#8220; custom_css_after_phone=&#8220;    content: &#8220;;||    width: 100px;||    background-image: linear-gradient(to right,#0051bb,#006efd);||    height: 3px;||    position: absolute;||    left: 50%;||    transform: translate(-50%, 0);||    bottom: 0px;&#8220; sticky_enabled=&#8220;0&#8243;]<\/p>\n<h2>Besteuerung<\/h2>\n<p>[\/et_pb_text][\/et_pb_column][\/et_pb_row][et_pb_row _builder_version=&#8220;4.24.2&#8243; _module_preset=&#8220;default&#8220; width=&#8220;90%&#8220; custom_padding=&#8220;||39px|||&#8220; global_colors_info=&#8220;{}&#8220;][et_pb_column type=&#8220;4_4&#8243; _builder_version=&#8220;4.24.2&#8243; _module_preset=&#8220;default&#8220; global_colors_info=&#8220;{}&#8220;][et_pb_text _builder_version=&#8220;4.27.4&#8243; _module_preset=&#8220;default&#8220; hover_enabled=&#8220;0&#8243; global_colors_info=&#8220;{}&#8220; custom_css_main_element=&#8220;font-weight: 400!important;&#8220; sticky_enabled=&#8220;0&#8243;]Auch die Besteuerung der Familienstiftung ist ein wichtiges Thema. Die von der Stiftung bezogenen Eink\u00fcnfte des Stifters und der Beg\u00fcnstigten unterliegen nicht der Erbschafts- und Schenkungssteuer. Der Erwerb von Leistungen und Verm\u00f6gen im Zusammenhang mit der Aufl\u00f6sung einer Stiftung unterliegt jedoch der Einkommensteuer. Es ist erw\u00e4hnenswert, dass Familienstiftungen eine subjektive Befreiung von der K\u00f6rperschaftssteuer genie\u00dfen.<\/p>\n<p>Mit dem Familienstiftungsgesetz werden auch wesentliche \u00c4nderungen im Erbrecht eingef\u00fchrt, die unter anderem Folgendes betreffen. Verhalten und die Haftung der Stiftung f\u00fcr die Unterhaltspflichten des Stifters. Eine Familienstiftung kann denjenigen, denen gegen\u00fcber der Stifter Unterhaltsverpflichtungen hat, eine wichtige finanzielle Sicherheit bieten, indem sie deren Interessen im Falle einer Vollstreckung in das Verm\u00f6gen des Stifters sch\u00fctzt.[\/et_pb_text][\/et_pb_column][\/et_pb_row][\/et_pb_section]<\/p>\n","protected":false},"excerpt":{"rendered":"<p>Familienunternehmen sind heute eine wichtige St\u00fctze der Wirtschaft, da sie nicht nur materiellen Reichtum, sondern auch Werte und Traditionen von einer Generation an die n\u00e4chste weitergeben. Der Prozess der Nachfolge in solchen Unternehmen steht jedoch oft vor vielen Herausforderungen, insbesondere im Zusammenhang mit der Verwaltung des Verm\u00f6gens und dem Schutz der Familieninteressen. Um diesen Anforderungen [&hellip;]<\/p>\n","protected":false},"author":1,"featured_media":0,"parent":0,"menu_order":0,"comment_status":"closed","ping_status":"closed","template":"","meta":{"_et_pb_use_builder":"on","_et_pb_old_content":"","_et_gb_content_width":"","footnotes":""},"class_list":["post-71448","page","type-page","status-publish","hentry"],"_links":{"self":[{"href":"https:\/\/clearwaterconsult.com\/de\/wp-json\/wp\/v2\/pages\/71448","targetHints":{"allow":["GET"]}}],"collection":[{"href":"https:\/\/clearwaterconsult.com\/de\/wp-json\/wp\/v2\/pages"}],"about":[{"href":"https:\/\/clearwaterconsult.com\/de\/wp-json\/wp\/v2\/types\/page"}],"author":[{"embeddable":true,"href":"https:\/\/clearwaterconsult.com\/de\/wp-json\/wp\/v2\/users\/1"}],"replies":[{"embeddable":true,"href":"https:\/\/clearwaterconsult.com\/de\/wp-json\/wp\/v2\/comments?post=71448"}],"version-history":[{"count":11,"href":"https:\/\/clearwaterconsult.com\/de\/wp-json\/wp\/v2\/pages\/71448\/revisions"}],"predecessor-version":[{"id":71575,"href":"https:\/\/clearwaterconsult.com\/de\/wp-json\/wp\/v2\/pages\/71448\/revisions\/71575"}],"wp:attachment":[{"href":"https:\/\/clearwaterconsult.com\/de\/wp-json\/wp\/v2\/media?parent=71448"}],"curies":[{"name":"wp","href":"https:\/\/api.w.org\/{rel}","templated":true}]}}