{"id":71408,"date":"2024-02-22T12:42:53","date_gmt":"2024-02-22T11:42:53","guid":{"rendered":"https:\/\/clearwaterconsult.com\/wie-gruendet-man-eine-familienstiftung\/"},"modified":"2024-09-04T11:09:21","modified_gmt":"2024-09-04T09:09:21","slug":"wie-gruendet-man-eine-familienstiftung","status":"publish","type":"page","link":"https:\/\/clearwaterconsult.com\/de\/wie-gruendet-man-eine-familienstiftung\/","title":{"rendered":"Wie gr\u00fcndet man eine Familienstiftung?"},"content":{"rendered":"<p>[et_pb_section fb_built=&#8220;1&#8243; custom_padding_last_edited=&#8220;on|phone&#8220; admin_label=&#8220;section&#8220; _builder_version=&#8220;4.24.2&#8243; _module_preset=&#8220;default&#8220; background_enable_image=&#8220;off&#8220; background_video_mp4=&#8220;https:\/\/clearwaterconsult.com\/wp-content\/uploads\/2024\/02\/clear.mp4&#8243; z_index=&#8220;100&#8243; custom_margin=&#8220;0px||0px||false|false&#8220; custom_padding=&#8220;103px||103px||false|false&#8220; custom_padding_tablet=&#8220;115px||115px||false|false&#8220; custom_padding_phone=&#8220;90px||90px||false|false&#8220; custom_css_before=&#8220;content:%22%22;||    display: block;||    position: absolute;||    top: 0;||    left: 0;||    width: 100%;||    height: 100%;||   background-image: linear-gradient(rgb(4,4,6, 0.3), rgb(4,4,6, 0.9));||    z-index: 9;&#8220; global_module=&#8220;140&#8243; saved_tabs=&#8220;all&#8220; global_colors_info=&#8220;{}&#8220; theme_builder_area=&#8220;post_content&#8220;][et_pb_row admin_label=&#8220;Graben&#8220; _builder_version=&#8220;4.24.2&#8243; background_size=&#8220;initial&#8220; background_position=&#8220;top_left&#8220; background_repeat=&#8220;repeat&#8220; z_index=&#8220;500&#8243; global_colors_info=&#8220;{}&#8220; theme_builder_area=&#8220;post_content&#8220;][et_pb_column type=&#8220;4_4&#8243; _builder_version=&#8220;4.16&#8243; custom_padding=&#8220;|||&#8220; global_colors_info=&#8220;{}&#8220; custom_padding__hover=&#8220;|||&#8220; theme_builder_area=&#8220;post_content&#8220;][et_pb_text _builder_version=&#8220;4.24.2&#8243; _dynamic_attributes=&#8220;content&#8220; _module_preset=&#8220;default&#8220; header_font=&#8220;||||||||&#8220; header_text_color=&#8220;#FFFFFF&#8220; header_font_size=&#8220;35px&#8220; header_line_height=&#8220;1.4em&#8220; header_2_font=&#8220;Big Shoulders Display|700|||||||&#8220; header_2_text_align=&#8220;left&#8220; header_2_text_color=&#8220;#323232&#8243; header_2_font_size=&#8220;44px&#8220; header_2_line_height=&#8220;1.2em&#8220; custom_margin=&#8220;0px||0px||false|false&#8220; custom_margin_tablet=&#8220;0px||40px||false|false&#8220; custom_margin_phone=&#8220;0px||3px||false|false&#8220; custom_margin_last_edited=&#8220;on|tablet&#8220; custom_padding=&#8220;0px||10px||false|false&#8220; header_2_text_align_tablet=&#8220;center&#8220; header_2_text_align_phone=&#8220;center&#8220; header_2_text_align_last_edited=&#8220;off|desktop&#8220; header_2_font_size_tablet=&#8220;44px&#8220; header_2_font_size_phone=&#8220;30px&#8220; header_2_font_size_last_edited=&#8220;on|desktop&#8220; custom_css_after=&#8220;    content: &#8220;;||    width: 100px;||    background-image: linear-gradient(to right,#023177,#006efd);||    height: 3px;||    position: absolute;||    left: 0;||    bottom: 0px;&#8220; global_colors_info=&#8220;{}&#8220; custom_css_after_last_edited=&#8220;on|tablet&#8220; custom_css_after_tablet=&#8220;    content: &#8220;;||    width: 100px;||    background-image: linear-gradient(to right,#0051bb,#006efd);||    height: 3px;||    position: absolute;||    left: 50%;||    transform: translate(-50%, 0);||    bottom: 0px;&#8220; custom_css_after_phone=&#8220;    content: &#8220;;||    width: 100px;||    background-image: linear-gradient(to right,#0051bb,#006efd);||    height: 3px;||    position: absolute;||    left: 50%;||    transform: translate(-50%, 0);||    bottom: 0px;&#8220; theme_builder_area=&#8220;post_content&#8220;]@ET-DC@eyJkeW5hbWljIjp0cnVlLCJjb250ZW50IjoicG9zdF90aXRsZSIsInNldHRpbmdzIjp7ImJlZm9yZSI6IjxoMT4iLCJhZnRlciI6IjwvaDE+IiwiZW5hYmxlX2h0bWwiOiJvZmYifX0=@[\/et_pb_text][\/et_pb_column][\/et_pb_row][\/et_pb_section][et_pb_section fb_built=&#8220;1&#8243; custom_padding_last_edited=&#8220;off|tablet&#8220; _builder_version=&#8220;4.24.2&#8243; _module_preset=&#8220;default&#8220; custom_margin=&#8220;0px||0px||false|false&#8220; custom_padding=&#8220;50px||69px||false|false&#8220; custom_padding_tablet=&#8220;100px||100px||false|false&#8220; custom_padding_phone=&#8220;90px||90px||false|false&#8220; global_colors_info=&#8220;{}&#8220; theme_builder_area=&#8220;post_content&#8220;][et_pb_row _builder_version=&#8220;4.24.2&#8243; _module_preset=&#8220;default&#8220; width=&#8220;90%&#8220; global_colors_info=&#8220;{}&#8220; theme_builder_area=&#8220;post_content&#8220;][et_pb_column type=&#8220;4_4&#8243; _builder_version=&#8220;4.24.2&#8243; _module_preset=&#8220;default&#8220; global_colors_info=&#8220;{}&#8220; theme_builder_area=&#8220;post_content&#8220;][et_pb_text _builder_version=&#8220;4.24.2&#8243; _module_preset=&#8220;default&#8220; text_font_size=&#8220;16px&#8220; custom_margin=&#8220;||29px|||&#8220; hover_enabled=&#8220;0&#8243; global_colors_info=&#8220;{}&#8220; theme_builder_area=&#8220;post_content&#8220; sticky_enabled=&#8220;0&#8243;]Die Gr\u00fcndung einer Familienstiftung ist ein wichtiger Schritt f\u00fcr diejenigen, die durch die Unterst\u00fctzung von Wohlt\u00e4tigkeits-, Bildungs- oder anderen gemeinn\u00fctzigen Zwecken einen bleibenden Eindruck in der Gemeinschaft hinterlassen wollen. Dieser Prozess erfordert eine sorgf\u00e4ltige Planung und die Kenntnis komplexer rechtlicher Verfahren. Im Folgenden finden Sie eine umfassende schrittweise Anleitung f\u00fcr diejenigen, die sich fragen, wie sie eine Familienstiftung gr\u00fcnden k\u00f6nnen.[\/et_pb_text][\/et_pb_column][\/et_pb_row][et_pb_row use_custom_gutter=&#8220;on&#8220; gutter_width=&#8220;1&#8243; _builder_version=&#8220;4.24.2&#8243; _module_preset=&#8220;default&#8220; width=&#8220;90%&#8220; custom_margin=&#8220;0px|auto|4px|auto|false|false&#8220; custom_margin_tablet=&#8220;0px||65px||false|false&#8220; custom_margin_phone=&#8220;0px||65px||false|false&#8220; custom_margin_last_edited=&#8220;off|phone&#8220; custom_padding=&#8220;0px||0px||false|false&#8220; global_colors_info=&#8220;{}&#8220; theme_builder_area=&#8220;post_content&#8220;][et_pb_column type=&#8220;4_4&#8243; _builder_version=&#8220;4.23.4&#8243; _module_preset=&#8220;default&#8220; global_colors_info=&#8220;{}&#8220; theme_builder_area=&#8220;post_content&#8220;][et_pb_text _builder_version=&#8220;4.24.2&#8243; _module_preset=&#8220;default&#8220; header_2_font=&#8220;Big Shoulders Display|700|||||||&#8220; header_2_text_color=&#8220;#323232&#8243; header_2_font_size=&#8220;30px&#8220; header_2_line_height=&#8220;1.2em&#8220; custom_margin=&#8220;0px||0px||false|false&#8220; custom_margin_tablet=&#8220;0px||40px||false|false&#8220; custom_margin_phone=&#8220;0px||3px||false|false&#8220; custom_margin_last_edited=&#8220;off|desktop&#8220; custom_padding=&#8220;0px||10px||false|false&#8220; hover_enabled=&#8220;0&#8243; header_2_text_align_tablet=&#8220;center&#8220; header_2_text_align_phone=&#8220;center&#8220; header_2_text_align_last_edited=&#8220;off|tablet&#8220; header_2_font_size_tablet=&#8220;44px&#8220; header_2_font_size_phone=&#8220;30px&#8220; header_2_font_size_last_edited=&#8220;off|desktop&#8220; custom_css_after=&#8220;    content: &#8220;;||    width: 100px;||    background-image: linear-gradient(to right,#023177,#006efd);||    height: 3px;||    position: absolute;||    left: 0;||    bottom: 0px;&#8220; global_colors_info=&#8220;{}&#8220; custom_css_after_last_edited=&#8220;off|phone&#8220; custom_css_after_tablet=&#8220;    content: &#8220;;||    width: 100px;||    background-image: linear-gradient(to right,#0051bb,#006efd);||    height: 3px;||    position: absolute;||    left: 50%;||    transform: translate(-50%, 0);||    bottom: 0px;&#8220; custom_css_after_phone=&#8220;    content: &#8220;;||    width: 100px;||    background-image: linear-gradient(to right,#0051bb,#006efd);||    height: 3px;||    position: absolute;||    left: 50%;||    transform: translate(-50%, 0);||    bottom: 0px;&#8220; theme_builder_area=&#8220;post_content&#8220; sticky_enabled=&#8220;0&#8243;]<\/p>\n<h2>Verfahren zur Gr\u00fcndung einer Familienstiftung  <\/h2>\n<p>[\/et_pb_text][\/et_pb_column][\/et_pb_row][et_pb_row _builder_version=&#8220;4.24.2&#8243; _module_preset=&#8220;default&#8220; width=&#8220;90%&#8220; custom_padding=&#8220;||39px|||&#8220; global_colors_info=&#8220;{}&#8220; theme_builder_area=&#8220;post_content&#8220;][et_pb_column type=&#8220;4_4&#8243; _builder_version=&#8220;4.24.2&#8243; _module_preset=&#8220;default&#8220; global_colors_info=&#8220;{}&#8220; theme_builder_area=&#8220;post_content&#8220;][et_pb_text _builder_version=&#8220;4.24.2&#8243; _module_preset=&#8220;default&#8220; hover_enabled=&#8220;0&#8243; global_colors_info=&#8220;{}&#8220; theme_builder_area=&#8220;post_content&#8220; sticky_enabled=&#8220;0&#8243;]Das Verfahren zur Errichtung einer Familienstiftung beginnt mit der Abgabe einer Stiftungserkl\u00e4rung vor einem Notar, der die Stiftungsurkunde oder im Falle eines Testaments eine notarielle Urkunde ausstellt. In diesem Dokument werden die Ziele der Stiftung und die Regeln f\u00fcr ihre T\u00e4tigkeit dargelegt. Der n\u00e4chste Schritt ist die \u00dcbertragung von Verm\u00f6genswerten mit einem Mindestwert, der in der Regel mindestens 100.000 betr\u00e4gt. PLN. Die Stiftung muss dann in das Register der Familienstiftungen eingetragen werden, das vom zust\u00e4ndigen Bezirksgericht gef\u00fchrt wird.<br \/>\n[\/et_pb_text][\/et_pb_column][\/et_pb_row][et_pb_row use_custom_gutter=&#8220;on&#8220; gutter_width=&#8220;1&#8243; _builder_version=&#8220;4.24.2&#8243; _module_preset=&#8220;default&#8220; width=&#8220;90%&#8220; custom_margin=&#8220;0px|auto|4px|auto|false|false&#8220; custom_margin_tablet=&#8220;0px||65px||false|false&#8220; custom_margin_phone=&#8220;0px||65px||false|false&#8220; custom_margin_last_edited=&#8220;off|phone&#8220; custom_padding=&#8220;0px||0px||false|false&#8220; global_colors_info=&#8220;{}&#8220; theme_builder_area=&#8220;post_content&#8220;][et_pb_column type=&#8220;4_4&#8243; _builder_version=&#8220;4.23.4&#8243; _module_preset=&#8220;default&#8220; global_colors_info=&#8220;{}&#8220; theme_builder_area=&#8220;post_content&#8220;][et_pb_text _builder_version=&#8220;4.24.2&#8243; _module_preset=&#8220;default&#8220; header_2_font=&#8220;Big Shoulders Display|700|||||||&#8220; header_2_text_align=&#8220;left&#8220; header_2_text_color=&#8220;#323232&#8243; header_2_font_size=&#8220;30px&#8220; header_2_line_height=&#8220;1.2em&#8220; custom_margin=&#8220;0px||0px||false|false&#8220; custom_margin_tablet=&#8220;0px||40px||false|false&#8220; custom_margin_phone=&#8220;0px||1px||false|false&#8220; custom_margin_last_edited=&#8220;on|tablet&#8220; custom_padding=&#8220;0px||10px||false|false&#8220; hover_enabled=&#8220;0&#8243; header_2_text_align_tablet=&#8220;center&#8220; header_2_text_align_phone=&#8220;center&#8220; header_2_text_align_last_edited=&#8220;off|phone&#8220; header_2_font_size_tablet=&#8220;44px&#8220; header_2_font_size_phone=&#8220;30px&#8220; header_2_font_size_last_edited=&#8220;off|desktop&#8220; custom_css_after=&#8220;    content: &#8220;;||    width: 100px;||    background-image: linear-gradient(to right,#023177,#006efd);||    height: 3px;||    position: absolute;||    left: 0;||    bottom: 0px;&#8220; global_colors_info=&#8220;{}&#8220; custom_css_after_last_edited=&#8220;off|phone&#8220; custom_css_after_tablet=&#8220;    content: &#8220;;||    width: 100px;||    background-image: linear-gradient(to right,#0051bb,#006efd);||    height: 3px;||    position: absolute;||    left: 50%;||    transform: translate(-50%, 0);||    bottom: 0px;&#8220; custom_css_after_phone=&#8220;    content: &#8220;;||    width: 100px;||    background-image: linear-gradient(to right,#0051bb,#006efd);||    height: 3px;||    position: absolute;||    left: 50%;||    transform: translate(-50%, 0);||    bottom: 0px;&#8220; theme_builder_area=&#8220;post_content&#8220; sticky_enabled=&#8220;0&#8243;]<\/p>\n<h2>Geldgeber<\/h2>\n<p>[\/et_pb_text][\/et_pb_column][\/et_pb_row][et_pb_row _builder_version=&#8220;4.24.2&#8243; _module_preset=&#8220;default&#8220; width=&#8220;90%&#8220; custom_padding=&#8220;||39px|||&#8220; global_colors_info=&#8220;{}&#8220; theme_builder_area=&#8220;post_content&#8220;][et_pb_column type=&#8220;4_4&#8243; _builder_version=&#8220;4.24.2&#8243; _module_preset=&#8220;default&#8220; global_colors_info=&#8220;{}&#8220; theme_builder_area=&#8220;post_content&#8220;][et_pb_text _builder_version=&#8220;4.24.2&#8243; _module_preset=&#8220;default&#8220; hover_enabled=&#8220;0&#8243; global_colors_info=&#8220;{}&#8220; theme_builder_area=&#8220;post_content&#8220; sticky_enabled=&#8220;0&#8243;]Der Gr\u00fcnder einer Familienstiftung kann eine voll gesch\u00e4ftsf\u00e4hige Person sein. Es kann sich um eine einzelne Person oder eine Gruppe von Personen handeln, die gemeinsam beschlie\u00dfen, eine Stiftung zu gr\u00fcnden. Die Geldgeber haben einen grundlegenden Einfluss auf die Ziele und Aktivit\u00e4ten der Stiftung und k\u00f6nnen auch Nutznie\u00dfer ihrer Aktivit\u00e4ten sein.<br \/>\n[\/et_pb_text][\/et_pb_column][\/et_pb_row][et_pb_row use_custom_gutter=&#8220;on&#8220; gutter_width=&#8220;1&#8243; _builder_version=&#8220;4.24.2&#8243; _module_preset=&#8220;default&#8220; width=&#8220;90%&#8220; custom_margin=&#8220;0px|auto|4px|auto|false|false&#8220; custom_margin_tablet=&#8220;0px||65px||false|false&#8220; custom_margin_phone=&#8220;0px||65px||false|false&#8220; custom_margin_last_edited=&#8220;off|phone&#8220; custom_padding=&#8220;0px||0px||false|false&#8220; global_colors_info=&#8220;{}&#8220; theme_builder_area=&#8220;post_content&#8220;][et_pb_column type=&#8220;4_4&#8243; _builder_version=&#8220;4.23.4&#8243; _module_preset=&#8220;default&#8220; global_colors_info=&#8220;{}&#8220; theme_builder_area=&#8220;post_content&#8220;][et_pb_text _builder_version=&#8220;4.24.2&#8243; _module_preset=&#8220;default&#8220; header_2_font=&#8220;Big Shoulders Display|700|||||||&#8220; header_2_text_align=&#8220;left&#8220; header_2_text_color=&#8220;#323232&#8243; header_2_font_size=&#8220;30px&#8220; header_2_line_height=&#8220;1.2em&#8220; custom_margin=&#8220;0px||0px||false|false&#8220; custom_margin_tablet=&#8220;0px||40px||false|false&#8220; custom_margin_phone=&#8220;0px||1px||false|false&#8220; custom_margin_last_edited=&#8220;on|tablet&#8220; custom_padding=&#8220;0px||10px||false|false&#8220; hover_enabled=&#8220;0&#8243; header_2_text_align_tablet=&#8220;center&#8220; header_2_text_align_phone=&#8220;center&#8220; header_2_text_align_last_edited=&#8220;off|phone&#8220; header_2_font_size_tablet=&#8220;44px&#8220; header_2_font_size_phone=&#8220;30px&#8220; header_2_font_size_last_edited=&#8220;off|desktop&#8220; custom_css_after=&#8220;    content: &#8220;;||    width: 100px;||    background-image: linear-gradient(to right,#023177,#006efd);||    height: 3px;||    position: absolute;||    left: 0;||    bottom: 0px;&#8220; global_colors_info=&#8220;{}&#8220; custom_css_after_last_edited=&#8220;off|phone&#8220; custom_css_after_tablet=&#8220;    content: &#8220;;||    width: 100px;||    background-image: linear-gradient(to right,#0051bb,#006efd);||    height: 3px;||    position: absolute;||    left: 50%;||    transform: translate(-50%, 0);||    bottom: 0px;&#8220; custom_css_after_phone=&#8220;    content: &#8220;;||    width: 100px;||    background-image: linear-gradient(to right,#0051bb,#006efd);||    height: 3px;||    position: absolute;||    left: 50%;||    transform: translate(-50%, 0);||    bottom: 0px;&#8220; theme_builder_area=&#8220;post_content&#8220; sticky_enabled=&#8220;0&#8243;]<\/p>\n<h2>Beg\u00fcnstigter<\/h2>\n<p>[\/et_pb_text][\/et_pb_column][\/et_pb_row][et_pb_row _builder_version=&#8220;4.24.2&#8243; _module_preset=&#8220;default&#8220; width=&#8220;90%&#8220; custom_padding=&#8220;||39px|||&#8220; global_colors_info=&#8220;{}&#8220; theme_builder_area=&#8220;post_content&#8220;][et_pb_column type=&#8220;4_4&#8243; _builder_version=&#8220;4.24.2&#8243; _module_preset=&#8220;default&#8220; global_colors_info=&#8220;{}&#8220; theme_builder_area=&#8220;post_content&#8220;][et_pb_text _builder_version=&#8220;4.24.2&#8243; _module_preset=&#8220;default&#8220; hover_enabled=&#8220;0&#8243; global_colors_info=&#8220;{}&#8220; theme_builder_area=&#8220;post_content&#8220; sticky_enabled=&#8220;0&#8243;]Der Beg\u00fcnstigte einer Familienstiftung kann entweder eine Einzelperson oder eine nichtstaatliche Organisation sein, die gemeinn\u00fctzige T\u00e4tigkeiten aus\u00fcbt. Meist handelt es sich bei den Beg\u00fcnstigten um Familienangeh\u00f6rige des Stifters, es k\u00f6nnen aber auch Dritte oder andere Institutionen sein, die der Stifter bestimmt. Die Stifter bestimmen, wer von der Unterst\u00fctzung durch die Stiftung profitieren kann.<br \/>\n[\/et_pb_text][\/et_pb_column][\/et_pb_row][et_pb_row use_custom_gutter=&#8220;on&#8220; gutter_width=&#8220;1&#8243; _builder_version=&#8220;4.24.2&#8243; _module_preset=&#8220;default&#8220; width=&#8220;90%&#8220; custom_margin=&#8220;0px|auto|4px|auto|false|false&#8220; custom_margin_tablet=&#8220;0px||65px||false|false&#8220; custom_margin_phone=&#8220;0px||65px||false|false&#8220; custom_margin_last_edited=&#8220;off|phone&#8220; custom_padding=&#8220;0px||0px||false|false&#8220; global_colors_info=&#8220;{}&#8220; theme_builder_area=&#8220;post_content&#8220;][et_pb_column type=&#8220;4_4&#8243; _builder_version=&#8220;4.23.4&#8243; _module_preset=&#8220;default&#8220; global_colors_info=&#8220;{}&#8220; theme_builder_area=&#8220;post_content&#8220;][et_pb_text _builder_version=&#8220;4.24.2&#8243; _module_preset=&#8220;default&#8220; header_2_font=&#8220;Big Shoulders Display|700|||||||&#8220; header_2_text_align=&#8220;left&#8220; header_2_text_color=&#8220;#323232&#8243; header_2_font_size=&#8220;30px&#8220; header_2_line_height=&#8220;1.2em&#8220; custom_margin=&#8220;0px||0px||false|false&#8220; custom_margin_tablet=&#8220;0px||40px||false|false&#8220; custom_margin_phone=&#8220;0px||1px||false|false&#8220; custom_margin_last_edited=&#8220;on|tablet&#8220; custom_padding=&#8220;0px||10px||false|false&#8220; hover_enabled=&#8220;0&#8243; header_2_text_align_tablet=&#8220;center&#8220; header_2_text_align_phone=&#8220;center&#8220; header_2_text_align_last_edited=&#8220;off|phone&#8220; header_2_font_size_tablet=&#8220;44px&#8220; header_2_font_size_phone=&#8220;30px&#8220; header_2_font_size_last_edited=&#8220;off|desktop&#8220; custom_css_after=&#8220;    content: &#8220;;||    width: 100px;||    background-image: linear-gradient(to right,#023177,#006efd);||    height: 3px;||    position: absolute;||    left: 0;||    bottom: 0px;&#8220; global_colors_info=&#8220;{}&#8220; custom_css_after_last_edited=&#8220;off|phone&#8220; custom_css_after_tablet=&#8220;    content: &#8220;;||    width: 100px;||    background-image: linear-gradient(to right,#0051bb,#006efd);||    height: 3px;||    position: absolute;||    left: 50%;||    transform: translate(-50%, 0);||    bottom: 0px;&#8220; custom_css_after_phone=&#8220;    content: &#8220;;||    width: 100px;||    background-image: linear-gradient(to right,#0051bb,#006efd);||    height: 3px;||    position: absolute;||    left: 50%;||    transform: translate(-50%, 0);||    bottom: 0px;&#8220; theme_builder_area=&#8220;post_content&#8220; sticky_enabled=&#8220;0&#8243;]<\/p>\n<h2>Verwaltung und Betrieb der Stiftung  <\/h2>\n<p>[\/et_pb_text][\/et_pb_column][\/et_pb_row][et_pb_row _builder_version=&#8220;4.24.2&#8243; _module_preset=&#8220;default&#8220; width=&#8220;90%&#8220; custom_padding=&#8220;||39px|||&#8220; global_colors_info=&#8220;{}&#8220; theme_builder_area=&#8220;post_content&#8220;][et_pb_column type=&#8220;4_4&#8243; _builder_version=&#8220;4.24.2&#8243; _module_preset=&#8220;default&#8220; global_colors_info=&#8220;{}&#8220; theme_builder_area=&#8220;post_content&#8220;][et_pb_text _builder_version=&#8220;4.24.2&#8243; _module_preset=&#8220;default&#8220; hover_enabled=&#8220;0&#8243; global_colors_info=&#8220;{}&#8220; theme_builder_area=&#8220;post_content&#8220; sticky_enabled=&#8220;0&#8243;]Die Familienstiftung wird von einem Vorstand geleitet, der f\u00fcr die laufende Verwaltung der Aktivit\u00e4ten verantwortlich ist. Der Vorstand entscheidet \u00fcber Ausgaben, ergreift Initiativen und vertritt die Stiftung nach au\u00dfen. Dar\u00fcber hinaus kann die Stiftung von einem Aufsichtsrat beaufsichtigt werden, der ihre Aktivit\u00e4ten \u00fcberwacht und wichtige strategische Entscheidungen trifft. Das Tagesgesch\u00e4ft der Familienstiftung umfasst die Erreichung der satzungsgem\u00e4\u00dfen Ziele, die Verwaltung des Stiftungsverm\u00f6gens und die Durchf\u00fchrung von Aktivit\u00e4ten zur Unterst\u00fctzung der Beg\u00fcnstigten. Die Ertr\u00e4ge und das Verm\u00f6gen der Stiftung k\u00f6nnen f\u00fcr den Lebensunterhalt, die Ausbildung, die medizinische Behandlung oder andere Zwecke im Sinne des Stiftungszwecks verwendet werden. Regelm\u00e4\u00dfige Sitzungen der Stiftungsorgane und die F\u00fchrung von Finanz- und Berichtsunterlagen sind f\u00fcr die Transparenz und Effizienz der Stiftung von entscheidender Bedeutung.[\/et_pb_text][\/et_pb_column][\/et_pb_row][\/et_pb_section]<\/p>\n","protected":false},"excerpt":{"rendered":"<p>Die Gr\u00fcndung einer Familienstiftung ist ein wichtiger Schritt f\u00fcr diejenigen, die durch die Unterst\u00fctzung von Wohlt\u00e4tigkeits-, Bildungs- oder anderen gemeinn\u00fctzigen Zwecken einen bleibenden Eindruck in der Gemeinschaft hinterlassen wollen. Dieser Prozess erfordert eine sorgf\u00e4ltige Planung und die Kenntnis komplexer rechtlicher Verfahren. Im Folgenden finden Sie eine umfassende schrittweise Anleitung f\u00fcr diejenigen, die sich fragen, wie [&hellip;]<\/p>\n","protected":false},"author":1,"featured_media":0,"parent":0,"menu_order":0,"comment_status":"closed","ping_status":"closed","template":"","meta":{"_et_pb_use_builder":"on","_et_pb_old_content":"","_et_gb_content_width":"","footnotes":""},"class_list":["post-71408","page","type-page","status-publish","hentry"],"_links":{"self":[{"href":"https:\/\/clearwaterconsult.com\/de\/wp-json\/wp\/v2\/pages\/71408","targetHints":{"allow":["GET"]}}],"collection":[{"href":"https:\/\/clearwaterconsult.com\/de\/wp-json\/wp\/v2\/pages"}],"about":[{"href":"https:\/\/clearwaterconsult.com\/de\/wp-json\/wp\/v2\/types\/page"}],"author":[{"embeddable":true,"href":"https:\/\/clearwaterconsult.com\/de\/wp-json\/wp\/v2\/users\/1"}],"replies":[{"embeddable":true,"href":"https:\/\/clearwaterconsult.com\/de\/wp-json\/wp\/v2\/comments?post=71408"}],"version-history":[{"count":7,"href":"https:\/\/clearwaterconsult.com\/de\/wp-json\/wp\/v2\/pages\/71408\/revisions"}],"predecessor-version":[{"id":71517,"href":"https:\/\/clearwaterconsult.com\/de\/wp-json\/wp\/v2\/pages\/71408\/revisions\/71517"}],"wp:attachment":[{"href":"https:\/\/clearwaterconsult.com\/de\/wp-json\/wp\/v2\/media?parent=71408"}],"curies":[{"name":"wp","href":"https:\/\/api.w.org\/{rel}","templated":true}]}}