{"id":71388,"date":"2024-02-22T11:12:00","date_gmt":"2024-02-22T10:12:00","guid":{"rendered":"https:\/\/clearwaterconsult.com\/warum-eine-familienstiftung-gruenden\/"},"modified":"2025-06-23T17:22:39","modified_gmt":"2025-06-23T15:22:39","slug":"warum-eine-familienstiftung-gruenden","status":"publish","type":"page","link":"https:\/\/clearwaterconsult.com\/de\/warum-eine-familienstiftung-gruenden\/","title":{"rendered":"Warum eine Familienstiftung gr\u00fcnden?"},"content":{"rendered":"<p>[et_pb_section fb_built=&#8220;1&#8243; custom_padding_last_edited=&#8220;on|phone&#8220; admin_label=&#8220;section&#8220; _builder_version=&#8220;4.24.3&#8243; _module_preset=&#8220;default&#8220; background_enable_image=&#8220;off&#8220; background_video_mp4=&#8220;https:\/\/clearwaterconsult.com\/wp-content\/uploads\/2024\/04\/clear22.mp4&#8243; z_index=&#8220;100&#8243; custom_margin=&#8220;0px||0px||false|false&#8220; custom_padding=&#8220;103px||103px||false|false&#8220; custom_padding_tablet=&#8220;115px||115px||false|false&#8220; custom_padding_phone=&#8220;90px||90px||false|false&#8220; custom_css_before=&#8220;content:%22%22;||    display: block;||    position: absolute;||    top: 0;||    left: 0;||    width: 100%;||    height: 100%;||   background-image: linear-gradient(rgb(4,4,6, 0.3), rgb(4,4,6, 0.9));||    z-index: 9;&#8220; global_module=&#8220;140&#8243; saved_tabs=&#8220;all&#8220; global_colors_info=&#8220;{}&#8220;][et_pb_row admin_label=&#8220;Graben&#8220; _builder_version=&#8220;4.24.2&#8243; background_size=&#8220;initial&#8220; background_position=&#8220;top_left&#8220; background_repeat=&#8220;repeat&#8220; z_index=&#8220;500&#8243; global_colors_info=&#8220;{}&#8220;][et_pb_column type=&#8220;4_4&#8243; _builder_version=&#8220;4.16&#8243; custom_padding=&#8220;|||&#8220; global_colors_info=&#8220;{}&#8220; custom_padding__hover=&#8220;|||&#8220;][et_pb_text _builder_version=&#8220;4.27.4&#8243; _dynamic_attributes=&#8220;content&#8220; _module_preset=&#8220;default&#8220; header_font=&#8220;||||||||&#8220; header_text_color=&#8220;#FFFFFF&#8220; header_font_size=&#8220;35px&#8220; header_line_height=&#8220;1.4em&#8220; header_2_font=&#8220;Big Shoulders Display|700|||||||&#8220; header_2_text_align=&#8220;left&#8220; header_2_text_color=&#8220;#323232&#8243; header_2_font_size=&#8220;44px&#8220; header_2_line_height=&#8220;1.2em&#8220; custom_margin=&#8220;0px||0px||false|false&#8220; custom_margin_tablet=&#8220;0px||40px||false|false&#8220; custom_margin_phone=&#8220;0px||3px||false|false&#8220; custom_margin_last_edited=&#8220;on|tablet&#8220; custom_padding=&#8220;0px||10px||false|false&#8220; hover_enabled=&#8220;0&#8243; header_2_text_align_tablet=&#8220;center&#8220; header_2_text_align_phone=&#8220;center&#8220; header_2_text_align_last_edited=&#8220;off|desktop&#8220; header_2_font_size_tablet=&#8220;44px&#8220; header_2_font_size_phone=&#8220;30px&#8220; header_2_font_size_last_edited=&#8220;on|desktop&#8220; custom_css_after=&#8220;    content: &#8220;;||    width: 100px;||    background-image: linear-gradient(to right,#C5A34D,#C5A34D);||    height: 3px;||    position: absolute;||    left: 0;||    bottom: 0px;&#8220; global_colors_info=&#8220;{}&#8220; custom_css_after_last_edited=&#8220;on|tablet&#8220; custom_css_after_tablet=&#8220;    content: &#8220;;||    width: 100px;||    background-image: linear-gradient(to right,#0051bb,#006efd);||    height: 3px;||    position: absolute;||    left: 50%;||    transform: translate(-50%, 0);||    bottom: 0px;&#8220; custom_css_after_phone=&#8220;    content: &#8220;;||    width: 100px;||    background-image: linear-gradient(to right,#0051bb,#006efd);||    height: 3px;||    position: absolute;||    left: 50%;||    transform: translate(-50%, 0);||    bottom: 0px;&#8220; sticky_enabled=&#8220;0&#8243;]@ET-DC@eyJkeW5hbWljIjp0cnVlLCJjb250ZW50IjoicG9zdF90aXRsZSIsInNldHRpbmdzIjp7ImJlZm9yZSI6IjxoMT4iLCJhZnRlciI6IjxcL2gxPiJ9fQ==@[\/et_pb_text][\/et_pb_column][\/et_pb_row][\/et_pb_section][et_pb_section fb_built=&#8220;1&#8243; custom_padding_last_edited=&#8220;off|tablet&#8220; _builder_version=&#8220;4.24.2&#8243; _module_preset=&#8220;default&#8220; custom_margin=&#8220;0px||0px||false|false&#8220; custom_padding=&#8220;50px||69px||false|false&#8220; custom_padding_tablet=&#8220;100px||100px||false|false&#8220; custom_padding_phone=&#8220;90px||90px||false|false&#8220; global_colors_info=&#8220;{}&#8220;][et_pb_row _builder_version=&#8220;4.24.2&#8243; _module_preset=&#8220;default&#8220; width=&#8220;90%&#8220; global_colors_info=&#8220;{}&#8220;][et_pb_column type=&#8220;4_4&#8243; _builder_version=&#8220;4.24.2&#8243; _module_preset=&#8220;default&#8220; global_colors_info=&#8220;{}&#8220;][et_pb_text _builder_version=&#8220;4.27.4&#8243; _module_preset=&#8220;default&#8220; text_font_size=&#8220;16px&#8220; custom_margin=&#8220;||29px|||&#8220; hover_enabled=&#8220;0&#8243; global_colors_info=&#8220;{}&#8220; custom_css_main_element=&#8220;font-weight: 400!important;&#8220; sticky_enabled=&#8220;0&#8243;]<\/p>\n<p>Die Familienstiftung ist eine Institution, die f\u00fcr Unternehmer immer attraktiver wird, insbesondere im Zusammenhang mit Unternehmenstransaktionen wie dem Verkauf von Anteilen an einer Gesellschaft mit beschr\u00e4nkter Haftung (GmbH). Unsere Erfahrung zeigt, dass immer mehr Menschen daran interessiert sind, die Familienstiftung als Instrument zur Sicherung ihrer Interessen im Transaktionsprozess zu nutzen.<\/p>\n<p>Einer der wichtigsten Faktoren, der f\u00fcr die Gr\u00fcndung einer Familienstiftung in Polen spricht, ist die Tatsache, dass sie es den Unternehmern erm\u00f6glicht, ihre Unternehmensanteile zu ver\u00e4u\u00dfern, ohne hohe Sicherheitskosten oder das Risiko m\u00f6glicher rechtlicher und finanzieller Probleme des Unternehmens auf sich nehmen zu m\u00fcssen. Die Einbindung einer Familienstiftung in den Transaktionsprozess ver\u00e4ndert die Dynamik des Prozesses und bietet sowohl dem Verk\u00e4ufer als auch dem K\u00e4ufer Vorteile.<\/p>\n<p>[\/et_pb_text][\/et_pb_column][\/et_pb_row][et_pb_row use_custom_gutter=&#8220;on&#8220; gutter_width=&#8220;1&#8243; _builder_version=&#8220;4.24.2&#8243; _module_preset=&#8220;default&#8220; width=&#8220;90%&#8220; custom_margin=&#8220;0px|auto|4px|auto|false|false&#8220; custom_margin_tablet=&#8220;0px||65px||false|false&#8220; custom_margin_phone=&#8220;0px||65px||false|false&#8220; custom_margin_last_edited=&#8220;off|phone&#8220; custom_padding=&#8220;0px||0px||false|false&#8220; global_colors_info=&#8220;{}&#8220;][et_pb_column type=&#8220;4_4&#8243; _builder_version=&#8220;4.23.4&#8243; _module_preset=&#8220;default&#8220; global_colors_info=&#8220;{}&#8220;][et_pb_text _builder_version=&#8220;4.27.4&#8243; _module_preset=&#8220;default&#8220; header_2_font=&#8220;Roboto|500|||||||&#8220; header_2_text_color=&#8220;#323232&#8243; header_2_font_size=&#8220;28px&#8220; header_2_line_height=&#8220;1.2em&#8220; custom_margin=&#8220;0px||0px||false|false&#8220; custom_margin_tablet=&#8220;0px||40px||false|false&#8220; custom_margin_phone=&#8220;0px||3px||false|false&#8220; custom_margin_last_edited=&#8220;off|desktop&#8220; custom_padding=&#8220;0px||10px||false|false&#8220; hover_enabled=&#8220;0&#8243; header_2_text_align_tablet=&#8220;center&#8220; header_2_text_align_phone=&#8220;center&#8220; header_2_text_align_last_edited=&#8220;off|tablet&#8220; header_2_font_size_tablet=&#8220;44px&#8220; header_2_font_size_phone=&#8220;30px&#8220; header_2_font_size_last_edited=&#8220;off|desktop&#8220; custom_css_after=&#8220;    content: &#8220;;||    width: 100px;||    background-image: linear-gradient(to right,#C5A34D,#C5A34D);||    height: 3px;||    position: absolute;||    left: 0;||    bottom: 0px;&#8220; global_colors_info=&#8220;{}&#8220; custom_css_after_last_edited=&#8220;off|phone&#8220; custom_css_after_tablet=&#8220;    content: &#8220;;||    width: 100px;||    background-image: linear-gradient(to right,#0051bb,#006efd);||    height: 3px;||    position: absolute;||    left: 50%;||    transform: translate(-50%, 0);||    bottom: 0px;&#8220; custom_css_after_phone=&#8220;    content: &#8220;;||    width: 100px;||    background-image: linear-gradient(to right,#0051bb,#006efd);||    height: 3px;||    position: absolute;||    left: 50%;||    transform: translate(-50%, 0);||    bottom: 0px;&#8220; sticky_enabled=&#8220;0&#8243;]<\/p>\n<h2>Verkauf von Aktien der Gesellschaft<\/h2>\n<p>[\/et_pb_text][\/et_pb_column][\/et_pb_row][et_pb_row _builder_version=&#8220;4.24.2&#8243; _module_preset=&#8220;default&#8220; width=&#8220;90%&#8220; custom_padding=&#8220;||39px|||&#8220; global_colors_info=&#8220;{}&#8220;][et_pb_column type=&#8220;4_4&#8243; _builder_version=&#8220;4.24.2&#8243; _module_preset=&#8220;default&#8220; global_colors_info=&#8220;{}&#8220;][et_pb_text _builder_version=&#8220;4.27.4&#8243; _module_preset=&#8220;default&#8220; hover_enabled=&#8220;0&#8243; global_colors_info=&#8220;{}&#8220; custom_css_main_element=&#8220;font-weight: 400!important;&#8220; sticky_enabled=&#8220;0&#8243;]<\/p>\n<p>F\u00fcr den Verk\u00e4ufer der Unternehmensanteile bedeutet die \u00dcbertragung auf eine Familienstiftung eine Steuerersparnis, da er keine Kapitalertragssteuer auf den Verkauf der Anteile zahlen muss. Diese Steuer wird erst dann gezahlt, wenn die Mittel der Stiftung an den Beg\u00fcnstigten ausgezahlt werden. Dar\u00fcber hinaus kann der Verk\u00e4ufer bei einer Familienstiftung sicher sein, dass seine Beteiligung am Transaktionsprozess nachhaltig ist und er nicht &#8222;nach der Transaktion&#8220; verschwindet. Dies ist ein wichtiger Schutz f\u00fcr den Erwerber, der das Risiko m\u00f6glicher Probleme im Zusammenhang mit dem fr\u00fcheren Eigent\u00fcmer der Aktien vermeidet.<\/p>\n<p>Aus Sicht des Aktienerwerbers ist die Familienstiftung ein solider und stabiler Transaktionspartner. Als juristische Person ist eine Stiftung langlebiger und leichter zu sichern als eine Einzelperson. Dar\u00fcber hinaus muss der Erwerber nicht bef\u00fcrchten, dass die Stiftung verschwindet oder liquidiert wird, was die Sicherheit des Gesch\u00e4fts weiter erh\u00f6ht.<\/p>\n<p>[\/et_pb_text][\/et_pb_column][\/et_pb_row][et_pb_row use_custom_gutter=&#8220;on&#8220; gutter_width=&#8220;1&#8243; _builder_version=&#8220;4.24.2&#8243; _module_preset=&#8220;default&#8220; width=&#8220;90%&#8220; custom_margin=&#8220;0px|auto|4px|auto|false|false&#8220; custom_margin_tablet=&#8220;0px||65px||false|false&#8220; custom_margin_phone=&#8220;0px||65px||false|false&#8220; custom_margin_last_edited=&#8220;off|phone&#8220; custom_padding=&#8220;0px||0px||false|false&#8220; global_colors_info=&#8220;{}&#8220;][et_pb_column type=&#8220;4_4&#8243; _builder_version=&#8220;4.23.4&#8243; _module_preset=&#8220;default&#8220; global_colors_info=&#8220;{}&#8220;][et_pb_text _builder_version=&#8220;4.27.4&#8243; _module_preset=&#8220;default&#8220; header_2_font=&#8220;Roboto|500|||||||&#8220; header_2_text_align=&#8220;left&#8220; header_2_text_color=&#8220;#323232&#8243; header_2_font_size=&#8220;28px&#8220; header_2_line_height=&#8220;1.2em&#8220; custom_margin=&#8220;0px||0px||false|false&#8220; custom_margin_tablet=&#8220;0px||40px||false|false&#8220; custom_margin_phone=&#8220;0px||1px||false|false&#8220; custom_margin_last_edited=&#8220;on|tablet&#8220; custom_padding=&#8220;0px||10px||false|false&#8220; hover_enabled=&#8220;0&#8243; header_2_text_align_tablet=&#8220;center&#8220; header_2_text_align_phone=&#8220;center&#8220; header_2_text_align_last_edited=&#8220;off|phone&#8220; header_2_font_size_tablet=&#8220;44px&#8220; header_2_font_size_phone=&#8220;30px&#8220; header_2_font_size_last_edited=&#8220;off|desktop&#8220; custom_css_after=&#8220;    content: &#8220;;||    width: 100px;||    background-image: linear-gradient(to right,#C5A34D,#C5A34D);||    height: 3px;||    position: absolute;||    left: 0;||    bottom: 0px;&#8220; global_colors_info=&#8220;{}&#8220; custom_css_after_last_edited=&#8220;off|phone&#8220; custom_css_after_tablet=&#8220;    content: &#8220;;||    width: 100px;||    background-image: linear-gradient(to right,#0051bb,#006efd);||    height: 3px;||    position: absolute;||    left: 50%;||    transform: translate(-50%, 0);||    bottom: 0px;&#8220; custom_css_after_phone=&#8220;    content: &#8220;;||    width: 100px;||    background-image: linear-gradient(to right,#0051bb,#006efd);||    height: 3px;||    position: absolute;||    left: 50%;||    transform: translate(-50%, 0);||    bottom: 0px;&#8220; sticky_enabled=&#8220;0&#8243;]<\/p>\n<h2>Die Rolle der Investmentfonds<\/h2>\n<p>[\/et_pb_text][\/et_pb_column][\/et_pb_row][et_pb_row _builder_version=&#8220;4.24.2&#8243; _module_preset=&#8220;default&#8220; width=&#8220;90%&#8220; custom_padding=&#8220;||39px|||&#8220; global_colors_info=&#8220;{}&#8220;][et_pb_column type=&#8220;4_4&#8243; _builder_version=&#8220;4.24.2&#8243; _module_preset=&#8220;default&#8220; global_colors_info=&#8220;{}&#8220;][et_pb_text _builder_version=&#8220;4.27.4&#8243; _module_preset=&#8220;default&#8220; hover_enabled=&#8220;0&#8243; global_colors_info=&#8220;{}&#8220; custom_css_main_element=&#8220;font-weight: 400!important;&#8220; sticky_enabled=&#8220;0&#8243;]<\/p>\n<p>Nicht nur Unternehmer profitieren von Familienstiftungen. Immer mehr Investmentfonds erkennen das Potenzial dieser Einrichtungen als Gesch\u00e4ftspartner. Dank der Steuervorteile k\u00f6nnen Familienstiftungen schnell wachsen, was sie f\u00fcr Fonds, die nach neuen Investitionen suchen, attraktiv macht. Wir gehen davon aus, dass die Zusammenarbeit zwischen Familienstiftungen und Private-Equity- und Risikokapitalfonds in naher Zukunft weiter zunehmen wird.<\/p>\n<p>Es ist auch erw\u00e4hnenswert, dass Familienstiftungen nicht nur zur Absicherung von Gesch\u00e4ften dienen. Sie k\u00f6nnen auch ein wirksames Instrument f\u00fcr die Nachfolgeplanung, den Schutz des Familienverm\u00f6gens und die Verwirklichung wohlt\u00e4tiger Ziele sein. Dank ihrer Flexibilit\u00e4t und Anpassungsf\u00e4higkeit an individuelle Bed\u00fcrfnisse sind Familienstiftungen eine vielseitige L\u00f6sung f\u00fcr Unternehmer und Familien, die Stabilit\u00e4t, Sicherheit und eine effiziente Verm\u00f6gensverwaltung suchen.<\/p>\n<p>In Polen, wo der Unternehmensmarkt rasch w\u00e4chst, wird die Gr\u00fcndung einer Familienstiftung f\u00fcr Unternehmer, die nach wirksamen Instrumenten f\u00fcr die Verwaltung ihres Verm\u00f6gens und die Sicherung ihrer Interessen in Transaktionsprozessen suchen, immer attraktiver. Mit ihren einzigartigen Merkmalen und steuerlichen Vorteilen sind Familienstiftungen nicht nur eine solide Sicherheit, sondern auch eine Strategie zur langfristigen Verm\u00f6gensverwaltung und zur Verwirklichung wirtschaftlicher und sozialer Ziele.<\/p>\n<p>[\/et_pb_text][\/et_pb_column][\/et_pb_row][\/et_pb_section]<\/p>\n","protected":false},"excerpt":{"rendered":"<p>Die Familienstiftung ist eine Institution, die f\u00fcr Unternehmer immer attraktiver wird, insbesondere im Zusammenhang mit Unternehmenstransaktionen wie dem Verkauf von Anteilen an einer Gesellschaft mit beschr\u00e4nkter Haftung (GmbH). Unsere Erfahrung zeigt, dass immer mehr Menschen daran interessiert sind, die Familienstiftung als Instrument zur Sicherung ihrer Interessen im Transaktionsprozess zu nutzen. Einer der wichtigsten Faktoren, der [&hellip;]<\/p>\n","protected":false},"author":1,"featured_media":0,"parent":0,"menu_order":0,"comment_status":"closed","ping_status":"closed","template":"","meta":{"_et_pb_use_builder":"on","_et_pb_old_content":"","_et_gb_content_width":"","footnotes":""},"class_list":["post-71388","page","type-page","status-publish","hentry"],"_links":{"self":[{"href":"https:\/\/clearwaterconsult.com\/de\/wp-json\/wp\/v2\/pages\/71388","targetHints":{"allow":["GET"]}}],"collection":[{"href":"https:\/\/clearwaterconsult.com\/de\/wp-json\/wp\/v2\/pages"}],"about":[{"href":"https:\/\/clearwaterconsult.com\/de\/wp-json\/wp\/v2\/types\/page"}],"author":[{"embeddable":true,"href":"https:\/\/clearwaterconsult.com\/de\/wp-json\/wp\/v2\/users\/1"}],"replies":[{"embeddable":true,"href":"https:\/\/clearwaterconsult.com\/de\/wp-json\/wp\/v2\/comments?post=71388"}],"version-history":[{"count":11,"href":"https:\/\/clearwaterconsult.com\/de\/wp-json\/wp\/v2\/pages\/71388\/revisions"}],"predecessor-version":[{"id":71571,"href":"https:\/\/clearwaterconsult.com\/de\/wp-json\/wp\/v2\/pages\/71388\/revisions\/71571"}],"wp:attachment":[{"href":"https:\/\/clearwaterconsult.com\/de\/wp-json\/wp\/v2\/media?parent=71388"}],"curies":[{"name":"wp","href":"https:\/\/api.w.org\/{rel}","templated":true}]}}