{"id":71382,"date":"2024-02-22T12:51:44","date_gmt":"2024-02-22T11:51:44","guid":{"rendered":"https:\/\/clearwaterconsult.com\/warum-wir\/"},"modified":"2025-06-27T16:03:31","modified_gmt":"2025-06-27T14:03:31","slug":"warum-wir","status":"publish","type":"page","link":"https:\/\/clearwaterconsult.com\/de\/warum-wir\/","title":{"rendered":"Warum wir?"},"content":{"rendered":"<p>[et_pb_section fb_built=&#8220;1&#8243; custom_padding_last_edited=&#8220;on|phone&#8220; admin_label=&#8220;section&#8220; _builder_version=&#8220;4.24.3&#8243; _module_preset=&#8220;default&#8220; background_enable_image=&#8220;off&#8220; background_video_mp4=&#8220;https:\/\/clearwaterconsult.com\/wp-content\/uploads\/2024\/04\/clear22.mp4&#8243; z_index=&#8220;100&#8243; custom_margin=&#8220;0px||0px||false|false&#8220; custom_padding=&#8220;103px||103px||false|false&#8220; custom_padding_tablet=&#8220;115px||115px||false|false&#8220; custom_padding_phone=&#8220;90px||90px||false|false&#8220; custom_css_before=&#8220;content:%22%22;||    display: block;||    position: absolute;||    top: 0;||    left: 0;||    width: 100%;||    height: 100%;||   background-image: linear-gradient(rgb(4,4,6, 0.3), rgb(4,4,6, 0.9));||    z-index: 9;&#8220; global_module=&#8220;140&#8243; saved_tabs=&#8220;all&#8220; global_colors_info=&#8220;{}&#8220;][et_pb_row admin_label=&#8220;Graben&#8220; _builder_version=&#8220;4.24.2&#8243; background_size=&#8220;initial&#8220; background_position=&#8220;top_left&#8220; background_repeat=&#8220;repeat&#8220; z_index=&#8220;500&#8243; global_colors_info=&#8220;{}&#8220;][et_pb_column type=&#8220;4_4&#8243; _builder_version=&#8220;4.16&#8243; custom_padding=&#8220;|||&#8220; global_colors_info=&#8220;{}&#8220; custom_padding__hover=&#8220;|||&#8220;][et_pb_text _builder_version=&#8220;4.27.4&#8243; _dynamic_attributes=&#8220;content&#8220; _module_preset=&#8220;default&#8220; header_font=&#8220;||||||||&#8220; header_text_color=&#8220;#FFFFFF&#8220; header_font_size=&#8220;35px&#8220; header_line_height=&#8220;1.4em&#8220; header_2_font=&#8220;Big Shoulders Display|700|||||||&#8220; header_2_text_align=&#8220;left&#8220; header_2_text_color=&#8220;#323232&#8243; header_2_font_size=&#8220;44px&#8220; header_2_line_height=&#8220;1.2em&#8220; custom_margin=&#8220;0px||0px||false|false&#8220; custom_margin_tablet=&#8220;0px||40px||false|false&#8220; custom_margin_phone=&#8220;0px||3px||false|false&#8220; custom_margin_last_edited=&#8220;on|tablet&#8220; custom_padding=&#8220;0px||10px||false|false&#8220; header_2_text_align_tablet=&#8220;center&#8220; header_2_text_align_phone=&#8220;center&#8220; header_2_text_align_last_edited=&#8220;off|desktop&#8220; header_2_font_size_tablet=&#8220;44px&#8220; header_2_font_size_phone=&#8220;30px&#8220; header_2_font_size_last_edited=&#8220;on|desktop&#8220; custom_css_after=&#8220;    content: &#8220;;||    width: 100px;||    background-image: linear-gradient(to right,#C5A34D,#C5A34D);||    height: 3px;||    position: absolute;||    left: 0;||    bottom: 0px;&#8220; global_colors_info=&#8220;{}&#8220; custom_css_after_last_edited=&#8220;on|tablet&#8220; custom_css_after_tablet=&#8220;    content: &#8220;;||    width: 100px;||    background-image: linear-gradient(to right,#0051bb,#006efd);||    height: 3px;||    position: absolute;||    left: 50%;||    transform: translate(-50%, 0);||    bottom: 0px;&#8220; custom_css_after_phone=&#8220;    content: &#8220;;||    width: 100px;||    background-image: linear-gradient(to right,#0051bb,#006efd);||    height: 3px;||    position: absolute;||    left: 50%;||    transform: translate(-50%, 0);||    bottom: 0px;&#8220;]@ET-DC@eyJkeW5hbWljIjp0cnVlLCJjb250ZW50IjoicG9zdF90aXRsZSIsInNldHRpbmdzIjp7ImJlZm9yZSI6IjxoMT4iLCJhZnRlciI6IjwvaDE+IiwiZW5hYmxlX2h0bWwiOiJvZmYifX0=@[\/et_pb_text][\/et_pb_column][\/et_pb_row][\/et_pb_section][et_pb_section fb_built=&#8220;1&#8243; custom_padding_last_edited=&#8220;on|tablet&#8220; _builder_version=&#8220;4.23.4&#8243; _module_preset=&#8220;default&#8220; custom_margin=&#8220;0px||0px||false|false&#8220; custom_padding=&#8220;100px||89px||false|false&#8220; custom_padding_tablet=&#8220;100px||100px||false|false&#8220; custom_padding_phone=&#8220;90px||90px||false|false&#8220; global_colors_info=&#8220;{}&#8220;][et_pb_row use_custom_gutter=&#8220;on&#8220; gutter_width=&#8220;1&#8243; _builder_version=&#8220;4.23.4&#8243; _module_preset=&#8220;default&#8220; width=&#8220;90%&#8220; custom_margin=&#8220;0px||40px||false|false&#8220; custom_margin_tablet=&#8220;0px||65px||false|false&#8220; custom_margin_phone=&#8220;0px||65px||false|false&#8220; custom_margin_last_edited=&#8220;on|tablet&#8220; custom_padding=&#8220;0px||0px||false|false&#8220; global_colors_info=&#8220;{}&#8220;][et_pb_column type=&#8220;4_4&#8243; _builder_version=&#8220;4.23.4&#8243; _module_preset=&#8220;default&#8220; global_colors_info=&#8220;{}&#8220;][et_pb_text _builder_version=&#8220;4.27.4&#8243; _module_preset=&#8220;default&#8220; header_4_font=&#8220;&#8211;et_global_heading_font|600||on|||||&#8220; header_4_text_align=&#8220;left&#8220; header_4_text_color=&#8220;#c5a34d&#8220; header_4_font_size=&#8220;14px&#8220; header_4_letter_spacing=&#8220;2px&#8220; header_4_line_height=&#8220;1.2em&#8220; custom_margin=&#8220;0px||0px||false|false&#8220; custom_padding=&#8220;0px||0px||false|false&#8220; header_4_text_align_tablet=&#8220;center&#8220; header_4_text_align_phone=&#8220;center&#8220; header_4_text_align_last_edited=&#8220;on|tablet&#8220; global_colors_info=&#8220;{}&#8220;]<\/p>\n<h4>Clearwater Beratung<\/h4>\n<p>[\/et_pb_text][et_pb_text _builder_version=&#8220;4.27.4&#8243; _module_preset=&#8220;default&#8220; header_2_font=&#8220;&#8211;et_global_heading_font|700||on|||||&#8220; header_2_text_align=&#8220;left&#8220; header_2_text_color=&#8220;#323232&#8243; header_2_font_size=&#8220;37px&#8220; header_2_line_height=&#8220;1.2em&#8220; custom_margin=&#8220;0px||0px||false|false&#8220; custom_margin_tablet=&#8220;0px||40px||false|false&#8220; custom_margin_phone=&#8220;0px||40px||false|false&#8220; custom_margin_last_edited=&#8220;on|tablet&#8220; custom_padding=&#8220;0px||10px||false|false&#8220; header_2_text_align_tablet=&#8220;center&#8220; header_2_text_align_phone=&#8220;center&#8220; header_2_text_align_last_edited=&#8220;on|tablet&#8220; header_2_font_size_tablet=&#8220;44px&#8220; header_2_font_size_phone=&#8220;24px&#8220; header_2_font_size_last_edited=&#8220;on|phone&#8220; custom_css_after=&#8220;    content: &#8220;;||    width: 100px;||    background-image: linear-gradient(to right,#C5A34D,#C5A34D);||    height: 3px;||    position: absolute;||    left: 0;||    bottom: 0px;&#8220; global_colors_info=&#8220;{}&#8220; custom_css_after_last_edited=&#8220;on|tablet&#8220; custom_css_after_tablet=&#8220;    content: &#8220;;||    width: 100px;||    background-image: linear-gradient(to right,#0051bb,#006efd);||    height: 3px;||    position: absolute;||    left: 50%;||    transform: translate(-50%, 0);||    bottom: 0px;&#8220; custom_css_after_phone=&#8220;    content: &#8220;;||    width: 100px;||    background-image: linear-gradient(to right,#0051bb,#006efd);||    height: 3px;||    position: absolute;||    left: 50%;||    transform: translate(-50%, 0);||    bottom: 0px;&#8220;]<\/p>\n<h2>Z\u00e4hlen Sie auf ein erfahrenes Team von Spezialisten<\/h2>\n<p>[\/et_pb_text][\/et_pb_column][\/et_pb_row][et_pb_row use_custom_gutter=&#8220;on&#8220; make_equal=&#8220;on&#8220; _builder_version=&#8220;4.24.2&#8243; _module_preset=&#8220;default&#8220; width=&#8220;90%&#8220; max_width_tablet=&#8220;370px&#8220; max_width_phone=&#8220;370px&#8220; max_width_last_edited=&#8220;on|tablet&#8220; custom_margin=&#8220;0px||30px||false|false&#8220; custom_padding=&#8220;0px||0px||false|false&#8220; global_colors_info=&#8220;{}&#8220;][et_pb_column type=&#8220;4_4&#8243; _builder_version=&#8220;4.24.0&#8243; _module_preset=&#8220;default&#8220; custom_padding=&#8220;40px|30px|40px|30px|false|false&#8220; border_width_all=&#8220;1px&#8220; border_color_all=&#8220;#eaeaea&#8220; global_colors_info=&#8220;{}&#8220;][et_pb_blurb use_icon=&#8220;on&#8220; font_icon=&#8220;&#xf00c;||fa||900&#8243; icon_placement=&#8220;left&#8220; image_icon_width=&#8220;14px&#8220; content_max_width=&#8220;100%&#8220; _builder_version=&#8220;4.27.4&#8243; _module_preset=&#8220;default&#8220; header_font=&#8220;Roboto||||||||&#8220; header_text_align=&#8220;left&#8220; header_text_color=&#8220;#666666&#8243; header_font_size=&#8220;16px&#8220; header_line_height=&#8220;1.6em&#8220; body_font=&#8220;&#8211;et_global_body_font||||||||&#8220; body_font_size=&#8220;16px&#8220; image_icon_custom_margin=&#8220;5px||0px||false|false&#8220; image_icon_custom_padding=&#8220;0px||0px||false|false&#8220; width_tablet=&#8220;50%&#8220; width_phone=&#8220;100%&#8220; width_last_edited=&#8220;off|desktop&#8220; max_width_tablet=&#8220;50%&#8220; max_width_phone=&#8220;100%&#8220; max_width_last_edited=&#8220;off|desktop&#8220; custom_margin=&#8220;0px||4px||false|false&#8220; custom_padding=&#8220;0px||17px||false|false&#8220; animation=&#8220;off&#8220; hover_enabled=&#8220;0&#8243; custom_css_main_element=&#8220;display:inline-block;&#8220; custom_css_blurb_title=&#8220;margin-left:-20px;&#8220; custom_css_blurb_content=&#8220;margin:0px;||font-weight: 400!important;&#8220; global_colors_info=&#8220;{}&#8220; sticky_enabled=&#8220;0&#8243;]<\/p>\n<p><strong>Erfahrung und Spezialisierung<\/strong><\/p>\n<p>Wir sind eine der ersten Kanzleien in Polen, die sich von Anfang an ausschlie\u00dflich auf die Gr\u00fcndung und umfassende Betreuung von Familienstiftungen spezialisiert hat. Unser Team besteht aus Juristen, Steuerberatern und Buchhaltern, die Unternehmer seit Jahren bei der effektiven Sicherung ihres Verm\u00f6gens unterst\u00fctzen. <\/p>\n<p>[\/et_pb_blurb][et_pb_blurb use_icon=&#8220;on&#8220; font_icon=&#8220;&#xf00c;||fa||900&#8243; icon_placement=&#8220;left&#8220; image_icon_width=&#8220;14px&#8220; content_max_width=&#8220;100%&#8220; _builder_version=&#8220;4.27.4&#8243; _module_preset=&#8220;default&#8220; header_font=&#8220;Manrope||||||||&#8220; header_text_align=&#8220;left&#8220; header_text_color=&#8220;#666666&#8243; header_font_size=&#8220;16px&#8220; header_line_height=&#8220;1.6em&#8220; body_font=&#8220;&#8211;et_global_body_font||||||||&#8220; body_font_size=&#8220;16px&#8220; image_icon_custom_margin=&#8220;5px||0px||false|false&#8220; image_icon_custom_padding=&#8220;0px||0px||false|false&#8220; width_tablet=&#8220;50%&#8220; width_phone=&#8220;100%&#8220; width_last_edited=&#8220;off|desktop&#8220; max_width_tablet=&#8220;50%&#8220; max_width_phone=&#8220;100%&#8220; max_width_last_edited=&#8220;off|desktop&#8220; custom_margin=&#8220;0px||4px||false|false&#8220; custom_padding=&#8220;0px||17px||false|false&#8220; animation=&#8220;off&#8220; hover_enabled=&#8220;0&#8243; custom_css_main_element=&#8220;display:inline-block;&#8220; custom_css_blurb_title=&#8220;margin-left:-20px;&#8220; custom_css_blurb_content=&#8220;margin:0px;||font-weight: 400!important;&#8220; global_colors_info=&#8220;{}&#8220; sticky_enabled=&#8220;0&#8243;]<\/p>\n<p><strong>Individuelle Herangehensweise und umfassende Unterst\u00fctzung<\/strong><\/p>\n<p>Wir arbeiten nicht nach Standardschemata \u2013 jede Stiftung wird ma\u00dfgeschneidert auf die Bed\u00fcrfnisse des Mandanten konzipiert. Wir f\u00fchren eine gr\u00fcndliche Analyse der famili\u00e4ren, verm\u00f6gensrechtlichen und gesch\u00e4ftlichen Situation durch und entwickeln anschlie\u00dfend eine Strategie, die rechtliche Sicherheit mit steuerlichen Vorteilen vereint. <\/p>\n<p>[\/et_pb_blurb][et_pb_blurb use_icon=&#8220;on&#8220; font_icon=&#8220;&#xf00c;||fa||900&#8243; icon_placement=&#8220;left&#8220; image_icon_width=&#8220;14px&#8220; content_max_width=&#8220;100%&#8220; _builder_version=&#8220;4.27.4&#8243; _module_preset=&#8220;default&#8220; header_font=&#8220;Manrope||||||||&#8220; header_text_align=&#8220;left&#8220; header_text_color=&#8220;#666666&#8243; header_font_size=&#8220;16px&#8220; header_line_height=&#8220;1.6em&#8220; body_font=&#8220;&#8211;et_global_body_font||||||||&#8220; body_font_size=&#8220;16px&#8220; image_icon_custom_margin=&#8220;5px||0px||false|false&#8220; image_icon_custom_padding=&#8220;0px||0px||false|false&#8220; width_tablet=&#8220;50%&#8220; width_phone=&#8220;100%&#8220; width_last_edited=&#8220;off|desktop&#8220; max_width_tablet=&#8220;50%&#8220; max_width_phone=&#8220;100%&#8220; max_width_last_edited=&#8220;off|desktop&#8220; custom_margin=&#8220;0px||4px||false|false&#8220; custom_padding=&#8220;0px||17px||false|false&#8220; animation=&#8220;off&#8220; hover_enabled=&#8220;0&#8243; custom_css_main_element=&#8220;display:inline-block;&#8220; custom_css_blurb_title=&#8220;margin-left:-20px;&#8220; custom_css_blurb_content=&#8220;margin:0px;||font-weight: 400!important;&#8220; global_colors_info=&#8220;{}&#8220; sticky_enabled=&#8220;0&#8243;]<\/p>\n<p><strong>Rundum-Service von A bis Z<\/strong><\/p>\n<p>Von der ersten Konzeptidee \u00fcber die Ausarbeitung von Vertr\u00e4gen und der Stiftungssatzung bis hin zur notariellen Gr\u00fcndung und Eintragung der Stiftung ins Register \u2013 wir \u00fcbernehmen s\u00e4mtliche Formalit\u00e4ten. Zudem unterst\u00fctzen wir bei der Gr\u00fcndung von Gesellschaften, die eine optimale Verm\u00f6gensverwaltung im Rahmen der Stiftungsstruktur erm\u00f6glichen. <\/p>\n<p>[\/et_pb_blurb][et_pb_blurb use_icon=&#8220;on&#8220; font_icon=&#8220;&#xf00c;||fa||900&#8243; icon_placement=&#8220;left&#8220; image_icon_width=&#8220;14px&#8220; content_max_width=&#8220;100%&#8220; _builder_version=&#8220;4.27.4&#8243; _module_preset=&#8220;default&#8220; header_font=&#8220;Manrope||||||||&#8220; header_text_align=&#8220;left&#8220; header_text_color=&#8220;#666666&#8243; header_font_size=&#8220;16px&#8220; header_line_height=&#8220;1.6em&#8220; body_font=&#8220;&#8211;et_global_body_font||||||||&#8220; body_font_size=&#8220;16px&#8220; image_icon_custom_margin=&#8220;5px||0px||false|false&#8220; image_icon_custom_padding=&#8220;0px||0px||false|false&#8220; width_tablet=&#8220;50%&#8220; width_phone=&#8220;100%&#8220; width_last_edited=&#8220;off|desktop&#8220; max_width_tablet=&#8220;50%&#8220; max_width_phone=&#8220;100%&#8220; max_width_last_edited=&#8220;off|desktop&#8220; custom_margin=&#8220;0px||4px||false|false&#8220; custom_padding=&#8220;0px||17px||false|false&#8220; animation=&#8220;off&#8220; hover_enabled=&#8220;0&#8243; custom_css_main_element=&#8220;display:inline-block;&#8220; custom_css_blurb_title=&#8220;margin-left:-20px;&#8220; custom_css_blurb_content=&#8220;margin:0px;||font-weight: 400!important;&#8220; global_colors_info=&#8220;{}&#8220; sticky_enabled=&#8220;0&#8243;]<\/p>\n<p><strong>Treuhanddienste und laufende Betreuung<\/strong><\/p>\n<p>Als Kanzlei bieten wir auch Dienstleistungen im Bereich Beteiligungsverwaltung, Buchhaltung, steuerliche und rechtliche Betreuung der Familienstiftung an. Wir k\u00f6nnen als Mitglieder des Vorstands, des Stiftungsrates oder der Kontrollorgane fungieren, um den Willen des Stifters vollst\u00e4ndig umzusetzen. <\/p>\n<p>[\/et_pb_blurb][\/et_pb_column][\/et_pb_row][\/et_pb_section]<\/p>\n","protected":false},"excerpt":{"rendered":"<p>Clearwater BeratungZ\u00e4hlen Sie auf ein erfahrenes Team von SpezialistenErfahrung und Spezialisierung Wir sind eine der ersten Kanzleien in Polen, die sich von Anfang an ausschlie\u00dflich auf die Gr\u00fcndung und umfassende Betreuung von Familienstiftungen spezialisiert hat. Unser Team besteht aus Juristen, Steuerberatern und Buchhaltern, die Unternehmer seit Jahren bei der effektiven Sicherung ihres Verm\u00f6gens unterst\u00fctzen. Individuelle [&hellip;]<\/p>\n","protected":false},"author":1,"featured_media":0,"parent":0,"menu_order":0,"comment_status":"closed","ping_status":"closed","template":"","meta":{"_et_pb_use_builder":"on","_et_pb_old_content":"","_et_gb_content_width":"","footnotes":""},"class_list":["post-71382","page","type-page","status-publish","hentry"],"_links":{"self":[{"href":"https:\/\/clearwaterconsult.com\/de\/wp-json\/wp\/v2\/pages\/71382","targetHints":{"allow":["GET"]}}],"collection":[{"href":"https:\/\/clearwaterconsult.com\/de\/wp-json\/wp\/v2\/pages"}],"about":[{"href":"https:\/\/clearwaterconsult.com\/de\/wp-json\/wp\/v2\/types\/page"}],"author":[{"embeddable":true,"href":"https:\/\/clearwaterconsult.com\/de\/wp-json\/wp\/v2\/users\/1"}],"replies":[{"embeddable":true,"href":"https:\/\/clearwaterconsult.com\/de\/wp-json\/wp\/v2\/comments?post=71382"}],"version-history":[{"count":18,"href":"https:\/\/clearwaterconsult.com\/de\/wp-json\/wp\/v2\/pages\/71382\/revisions"}],"predecessor-version":[{"id":71679,"href":"https:\/\/clearwaterconsult.com\/de\/wp-json\/wp\/v2\/pages\/71382\/revisions\/71679"}],"wp:attachment":[{"href":"https:\/\/clearwaterconsult.com\/de\/wp-json\/wp\/v2\/media?parent=71382"}],"curies":[{"name":"wp","href":"https:\/\/api.w.org\/{rel}","templated":true}]}}