{"id":71381,"date":"2024-02-22T12:46:37","date_gmt":"2024-02-22T11:46:37","guid":{"rendered":"https:\/\/clearwaterconsult.com\/besteuerung-der-familienstiftung\/"},"modified":"2024-09-04T11:09:23","modified_gmt":"2024-09-04T09:09:23","slug":"besteuerung-der-familienstiftung","status":"publish","type":"page","link":"https:\/\/clearwaterconsult.com\/de\/besteuerung-der-familienstiftung\/","title":{"rendered":"Besteuerung der Familienstiftung"},"content":{"rendered":"<p>[et_pb_section fb_built=&#8220;1&#8243; custom_padding_last_edited=&#8220;on|phone&#8220; admin_label=&#8220;section&#8220; _builder_version=&#8220;4.24.3&#8243; _module_preset=&#8220;default&#8220; background_enable_image=&#8220;off&#8220; background_video_mp4=&#8220;https:\/\/clearwaterconsult.com\/wp-content\/uploads\/2024\/04\/clear22.mp4&#8243; z_index=&#8220;100&#8243; custom_margin=&#8220;0px||0px||false|false&#8220; custom_padding=&#8220;103px||103px||false|false&#8220; custom_padding_tablet=&#8220;115px||115px||false|false&#8220; custom_padding_phone=&#8220;90px||90px||false|false&#8220; hover_enabled=&#8220;0&#8243; custom_css_before=&#8220;content:%22%22;||    display: block;||    position: absolute;||    top: 0;||    left: 0;||    width: 100%;||    height: 100%;||   background-image: linear-gradient(rgb(4,4,6, 0.3), rgb(4,4,6, 0.9));||    z-index: 9;&#8220; global_module=&#8220;140&#8243; saved_tabs=&#8220;all&#8220; global_colors_info=&#8220;{}&#8220; sticky_enabled=&#8220;0&#8243;][et_pb_row admin_label=&#8220;Graben&#8220; _builder_version=&#8220;4.24.2&#8243; background_size=&#8220;initial&#8220; background_position=&#8220;top_left&#8220; background_repeat=&#8220;repeat&#8220; z_index=&#8220;500&#8243; global_colors_info=&#8220;{}&#8220;][et_pb_column type=&#8220;4_4&#8243; _builder_version=&#8220;4.16&#8243; custom_padding=&#8220;|||&#8220; global_colors_info=&#8220;{}&#8220; custom_padding__hover=&#8220;|||&#8220;][et_pb_text _builder_version=&#8220;4.24.2&#8243; _dynamic_attributes=&#8220;content&#8220; _module_preset=&#8220;default&#8220; header_font=&#8220;||||||||&#8220; header_text_color=&#8220;#FFFFFF&#8220; header_font_size=&#8220;35px&#8220; header_line_height=&#8220;1.4em&#8220; header_2_font=&#8220;Big Shoulders Display|700|||||||&#8220; header_2_text_align=&#8220;left&#8220; header_2_text_color=&#8220;#323232&#8243; header_2_font_size=&#8220;44px&#8220; header_2_line_height=&#8220;1.2em&#8220; custom_margin=&#8220;0px||0px||false|false&#8220; custom_margin_tablet=&#8220;0px||40px||false|false&#8220; custom_margin_phone=&#8220;0px||3px||false|false&#8220; custom_margin_last_edited=&#8220;on|tablet&#8220; custom_padding=&#8220;0px||10px||false|false&#8220; header_2_text_align_tablet=&#8220;center&#8220; header_2_text_align_phone=&#8220;center&#8220; header_2_text_align_last_edited=&#8220;off|desktop&#8220; header_2_font_size_tablet=&#8220;44px&#8220; header_2_font_size_phone=&#8220;30px&#8220; header_2_font_size_last_edited=&#8220;on|desktop&#8220; custom_css_after=&#8220;    content: &#8220;;||    width: 100px;||    background-image: linear-gradient(to right,#023177,#006efd);||    height: 3px;||    position: absolute;||    left: 0;||    bottom: 0px;&#8220; global_colors_info=&#8220;{}&#8220; custom_css_after_last_edited=&#8220;on|tablet&#8220; custom_css_after_tablet=&#8220;    content: &#8220;;||    width: 100px;||    background-image: linear-gradient(to right,#0051bb,#006efd);||    height: 3px;||    position: absolute;||    left: 50%;||    transform: translate(-50%, 0);||    bottom: 0px;&#8220; custom_css_after_phone=&#8220;    content: &#8220;;||    width: 100px;||    background-image: linear-gradient(to right,#0051bb,#006efd);||    height: 3px;||    position: absolute;||    left: 50%;||    transform: translate(-50%, 0);||    bottom: 0px;&#8220;]@ET-DC@eyJkeW5hbWljIjp0cnVlLCJjb250ZW50IjoicG9zdF90aXRsZSIsInNldHRpbmdzIjp7ImJlZm9yZSI6IjxoMT4iLCJhZnRlciI6IjwvaDE+IiwiZW5hYmxlX2h0bWwiOiJvZmYifX0=@[\/et_pb_text][\/et_pb_column][\/et_pb_row][\/et_pb_section][et_pb_section fb_built=&#8220;1&#8243; custom_padding_last_edited=&#8220;off|tablet&#8220; _builder_version=&#8220;4.24.2&#8243; _module_preset=&#8220;default&#8220; custom_margin=&#8220;0px||0px||false|false&#8220; custom_padding=&#8220;50px||69px||false|false&#8220; custom_padding_tablet=&#8220;100px||100px||false|false&#8220; custom_padding_phone=&#8220;90px||90px||false|false&#8220; global_colors_info=&#8220;{}&#8220;][et_pb_row _builder_version=&#8220;4.24.2&#8243; _module_preset=&#8220;default&#8220; width=&#8220;90%&#8220; global_colors_info=&#8220;{}&#8220;][et_pb_column type=&#8220;4_4&#8243; _builder_version=&#8220;4.24.2&#8243; _module_preset=&#8220;default&#8220; global_colors_info=&#8220;{}&#8220;][et_pb_text _builder_version=&#8220;4.24.2&#8243; _module_preset=&#8220;default&#8220; text_font_size=&#8220;16px&#8220; custom_margin=&#8220;||29px|||&#8220; global_colors_info=&#8220;{}&#8220;]Familienstiftungen sind f\u00fcr viele Familien ein wichtiger Bestandteil der Finanzplanung. Sie dienen der Verwaltung des Familienverm\u00f6gens und der Verfolgung bestimmter sozialer oder karitativer Ziele. Einer der wichtigsten Aspekte einer Familienstiftung ist ihre Besteuerung, die die steuerliche Behandlung der Stiftung und ihrer Beg\u00fcnstigten bestimmt.[\/et_pb_text][\/et_pb_column][\/et_pb_row][et_pb_row use_custom_gutter=&#8220;on&#8220; gutter_width=&#8220;1&#8243; _builder_version=&#8220;4.24.2&#8243; _module_preset=&#8220;default&#8220; width=&#8220;90%&#8220; custom_margin=&#8220;0px|auto|4px|auto|false|false&#8220; custom_margin_tablet=&#8220;0px||65px||false|false&#8220; custom_margin_phone=&#8220;0px||65px||false|false&#8220; custom_margin_last_edited=&#8220;off|phone&#8220; custom_padding=&#8220;0px||0px||false|false&#8220; global_colors_info=&#8220;{}&#8220;][et_pb_column type=&#8220;4_4&#8243; _builder_version=&#8220;4.23.4&#8243; _module_preset=&#8220;default&#8220; global_colors_info=&#8220;{}&#8220;][et_pb_text _builder_version=&#8220;4.24.2&#8243; _module_preset=&#8220;default&#8220; header_2_font=&#8220;Big Shoulders Display|700|||||||&#8220; header_2_text_color=&#8220;#323232&#8243; header_2_font_size=&#8220;30px&#8220; header_2_line_height=&#8220;1.2em&#8220; custom_margin=&#8220;0px||0px||false|false&#8220; custom_margin_tablet=&#8220;0px||40px||false|false&#8220; custom_margin_phone=&#8220;0px||3px||false|false&#8220; custom_margin_last_edited=&#8220;off|desktop&#8220; custom_padding=&#8220;0px||10px||false|false&#8220; header_2_text_align_tablet=&#8220;center&#8220; header_2_text_align_phone=&#8220;center&#8220; header_2_text_align_last_edited=&#8220;off|tablet&#8220; header_2_font_size_tablet=&#8220;44px&#8220; header_2_font_size_phone=&#8220;30px&#8220; header_2_font_size_last_edited=&#8220;off|desktop&#8220; custom_css_after=&#8220;    content: &#8220;;||    width: 100px;||    background-image: linear-gradient(to right,#023177,#006efd);||    height: 3px;||    position: absolute;||    left: 0;||    bottom: 0px;&#8220; global_colors_info=&#8220;{}&#8220; custom_css_after_last_edited=&#8220;off|phone&#8220; custom_css_after_tablet=&#8220;    content: &#8220;;||    width: 100px;||    background-image: linear-gradient(to right,#0051bb,#006efd);||    height: 3px;||    position: absolute;||    left: 50%;||    transform: translate(-50%, 0);||    bottom: 0px;&#8220; custom_css_after_phone=&#8220;    content: &#8220;;||    width: 100px;||    background-image: linear-gradient(to right,#0051bb,#006efd);||    height: 3px;||    position: absolute;||    left: 50%;||    transform: translate(-50%, 0);||    bottom: 0px;&#8220;]<\/p>\n<h2>Einzahlung von Kapital in die Stiftung  <\/h2>\n<p>[\/et_pb_text][\/et_pb_column][\/et_pb_row][et_pb_row _builder_version=&#8220;4.24.2&#8243; _module_preset=&#8220;default&#8220; width=&#8220;90%&#8220; custom_padding=&#8220;||39px|||&#8220; global_colors_info=&#8220;{}&#8220;][et_pb_column type=&#8220;4_4&#8243; _builder_version=&#8220;4.24.2&#8243; _module_preset=&#8220;default&#8220; global_colors_info=&#8220;{}&#8220;][et_pb_text _builder_version=&#8220;4.24.2&#8243; _module_preset=&#8220;default&#8220; global_colors_info=&#8220;{}&#8220;]Die Einbringung von Kapital in eine Familienstiftung ist ein grundlegender Schritt bei deren Gr\u00fcndung. Dieses Kapital kann aus verschiedenen Quellen stammen, z. B. aus finanziellen Beitr\u00e4gen von Geldgebern, Spenden oder Verm\u00e4chtnissen. Es ist auch m\u00f6glich, Immobilien, Aktien oder andere Verm\u00f6genswerte als Verm\u00f6genseinlage auf die Stiftung zu \u00fcbertragen. Es ist erw\u00e4hnenswert, dass Familienstiftungen von der Kapitalertragssteuer befreit werden k\u00f6nnen, was f\u00fcr Stifter und Beg\u00fcnstigte einen erheblichen Vorteil darstellt.[\/et_pb_text][\/et_pb_column][\/et_pb_row][et_pb_row use_custom_gutter=&#8220;on&#8220; gutter_width=&#8220;1&#8243; _builder_version=&#8220;4.24.2&#8243; _module_preset=&#8220;default&#8220; width=&#8220;90%&#8220; custom_margin=&#8220;0px|auto|4px|auto|false|false&#8220; custom_margin_tablet=&#8220;0px||65px||false|false&#8220; custom_margin_phone=&#8220;0px||65px||false|false&#8220; custom_margin_last_edited=&#8220;off|phone&#8220; custom_padding=&#8220;0px||0px||false|false&#8220; global_colors_info=&#8220;{}&#8220;][et_pb_column type=&#8220;4_4&#8243; _builder_version=&#8220;4.23.4&#8243; _module_preset=&#8220;default&#8220; global_colors_info=&#8220;{}&#8220;][et_pb_text _builder_version=&#8220;4.24.2&#8243; _module_preset=&#8220;default&#8220; header_2_font=&#8220;Big Shoulders Display|700|||||||&#8220; header_2_text_align=&#8220;left&#8220; header_2_text_color=&#8220;#323232&#8243; header_2_font_size=&#8220;30px&#8220; header_2_line_height=&#8220;1.2em&#8220; custom_margin=&#8220;0px||0px||false|false&#8220; custom_margin_tablet=&#8220;0px||40px||false|false&#8220; custom_margin_phone=&#8220;0px||1px||false|false&#8220; custom_margin_last_edited=&#8220;on|tablet&#8220; custom_padding=&#8220;0px||10px||false|false&#8220; header_2_text_align_tablet=&#8220;center&#8220; header_2_text_align_phone=&#8220;center&#8220; header_2_text_align_last_edited=&#8220;off|phone&#8220; header_2_font_size_tablet=&#8220;44px&#8220; header_2_font_size_phone=&#8220;30px&#8220; header_2_font_size_last_edited=&#8220;off|desktop&#8220; custom_css_after=&#8220;    content: &#8220;;||    width: 100px;||    background-image: linear-gradient(to right,#023177,#006efd);||    height: 3px;||    position: absolute;||    left: 0;||    bottom: 0px;&#8220; global_colors_info=&#8220;{}&#8220; custom_css_after_last_edited=&#8220;off|phone&#8220; custom_css_after_tablet=&#8220;    content: &#8220;;||    width: 100px;||    background-image: linear-gradient(to right,#0051bb,#006efd);||    height: 3px;||    position: absolute;||    left: 50%;||    transform: translate(-50%, 0);||    bottom: 0px;&#8220; custom_css_after_phone=&#8220;    content: &#8220;;||    width: 100px;||    background-image: linear-gradient(to right,#0051bb,#006efd);||    height: 3px;||    position: absolute;||    left: 50%;||    transform: translate(-50%, 0);||    bottom: 0px;&#8220;]<\/p>\n<h2>CIT  <\/h2>\n<p>[\/et_pb_text][\/et_pb_column][\/et_pb_row][et_pb_row _builder_version=&#8220;4.24.2&#8243; _module_preset=&#8220;default&#8220; width=&#8220;90%&#8220; custom_padding=&#8220;||39px|||&#8220; global_colors_info=&#8220;{}&#8220;][et_pb_column type=&#8220;4_4&#8243; _builder_version=&#8220;4.24.2&#8243; _module_preset=&#8220;default&#8220; global_colors_info=&#8220;{}&#8220;][et_pb_text _builder_version=&#8220;4.24.2&#8243; _module_preset=&#8220;default&#8220; global_colors_info=&#8220;{}&#8220;]Die K\u00f6rperschaftssteuer (CIT) gilt f\u00fcr Einkommen, das von einer Familienstiftung erzielt wird. Nach polnischem Steuerrecht ist eine Familienstiftung von der K\u00f6rperschaftsteuer auf ihre Eink\u00fcnfte befreit, unterliegt jedoch der Besteuerung, wenn die Mittel an die Beg\u00fcnstigten ausgezahlt werden. Die optimistische Option geht von der Anwendung eines niedrigeren Steuersatzes von 9 % f\u00fcr kleine Steuerzahler aus, was f\u00fcr Stiftungen mit einem begrenzten T\u00e4tigkeitsbereich von Vorteil ist. Die pessimistische Option sieht dagegen einen h\u00f6heren Steuersatz von 19 % f\u00fcr gro\u00dfe Steuerzahler vor, was die Effizienz der Finanzverwaltung von Stiftungen beeintr\u00e4chtigen k\u00f6nnte.[\/et_pb_text][\/et_pb_column][\/et_pb_row][et_pb_row use_custom_gutter=&#8220;on&#8220; gutter_width=&#8220;1&#8243; _builder_version=&#8220;4.24.2&#8243; _module_preset=&#8220;default&#8220; width=&#8220;90%&#8220; custom_margin=&#8220;0px|auto|4px|auto|false|false&#8220; custom_margin_tablet=&#8220;0px||65px||false|false&#8220; custom_margin_phone=&#8220;0px||65px||false|false&#8220; custom_margin_last_edited=&#8220;off|phone&#8220; custom_padding=&#8220;0px||0px||false|false&#8220; global_colors_info=&#8220;{}&#8220;][et_pb_column type=&#8220;4_4&#8243; _builder_version=&#8220;4.23.4&#8243; _module_preset=&#8220;default&#8220; global_colors_info=&#8220;{}&#8220;][et_pb_text _builder_version=&#8220;4.24.2&#8243; _module_preset=&#8220;default&#8220; header_2_font=&#8220;Big Shoulders Display|700|||||||&#8220; header_2_text_align=&#8220;left&#8220; header_2_text_color=&#8220;#323232&#8243; header_2_font_size=&#8220;30px&#8220; header_2_line_height=&#8220;1.2em&#8220; custom_margin=&#8220;0px||0px||false|false&#8220; custom_margin_tablet=&#8220;0px||40px||false|false&#8220; custom_margin_phone=&#8220;0px||1px||false|false&#8220; custom_margin_last_edited=&#8220;on|tablet&#8220; custom_padding=&#8220;0px||10px||false|false&#8220; header_2_text_align_tablet=&#8220;center&#8220; header_2_text_align_phone=&#8220;center&#8220; header_2_text_align_last_edited=&#8220;off|phone&#8220; header_2_font_size_tablet=&#8220;44px&#8220; header_2_font_size_phone=&#8220;30px&#8220; header_2_font_size_last_edited=&#8220;off|desktop&#8220; custom_css_after=&#8220;    content: &#8220;;||    width: 100px;||    background-image: linear-gradient(to right,#023177,#006efd);||    height: 3px;||    position: absolute;||    left: 0;||    bottom: 0px;&#8220; global_colors_info=&#8220;{}&#8220; custom_css_after_last_edited=&#8220;off|phone&#8220; custom_css_after_tablet=&#8220;    content: &#8220;;||    width: 100px;||    background-image: linear-gradient(to right,#0051bb,#006efd);||    height: 3px;||    position: absolute;||    left: 50%;||    transform: translate(-50%, 0);||    bottom: 0px;&#8220; custom_css_after_phone=&#8220;    content: &#8220;;||    width: 100px;||    background-image: linear-gradient(to right,#0051bb,#006efd);||    height: 3px;||    position: absolute;||    left: 50%;||    transform: translate(-50%, 0);||    bottom: 0px;&#8220;]<\/p>\n<h2>Erbschafts- und Schenkungssteuer  <\/h2>\n<p>[\/et_pb_text][\/et_pb_column][\/et_pb_row][et_pb_row _builder_version=&#8220;4.24.2&#8243; _module_preset=&#8220;default&#8220; width=&#8220;90%&#8220; custom_padding=&#8220;||39px|||&#8220; global_colors_info=&#8220;{}&#8220;][et_pb_column type=&#8220;4_4&#8243; _builder_version=&#8220;4.24.2&#8243; _module_preset=&#8220;default&#8220; global_colors_info=&#8220;{}&#8220;][et_pb_text _builder_version=&#8220;4.24.2&#8243; _module_preset=&#8220;default&#8220; global_colors_info=&#8220;{}&#8220;]Die Erbschafts- und Schenkungssteuer gilt f\u00fcr Zuwendungen einer Familienstiftung an Dritte, die nicht die vom Stifter bestimmten Beg\u00fcnstigten sind. Die Beg\u00fcnstigten einer Stiftung sind von dieser Steuer befreit, aber Dritte m\u00fcssen Erbschafts- und Schenkungssteuer zahlen, wenn sie Mittel von einer Stiftung erhalten.[\/et_pb_text][\/et_pb_column][\/et_pb_row][\/et_pb_section]<\/p>\n","protected":false},"excerpt":{"rendered":"<p>Familienstiftungen sind f\u00fcr viele Familien ein wichtiger Bestandteil der Finanzplanung. Sie dienen der Verwaltung des Familienverm\u00f6gens und der Verfolgung bestimmter sozialer oder karitativer Ziele. Einer der wichtigsten Aspekte einer Familienstiftung ist ihre Besteuerung, die die steuerliche Behandlung der Stiftung und ihrer Beg\u00fcnstigten bestimmt.Einzahlung von Kapital in die Stiftung Die Einbringung von Kapital in eine Familienstiftung [&hellip;]<\/p>\n","protected":false},"author":1,"featured_media":0,"parent":0,"menu_order":0,"comment_status":"closed","ping_status":"closed","template":"","meta":{"_et_pb_use_builder":"on","_et_pb_old_content":"","_et_gb_content_width":"","footnotes":""},"class_list":["post-71381","page","type-page","status-publish","hentry"],"_links":{"self":[{"href":"https:\/\/clearwaterconsult.com\/de\/wp-json\/wp\/v2\/pages\/71381","targetHints":{"allow":["GET"]}}],"collection":[{"href":"https:\/\/clearwaterconsult.com\/de\/wp-json\/wp\/v2\/pages"}],"about":[{"href":"https:\/\/clearwaterconsult.com\/de\/wp-json\/wp\/v2\/types\/page"}],"author":[{"embeddable":true,"href":"https:\/\/clearwaterconsult.com\/de\/wp-json\/wp\/v2\/users\/1"}],"replies":[{"embeddable":true,"href":"https:\/\/clearwaterconsult.com\/de\/wp-json\/wp\/v2\/comments?post=71381"}],"version-history":[{"count":9,"href":"https:\/\/clearwaterconsult.com\/de\/wp-json\/wp\/v2\/pages\/71381\/revisions"}],"predecessor-version":[{"id":71522,"href":"https:\/\/clearwaterconsult.com\/de\/wp-json\/wp\/v2\/pages\/71381\/revisions\/71522"}],"wp:attachment":[{"href":"https:\/\/clearwaterconsult.com\/de\/wp-json\/wp\/v2\/media?parent=71381"}],"curies":[{"name":"wp","href":"https:\/\/api.w.org\/{rel}","templated":true}]}}